{"id":164,"date":"2024-02-27T16:05:17","date_gmt":"2024-02-27T15:05:17","guid":{"rendered":"https:\/\/nyforetagarcentrum.se\/ekero\/?page_id=164"},"modified":"2025-06-30T09:31:36","modified_gmt":"2025-06-30T07:31:36","slug":"var-styrelse","status":"publish","type":"page","link":"https:\/\/nyforetagarcentrum.se\/ekero\/var-styrelse\/","title":{"rendered":"V\u00e5r styrelse"},"content":{"rendered":"<section  class=\"nfc-block-hero alignfull\">\n\n    <img loading=\"lazy\" decoding=\"async\" width=\"1670\" height=\"1080\" src=\"https:\/\/nyforetagarcentrum.se\/ekero\/wp-content\/uploads\/sites\/49\/2024\/02\/Nyforetagare-kultur-LOW-e1762353963915-1670x1080.jpg\" class=\"attachment-landscape size-landscape\" alt=\"Tv\u00e5 m\u00e4n och tre kvinnor st\u00e5r uppst\u00e4llda framf\u00f6r en soffa.\" srcset=\"https:\/\/nyforetagarcentrum.se\/ekero\/wp-content\/uploads\/sites\/49\/2024\/02\/Nyforetagare-kultur-LOW-e1762353963915-1670x1080.jpg 1670w, https:\/\/nyforetagarcentrum.se\/ekero\/wp-content\/uploads\/sites\/49\/2024\/02\/Nyforetagare-kultur-LOW-e1762353963915-300x194.jpg 300w, https:\/\/nyforetagarcentrum.se\/ekero\/wp-content\/uploads\/sites\/49\/2024\/02\/Nyforetagare-kultur-LOW-e1762353963915-1024x662.jpg 1024w, https:\/\/nyforetagarcentrum.se\/ekero\/wp-content\/uploads\/sites\/49\/2024\/02\/Nyforetagare-kultur-LOW-e1762353963915-768x497.jpg 768w, https:\/\/nyforetagarcentrum.se\/ekero\/wp-content\/uploads\/sites\/49\/2024\/02\/Nyforetagare-kultur-LOW-e1762353963915-1536x993.jpg 1536w, https:\/\/nyforetagarcentrum.se\/ekero\/wp-content\/uploads\/sites\/49\/2024\/02\/Nyforetagare-kultur-LOW-e1762353963915-2048x1324.jpg 2048w\" sizes=\"(max-width: 1670px) 100vw, 1670px\" \/>\n    <div class=\"contained\">\n        <h1 class=\"nfc-block-hero__heading\">V\u00e5r styrelse<\/h1>\n\n            <\/div>\n<\/section>\n\n\n<p><strong>Ordf\u00f6rande<\/strong> Merete Palmberg<br>Eker\u00f6 kommun<br>E-post:&nbsp;<a href=\"mailto:merete.palmberg@ekero.se\">merete.palmberg@ekero.se<\/a><br><\/p>\n\n\n\n<p><strong>Vice ordf\u00f6rande<\/strong> Thomas Wedholm<br>Handelsbanken<br>E-post: <a href=\"mailto:thomas.wedholm@handelsbanken.se\">thomas.wedholm@handelsbanken.se<\/a><br><\/p>\n\n\n\n<p><strong>Verksamhetsledare och r\u00e5dgivare<\/strong> Lena S\u00f6derberg<br>Almlunda Fastigheter AB<br>E-post:&nbsp;<a href=\"mailto:ekero@nyforetagarcentum.se\">ekero@nyforetagarcentum.se<\/a><br><\/p>\n\n\n\n<p><strong>Styrelseledamot<\/strong> Jeccika Eriksson<br>Eker\u00f6 kommun<br>e-post: <a href=\"mailto:jeccika.eriksson@ekero.se\">jeccika.eriksson@ekero.se<\/a> <br><\/p>\n\n\n\n<p><strong>Styrelseledamot <\/strong>Kent S\u00f6derberg<br>Almlunda Fastigheter AB (VD)<br>E-post:&nbsp;<a href=\"mailto:kent.soderberg@almlunda.com\">kent.soderberg@almlunda.com<\/a><br><\/p>\n\n\n\n<p><strong>Styrelseledamot<\/strong> Diana Larsson <br>Eker\u00f6 Redovisningsbyr\u00e5 AB (VD\/Auktoriserad redovisningskonsult)<br>E-post:&nbsp;<a href=\"mailto:diana.larsson@erb.se\">diana.larsson@erb.se<\/a><\/p>\n\n\n\n<p><\/p>\n","protected":false},"excerpt":{"rendered":"<p>Ordf\u00f6rande Merete PalmbergEker\u00f6 kommunE-post:&nbsp;merete.palmberg@ekero.se Vice ordf\u00f6rande Thomas WedholmHandelsbankenE-post: thomas.wedholm@handelsbanken.se Verksamhetsledare och r\u00e5dgivare Lena S\u00f6derbergAlmlunda Fastigheter ABE-post:&nbsp;ekero@nyforetagarcentum.se Styrelseledamot Jeccika ErikssonEker\u00f6 kommune-post: jeccika.eriksson@ekero.se Styrelseledamot Kent S\u00f6derbergAlmlunda Fastigheter AB (VD)E-post:&nbsp;kent.soderberg@almlunda.com Styrelseledamot Diana Larsson Eker\u00f6 Redovisningsbyr\u00e5 AB (VD\/Auktoriserad redovisningskonsult)E-post:&nbsp;diana.larsson@erb.se<\/p>\n","protected":false},"author":1,"featured_media":0,"parent":0,"menu_order":0,"comment_status":"closed","ping_status":"closed","template":"","meta":{"footnotes":""},"acf":[],"yoast_head":"<!-- This site is optimized with the Yoast SEO plugin v22.9 - https:\/\/yoast.com\/wordpress\/plugins\/seo\/ -->\n<title>V\u00e5r styrelse - Eker\u00f6<\/title>\n<meta name=\"robots\" content=\"index, follow, max-snippet:-1, max-image-preview:large, max-video-preview:-1\" \/>\n<link rel=\"canonical\" href=\"https:\/\/nyforetagarcentrum.se\/ekero\/var-styrelse\/\" \/>\n<meta property=\"og:locale\" content=\"sv_SE\" \/>\n<meta property=\"og:type\" content=\"article\" \/>\n<meta property=\"og:title\" content=\"V\u00e5r styrelse - Eker\u00f6\" \/>\n<meta property=\"og:description\" content=\"Ordf\u00f6rande Merete PalmbergEker\u00f6 kommunE-post:&nbsp;merete.palmberg@ekero.se Vice ordf\u00f6rande Thomas WedholmHandelsbankenE-post: thomas.wedholm@handelsbanken.se Verksamhetsledare och r\u00e5dgivare Lena S\u00f6derbergAlmlunda Fastigheter ABE-post:&nbsp;ekero@nyforetagarcentum.se Styrelseledamot Jeccika ErikssonEker\u00f6 kommune-post: jeccika.eriksson@ekero.se Styrelseledamot Kent S\u00f6derbergAlmlunda Fastigheter AB (VD)E-post:&nbsp;kent.soderberg@almlunda.com Styrelseledamot Diana Larsson Eker\u00f6 Redovisningsbyr\u00e5 AB (VD\/Auktoriserad redovisningskonsult)E-post:&nbsp;diana.larsson@erb.se\" \/>\n<meta property=\"og:url\" content=\"https:\/\/nyforetagarcentrum.se\/ekero\/var-styrelse\/\" \/>\n<meta property=\"og:site_name\" content=\"Eker\u00f6\" \/>\n<meta property=\"article:modified_time\" content=\"2025-06-30T07:31:36+00:00\" \/>\n<meta name=\"twitter:card\" content=\"summary_large_image\" \/>\n<meta name=\"twitter:label1\" content=\"Ber\u00e4knad l\u00e4stid\" \/>\n\t<meta name=\"twitter:data1\" content=\"1 minut\" \/>\n<script type=\"application\/ld+json\" class=\"yoast-schema-graph\">{\"@context\":\"https:\/\/schema.org\",\"@graph\":[{\"@type\":\"WebPage\",\"@id\":\"https:\/\/nyforetagarcentrum.se\/ekero\/var-styrelse\/\",\"url\":\"https:\/\/nyforetagarcentrum.se\/ekero\/var-styrelse\/\",\"name\":\"V\u00e5r styrelse - Eker\u00f6\",\"isPartOf\":{\"@id\":\"https:\/\/nyforetagarcentrum.se\/ekero\/#website\"},\"datePublished\":\"2024-02-27T15:05:17+00:00\",\"dateModified\":\"2025-06-30T07:31:36+00:00\",\"breadcrumb\":{\"@id\":\"https:\/\/nyforetagarcentrum.se\/ekero\/var-styrelse\/#breadcrumb\"},\"inLanguage\":\"sv-SE\",\"potentialAction\":[{\"@type\":\"ReadAction\",\"target\":[\"https:\/\/nyforetagarcentrum.se\/ekero\/var-styrelse\/\"]}]},{\"@type\":\"BreadcrumbList\",\"@id\":\"https:\/\/nyforetagarcentrum.se\/ekero\/var-styrelse\/#breadcrumb\",\"itemListElement\":[{\"@type\":\"ListItem\",\"position\":1,\"name\":\"Hem\",\"item\":\"https:\/\/nyforetagarcentrum.se\/ekero\/\"},{\"@type\":\"ListItem\",\"position\":2,\"name\":\"V\u00e5r styrelse\"}]},{\"@type\":\"WebSite\",\"@id\":\"https:\/\/nyforetagarcentrum.se\/ekero\/#website\",\"url\":\"https:\/\/nyforetagarcentrum.se\/ekero\/\",\"name\":\"Eker\u00f6\",\"description\":\"Sveriges ledande kraft f\u00f6r fler nya livskraftiga f\u00f6retag\",\"publisher\":{\"@id\":\"https:\/\/nyforetagarcentrum.se\/ekero\/#organization\"},\"potentialAction\":[{\"@type\":\"SearchAction\",\"target\":{\"@type\":\"EntryPoint\",\"urlTemplate\":\"https:\/\/nyforetagarcentrum.se\/ekero\/?s={search_term_string}\"},\"query-input\":\"required name=search_term_string\"}],\"inLanguage\":\"sv-SE\"},{\"@type\":\"Organization\",\"@id\":\"https:\/\/nyforetagarcentrum.se\/ekero\/#organization\",\"name\":\"Eker\u00f6\",\"url\":\"https:\/\/nyforetagarcentrum.se\/ekero\/\",\"logo\":{\"@type\":\"ImageObject\",\"inLanguage\":\"sv-SE\",\"@id\":\"https:\/\/nyforetagarcentrum.se\/ekero\/#\/schema\/logo\/image\/\",\"url\":\"https:\/\/nyforetagarcentrum.se\/ekero\/wp-content\/uploads\/sites\/49\/2024\/04\/Ekero-1-e1716291479643.png\",\"contentUrl\":\"https:\/\/nyforetagarcentrum.se\/ekero\/wp-content\/uploads\/sites\/49\/2024\/04\/Ekero-1-e1716291479643.png\",\"width\":1021,\"height\":511,\"caption\":\"Eker\u00f6\"},\"image\":{\"@id\":\"https:\/\/nyforetagarcentrum.se\/ekero\/#\/schema\/logo\/image\/\"}}]}<\/script>\n<!-- \/ Yoast SEO plugin. -->","yoast_head_json":{"title":"V\u00e5r styrelse - Eker\u00f6","robots":{"index":"index","follow":"follow","max-snippet":"max-snippet:-1","max-image-preview":"max-image-preview:large","max-video-preview":"max-video-preview:-1"},"canonical":"https:\/\/nyforetagarcentrum.se\/ekero\/var-styrelse\/","og_locale":"sv_SE","og_type":"article","og_title":"V\u00e5r styrelse - Eker\u00f6","og_description":"Ordf\u00f6rande Merete PalmbergEker\u00f6 kommunE-post:&nbsp;merete.palmberg@ekero.se Vice ordf\u00f6rande Thomas WedholmHandelsbankenE-post: thomas.wedholm@handelsbanken.se Verksamhetsledare och r\u00e5dgivare Lena S\u00f6derbergAlmlunda Fastigheter ABE-post:&nbsp;ekero@nyforetagarcentum.se Styrelseledamot Jeccika ErikssonEker\u00f6 kommune-post: jeccika.eriksson@ekero.se Styrelseledamot Kent S\u00f6derbergAlmlunda Fastigheter AB (VD)E-post:&nbsp;kent.soderberg@almlunda.com Styrelseledamot Diana Larsson Eker\u00f6 Redovisningsbyr\u00e5 AB (VD\/Auktoriserad redovisningskonsult)E-post:&nbsp;diana.larsson@erb.se","og_url":"https:\/\/nyforetagarcentrum.se\/ekero\/var-styrelse\/","og_site_name":"Eker\u00f6","article_modified_time":"2025-06-30T07:31:36+00:00","twitter_card":"summary_large_image","twitter_misc":{"Ber\u00e4knad l\u00e4stid":"1 minut"},"schema":{"@context":"https:\/\/schema.org","@graph":[{"@type":"WebPage","@id":"https:\/\/nyforetagarcentrum.se\/ekero\/var-styrelse\/","url":"https:\/\/nyforetagarcentrum.se\/ekero\/var-styrelse\/","name":"V\u00e5r styrelse - Eker\u00f6","isPartOf":{"@id":"https:\/\/nyforetagarcentrum.se\/ekero\/#website"},"datePublished":"2024-02-27T15:05:17+00:00","dateModified":"2025-06-30T07:31:36+00:00","breadcrumb":{"@id":"https:\/\/nyforetagarcentrum.se\/ekero\/var-styrelse\/#breadcrumb"},"inLanguage":"sv-SE","potentialAction":[{"@type":"ReadAction","target":["https:\/\/nyforetagarcentrum.se\/ekero\/var-styrelse\/"]}]},{"@type":"BreadcrumbList","@id":"https:\/\/nyforetagarcentrum.se\/ekero\/var-styrelse\/#breadcrumb","itemListElement":[{"@type":"ListItem","position":1,"name":"Hem","item":"https:\/\/nyforetagarcentrum.se\/ekero\/"},{"@type":"ListItem","position":2,"name":"V\u00e5r styrelse"}]},{"@type":"WebSite","@id":"https:\/\/nyforetagarcentrum.se\/ekero\/#website","url":"https:\/\/nyforetagarcentrum.se\/ekero\/","name":"Eker\u00f6","description":"Sveriges ledande kraft f\u00f6r fler nya livskraftiga f\u00f6retag","publisher":{"@id":"https:\/\/nyforetagarcentrum.se\/ekero\/#organization"},"potentialAction":[{"@type":"SearchAction","target":{"@type":"EntryPoint","urlTemplate":"https:\/\/nyforetagarcentrum.se\/ekero\/?s={search_term_string}"},"query-input":"required name=search_term_string"}],"inLanguage":"sv-SE"},{"@type":"Organization","@id":"https:\/\/nyforetagarcentrum.se\/ekero\/#organization","name":"Eker\u00f6","url":"https:\/\/nyforetagarcentrum.se\/ekero\/","logo":{"@type":"ImageObject","inLanguage":"sv-SE","@id":"https:\/\/nyforetagarcentrum.se\/ekero\/#\/schema\/logo\/image\/","url":"https:\/\/nyforetagarcentrum.se\/ekero\/wp-content\/uploads\/sites\/49\/2024\/04\/Ekero-1-e1716291479643.png","contentUrl":"https:\/\/nyforetagarcentrum.se\/ekero\/wp-content\/uploads\/sites\/49\/2024\/04\/Ekero-1-e1716291479643.png","width":1021,"height":511,"caption":"Eker\u00f6"},"image":{"@id":"https:\/\/nyforetagarcentrum.se\/ekero\/#\/schema\/logo\/image\/"}}]}},"_links":{"self":[{"href":"https:\/\/nyforetagarcentrum.se\/ekero\/wp-json\/wp\/v2\/pages\/164"}],"collection":[{"href":"https:\/\/nyforetagarcentrum.se\/ekero\/wp-json\/wp\/v2\/pages"}],"about":[{"href":"https:\/\/nyforetagarcentrum.se\/ekero\/wp-json\/wp\/v2\/types\/page"}],"author":[{"embeddable":true,"href":"https:\/\/nyforetagarcentrum.se\/ekero\/wp-json\/wp\/v2\/users\/1"}],"replies":[{"embeddable":true,"href":"https:\/\/nyforetagarcentrum.se\/ekero\/wp-json\/wp\/v2\/comments?post=164"}],"version-history":[{"count":30,"href":"https:\/\/nyforetagarcentrum.se\/ekero\/wp-json\/wp\/v2\/pages\/164\/revisions"}],"predecessor-version":[{"id":562,"href":"https:\/\/nyforetagarcentrum.se\/ekero\/wp-json\/wp\/v2\/pages\/164\/revisions\/562"}],"wp:attachment":[{"href":"https:\/\/nyforetagarcentrum.se\/ekero\/wp-json\/wp\/v2\/media?parent=164"}],"curies":[{"name":"wp","href":"https:\/\/api.w.org\/{rel}","templated":true}]}}