{"id":48,"date":"2024-02-22T10:29:05","date_gmt":"2024-02-22T09:29:05","guid":{"rendered":"https:\/\/nyforetagarcentrum.se\/bromolla\/?page_id=48"},"modified":"2025-04-17T11:40:33","modified_gmt":"2025-04-17T09:40:33","slug":"erbjudanden","status":"publish","type":"page","link":"https:\/\/nyforetagarcentrum.se\/bromolla\/erbjudanden\/","title":{"rendered":"Erbjudanden"},"content":{"rendered":"<section  class=\"nfc-block-hero alignfull\">\n\n    <img loading=\"lazy\" decoding=\"async\" width=\"1512\" height=\"745\" src=\"https:\/\/nyforetagarcentrum.se\/bromolla\/wp-content\/uploads\/sites\/30\/2024\/02\/Topp-banner-2.png\" class=\"attachment-landscape size-landscape\" alt=\"\" srcset=\"https:\/\/nyforetagarcentrum.se\/bromolla\/wp-content\/uploads\/sites\/30\/2024\/02\/Topp-banner-2.png 1512w, https:\/\/nyforetagarcentrum.se\/bromolla\/wp-content\/uploads\/sites\/30\/2024\/02\/Topp-banner-2-300x148.png 300w, https:\/\/nyforetagarcentrum.se\/bromolla\/wp-content\/uploads\/sites\/30\/2024\/02\/Topp-banner-2-1024x505.png 1024w, https:\/\/nyforetagarcentrum.se\/bromolla\/wp-content\/uploads\/sites\/30\/2024\/02\/Topp-banner-2-768x378.png 768w\" sizes=\"(max-width: 1512px) 100vw, 1512px\" \/>\n    <div class=\"contained\">\n        <h1 class=\"nfc-block-hero__heading\">V\u00e5ra erbjudanden till dig som \u00e4r f\u00f6retagare<\/h1>\n\n            <\/div>\n<\/section>\n\n\n<div style=\"height:50px\" aria-hidden=\"true\" class=\"wp-block-spacer\"><\/div>\n\n\n<section  class=\"nfc-block-breadcrumbs\">\n    <div class=\"wrapper contained\">\n        <ol class=\"breadcrumbs\" itemscope itemtype=\"https:\/\/schema.org\/BreadcrumbList\">\n            <li itemprop=\"itemListElement\" itemscope itemtype=\"https:\/\/schema.org\/ListItem\">\n            \n\n                            <span class=\"current\" itemprop=\"name\">Hem<\/span>\n            \n            <meta itemprop=\"position\" content=\"1\" \/>\n        <\/li>\n    <\/ol>    <\/div>\n<\/section>\n\n\n<h2 class=\"wp-block-heading alignwide has-x-large-font-size\">Ta del av exklusiva erbjudanden<\/h2>\n\n\n<section  class=\"nfc-block-offer_grid alignwide layout-small\">\n    <div class=\"contained\">\n\n        <div class=\"filter-row\">\n            \n                            <button id=\"local-offers-button\">\n                    Lokala partners\n                <\/button>\n                <button id=\"national-offers-button\" class=\"outlined\">\n                    Nationella partners\n                <\/button>\n                    <\/div>\n\n        <div class=\"grid\" id=\"offers-grid\">\n            <div class=\"offer-card\">\n\n    <div class=\"gallery-wrapper\">\n                    <div class=\"selected-media\">\n                                    <img loading=\"lazy\" decoding=\"async\" width=\"683\" height=\"1024\" src=\"https:\/\/nyforetagarcentrum.se\/bromolla\/wp-content\/uploads\/sites\/30\/2024\/02\/074fbd4f185748329fcc0d3630a184b2-720x1080-1-683x1024.png\" class=\"attachment-large size-large\" alt=\"\" srcset=\"https:\/\/nyforetagarcentrum.se\/bromolla\/wp-content\/uploads\/sites\/30\/2024\/02\/074fbd4f185748329fcc0d3630a184b2-720x1080-1-683x1024.png 683w, https:\/\/nyforetagarcentrum.se\/bromolla\/wp-content\/uploads\/sites\/30\/2024\/02\/074fbd4f185748329fcc0d3630a184b2-720x1080-1-200x300.png 200w, https:\/\/nyforetagarcentrum.se\/bromolla\/wp-content\/uploads\/sites\/30\/2024\/02\/074fbd4f185748329fcc0d3630a184b2-720x1080-1.png 720w\" sizes=\"(max-width: 683px) 100vw, 683px\" \/>                            <\/div>\n        \n            <\/div>\n\n\n    <div class=\"content-wrapper\">\n        \n        <h3>Lokala erbjudanden<\/h3>\n\n        \n        <div class=\"content\">\n            <p>Vi har inga lokala erbjudanden utan h\u00e4nvisar till de erbjudanden som v\u00e5ra nationella partners erbjuder.<\/p>\n        <\/div>\n\n            <\/div>\n<\/div><div class=\"offer-card\">\n\n    <div class=\"gallery-wrapper\">\n                    <div class=\"selected-media\">\n                                    <img loading=\"lazy\" decoding=\"async\" width=\"1024\" height=\"682\" src=\"https:\/\/nyforetagarcentrum.se\/bromolla\/wp-content\/uploads\/sites\/30\/2024\/12\/SCP_0410_liten-1024x682.jpg\" class=\"attachment-large size-large\" alt=\"\" srcset=\"https:\/\/nyforetagarcentrum.se\/bromolla\/wp-content\/uploads\/sites\/30\/2024\/12\/SCP_0410_liten-1024x682.jpg 1024w, https:\/\/nyforetagarcentrum.se\/bromolla\/wp-content\/uploads\/sites\/30\/2024\/12\/SCP_0410_liten-300x200.jpg 300w, https:\/\/nyforetagarcentrum.se\/bromolla\/wp-content\/uploads\/sites\/30\/2024\/12\/SCP_0410_liten-768x512.jpg 768w, https:\/\/nyforetagarcentrum.se\/bromolla\/wp-content\/uploads\/sites\/30\/2024\/12\/SCP_0410_liten.jpg 1136w\" sizes=\"(max-width: 1024px) 100vw, 1024px\" \/>                            <\/div>\n        \n            <\/div>\n\n\n    <div class=\"content-wrapper\">\n        \n        <h3>Erbjudande till Nyf\u00f6retagare \u2013 Kommunicera professionellt fr\u00e5n start<\/h3>\n\n        \n        <div class=\"content\">\n            <p>Som nyf\u00f6retagare \u00e4r det viktigt att skapa ett starkt och professionellt f\u00f6rsta intryck. Vi p\u00e5 SAY Kommunikation &amp; Event vill hj\u00e4lpa dig att komma ig\u00e5ng med r\u00e4tt kommunikation, s\u00e5 att du kan fokusera p\u00e5 att bygga ditt f\u00f6retag.<\/p>\n<p>D\u00e4rf\u00f6r erbjuder vi ett skr\u00e4ddarsytt <strong>kommunikationspaket<\/strong> f\u00f6r dig som \u00e4r nyf\u00f6retagare under ditt f\u00f6rsta \u00e5r. Med detta paket f\u00e5r du allt du beh\u00f6ver f\u00f6r att skapa en sammanh\u00e5llen och professionell visuell identitet \u2013 till ett f\u00f6rm\u00e5nligt pris!<br \/>\n<strong>Vi erbjuder hela 44% rabatt p\u00e5 ordinarie pris.\u00a0<\/strong><\/p>\n<p><strong>Vad ing\u00e5r i v\u00e5rt kommunikationspaket?<\/strong><\/p>\n<ul>\n<li><strong>Grafisk profil &#8221;light&#8221;<\/strong> \u2013 en f\u00f6renklad version av en grafisk profil som inneh\u00e5ller de viktigaste elementen f\u00f6r att skapa en konsekvent visuell kommunikation.<\/li>\n<li><strong>Logotyp<\/strong> \u2013 design av en unik logotyp som representerar ditt varum\u00e4rke.<\/li>\n<li><strong>Enklare hemsida &#8221;visitkort&#8221;<\/strong> \u2013 en professionell, responsiv hemsida som fungerar som en digital presentation av ditt f\u00f6retag.<\/li>\n<li><strong>Bildbank med 20 bilder<\/strong> \u2013 h\u00f6gkvalitativa bilder f\u00f6r anv\u00e4ndning i din marknadsf\u00f6ring och kommunikation.<\/li>\n<\/ul>\n<p>Detta exklusiva erbjudande \u00e4r endast tillg\u00e4ngligt f\u00f6r nyf\u00f6retagare under det f\u00f6rsta \u00e5ret efter registrering. Passa p\u00e5 att investera i en professionell grund f\u00f6r ditt varum\u00e4rke och skapa ett starkt avtryck fr\u00e5n b\u00f6rjan.<\/p>\n<p><strong>Ta steget idag!<\/strong> Kontakta oss f\u00f6r att boka ditt kommunikationspaket och b\u00f6rja din resa som nyf\u00f6retagare med en stark visuell identitet.<\/p>\n<p>Du n\u00e5r oss p\u00e5\u00a0<a href=\"mailto:hey@saykommunikation.se\">hey@saykommunikation.se<\/a><\/p>\n        <\/div>\n\n            <\/div>\n<\/div>        <\/div>\n    <\/div>\n<\/section>\n\n\n<div style=\"height:80px\" aria-hidden=\"true\" class=\"wp-block-spacer\"><\/div>\n","protected":false},"excerpt":{"rendered":"<p>Ta del av exklusiva erbjudanden<\/p>\n","protected":false},"author":1,"featured_media":0,"parent":0,"menu_order":0,"comment_status":"closed","ping_status":"closed","template":"","meta":{"footnotes":""},"acf":[],"yoast_head":"<!-- This site is optimized with the Yoast SEO plugin v22.9 - https:\/\/yoast.com\/wordpress\/plugins\/seo\/ -->\n<title>Erbjudanden - Brom\u00f6lla<\/title>\n<meta name=\"robots\" content=\"index, follow, max-snippet:-1, max-image-preview:large, max-video-preview:-1\" \/>\n<link rel=\"canonical\" href=\"https:\/\/nyforetagarcentrum.se\/bromolla\/erbjudanden\/\" \/>\n<meta property=\"og:locale\" content=\"sv_SE\" \/>\n<meta property=\"og:type\" content=\"article\" \/>\n<meta property=\"og:title\" content=\"Erbjudanden - Brom\u00f6lla\" \/>\n<meta property=\"og:description\" content=\"Ta del av exklusiva erbjudanden\" \/>\n<meta property=\"og:url\" content=\"https:\/\/nyforetagarcentrum.se\/bromolla\/erbjudanden\/\" \/>\n<meta property=\"og:site_name\" content=\"Brom\u00f6lla\" \/>\n<meta property=\"article:modified_time\" content=\"2025-04-17T09:40:33+00:00\" \/>\n<meta name=\"twitter:card\" content=\"summary_large_image\" \/>\n<meta name=\"twitter:label1\" content=\"Ber\u00e4knad l\u00e4stid\" \/>\n\t<meta name=\"twitter:data1\" content=\"1 minut\" \/>\n<script type=\"application\/ld+json\" class=\"yoast-schema-graph\">{\"@context\":\"https:\/\/schema.org\",\"@graph\":[{\"@type\":\"WebPage\",\"@id\":\"https:\/\/nyforetagarcentrum.se\/bromolla\/erbjudanden\/\",\"url\":\"https:\/\/nyforetagarcentrum.se\/bromolla\/erbjudanden\/\",\"name\":\"Erbjudanden - Brom\u00f6lla\",\"isPartOf\":{\"@id\":\"https:\/\/nyforetagarcentrum.se\/bromolla\/#website\"},\"datePublished\":\"2024-02-22T09:29:05+00:00\",\"dateModified\":\"2025-04-17T09:40:33+00:00\",\"breadcrumb\":{\"@id\":\"https:\/\/nyforetagarcentrum.se\/bromolla\/erbjudanden\/#breadcrumb\"},\"inLanguage\":\"sv-SE\",\"potentialAction\":[{\"@type\":\"ReadAction\",\"target\":[\"https:\/\/nyforetagarcentrum.se\/bromolla\/erbjudanden\/\"]}]},{\"@type\":\"BreadcrumbList\",\"@id\":\"https:\/\/nyforetagarcentrum.se\/bromolla\/erbjudanden\/#breadcrumb\",\"itemListElement\":[{\"@type\":\"ListItem\",\"position\":1,\"name\":\"Hem\",\"item\":\"https:\/\/nyforetagarcentrum.se\/bromolla\/\"},{\"@type\":\"ListItem\",\"position\":2,\"name\":\"Erbjudanden\"}]},{\"@type\":\"WebSite\",\"@id\":\"https:\/\/nyforetagarcentrum.se\/bromolla\/#website\",\"url\":\"https:\/\/nyforetagarcentrum.se\/bromolla\/\",\"name\":\"Brom\u00f6lla\",\"description\":\"Sveriges ledande kraft f\u00f6r fler nya livskraftiga f\u00f6retag\",\"publisher\":{\"@id\":\"https:\/\/nyforetagarcentrum.se\/bromolla\/#organization\"},\"potentialAction\":[{\"@type\":\"SearchAction\",\"target\":{\"@type\":\"EntryPoint\",\"urlTemplate\":\"https:\/\/nyforetagarcentrum.se\/bromolla\/?s={search_term_string}\"},\"query-input\":\"required name=search_term_string\"}],\"inLanguage\":\"sv-SE\"},{\"@type\":\"Organization\",\"@id\":\"https:\/\/nyforetagarcentrum.se\/bromolla\/#organization\",\"name\":\"Brom\u00f6lla\",\"url\":\"https:\/\/nyforetagarcentrum.se\/bromolla\/\",\"logo\":{\"@type\":\"ImageObject\",\"inLanguage\":\"sv-SE\",\"@id\":\"https:\/\/nyforetagarcentrum.se\/bromolla\/#\/schema\/logo\/image\/\",\"url\":\"https:\/\/nyforetagarcentrum.se\/bromolla\/wp-content\/uploads\/sites\/30\/2024\/07\/bromolla_bla.png\",\"contentUrl\":\"https:\/\/nyforetagarcentrum.se\/bromolla\/wp-content\/uploads\/sites\/30\/2024\/07\/bromolla_bla.png\",\"width\":870,\"height\":355,\"caption\":\"Brom\u00f6lla\"},\"image\":{\"@id\":\"https:\/\/nyforetagarcentrum.se\/bromolla\/#\/schema\/logo\/image\/\"}}]}<\/script>\n<!-- \/ Yoast SEO plugin. -->","yoast_head_json":{"title":"Erbjudanden - Brom\u00f6lla","robots":{"index":"index","follow":"follow","max-snippet":"max-snippet:-1","max-image-preview":"max-image-preview:large","max-video-preview":"max-video-preview:-1"},"canonical":"https:\/\/nyforetagarcentrum.se\/bromolla\/erbjudanden\/","og_locale":"sv_SE","og_type":"article","og_title":"Erbjudanden - Brom\u00f6lla","og_description":"Ta del av exklusiva erbjudanden","og_url":"https:\/\/nyforetagarcentrum.se\/bromolla\/erbjudanden\/","og_site_name":"Brom\u00f6lla","article_modified_time":"2025-04-17T09:40:33+00:00","twitter_card":"summary_large_image","twitter_misc":{"Ber\u00e4knad l\u00e4stid":"1 minut"},"schema":{"@context":"https:\/\/schema.org","@graph":[{"@type":"WebPage","@id":"https:\/\/nyforetagarcentrum.se\/bromolla\/erbjudanden\/","url":"https:\/\/nyforetagarcentrum.se\/bromolla\/erbjudanden\/","name":"Erbjudanden - Brom\u00f6lla","isPartOf":{"@id":"https:\/\/nyforetagarcentrum.se\/bromolla\/#website"},"datePublished":"2024-02-22T09:29:05+00:00","dateModified":"2025-04-17T09:40:33+00:00","breadcrumb":{"@id":"https:\/\/nyforetagarcentrum.se\/bromolla\/erbjudanden\/#breadcrumb"},"inLanguage":"sv-SE","potentialAction":[{"@type":"ReadAction","target":["https:\/\/nyforetagarcentrum.se\/bromolla\/erbjudanden\/"]}]},{"@type":"BreadcrumbList","@id":"https:\/\/nyforetagarcentrum.se\/bromolla\/erbjudanden\/#breadcrumb","itemListElement":[{"@type":"ListItem","position":1,"name":"Hem","item":"https:\/\/nyforetagarcentrum.se\/bromolla\/"},{"@type":"ListItem","position":2,"name":"Erbjudanden"}]},{"@type":"WebSite","@id":"https:\/\/nyforetagarcentrum.se\/bromolla\/#website","url":"https:\/\/nyforetagarcentrum.se\/bromolla\/","name":"Brom\u00f6lla","description":"Sveriges ledande kraft f\u00f6r fler nya livskraftiga f\u00f6retag","publisher":{"@id":"https:\/\/nyforetagarcentrum.se\/bromolla\/#organization"},"potentialAction":[{"@type":"SearchAction","target":{"@type":"EntryPoint","urlTemplate":"https:\/\/nyforetagarcentrum.se\/bromolla\/?s={search_term_string}"},"query-input":"required name=search_term_string"}],"inLanguage":"sv-SE"},{"@type":"Organization","@id":"https:\/\/nyforetagarcentrum.se\/bromolla\/#organization","name":"Brom\u00f6lla","url":"https:\/\/nyforetagarcentrum.se\/bromolla\/","logo":{"@type":"ImageObject","inLanguage":"sv-SE","@id":"https:\/\/nyforetagarcentrum.se\/bromolla\/#\/schema\/logo\/image\/","url":"https:\/\/nyforetagarcentrum.se\/bromolla\/wp-content\/uploads\/sites\/30\/2024\/07\/bromolla_bla.png","contentUrl":"https:\/\/nyforetagarcentrum.se\/bromolla\/wp-content\/uploads\/sites\/30\/2024\/07\/bromolla_bla.png","width":870,"height":355,"caption":"Brom\u00f6lla"},"image":{"@id":"https:\/\/nyforetagarcentrum.se\/bromolla\/#\/schema\/logo\/image\/"}}]}},"_links":{"self":[{"href":"https:\/\/nyforetagarcentrum.se\/bromolla\/wp-json\/wp\/v2\/pages\/48"}],"collection":[{"href":"https:\/\/nyforetagarcentrum.se\/bromolla\/wp-json\/wp\/v2\/pages"}],"about":[{"href":"https:\/\/nyforetagarcentrum.se\/bromolla\/wp-json\/wp\/v2\/types\/page"}],"author":[{"embeddable":true,"href":"https:\/\/nyforetagarcentrum.se\/bromolla\/wp-json\/wp\/v2\/users\/1"}],"replies":[{"embeddable":true,"href":"https:\/\/nyforetagarcentrum.se\/bromolla\/wp-json\/wp\/v2\/comments?post=48"}],"version-history":[{"count":10,"href":"https:\/\/nyforetagarcentrum.se\/bromolla\/wp-json\/wp\/v2\/pages\/48\/revisions"}],"predecessor-version":[{"id":787,"href":"https:\/\/nyforetagarcentrum.se\/bromolla\/wp-json\/wp\/v2\/pages\/48\/revisions\/787"}],"wp:attachment":[{"href":"https:\/\/nyforetagarcentrum.se\/bromolla\/wp-json\/wp\/v2\/media?parent=48"}],"curies":[{"name":"wp","href":"https:\/\/api.w.org\/{rel}","templated":true}]}}