{"id":161,"date":"2024-02-27T16:04:37","date_gmt":"2024-02-27T15:04:37","guid":{"rendered":"https:\/\/nyforetagarcentrum.se\/bromolla\/?page_id=161"},"modified":"2025-02-18T09:51:50","modified_gmt":"2025-02-18T08:51:50","slug":"om-oss","status":"publish","type":"page","link":"https:\/\/nyforetagarcentrum.se\/bromolla\/om-oss\/","title":{"rendered":"Om oss"},"content":{"rendered":"<section  class=\"nfc-block-hero alignfull\">\n\n    <img loading=\"lazy\" decoding=\"async\" width=\"714\" height=\"622\" src=\"https:\/\/nyforetagarcentrum.se\/bromolla\/wp-content\/uploads\/sites\/30\/2024\/02\/ySLeov8m_8.png\" class=\"attachment-landscape size-landscape\" alt=\"\" srcset=\"https:\/\/nyforetagarcentrum.se\/bromolla\/wp-content\/uploads\/sites\/30\/2024\/02\/ySLeov8m_8.png 714w, https:\/\/nyforetagarcentrum.se\/bromolla\/wp-content\/uploads\/sites\/30\/2024\/02\/ySLeov8m_8-300x261.png 300w\" sizes=\"(max-width: 714px) 100vw, 714px\" \/>\n    <div class=\"contained\">\n        <h1 class=\"nfc-block-hero__heading\">Om oss<\/h1>\n\n            <\/div>\n<\/section>\n\n\n<div style=\"height:50px\" aria-hidden=\"true\" class=\"wp-block-spacer\"><\/div>\n\n\n<section  class=\"nfc-block-breadcrumbs\">\n    <div class=\"wrapper contained\">\n        <ol class=\"breadcrumbs\" itemscope itemtype=\"https:\/\/schema.org\/BreadcrumbList\">\n            <li itemprop=\"itemListElement\" itemscope itemtype=\"https:\/\/schema.org\/ListItem\">\n            \n\n                            <span class=\"current\" itemprop=\"name\">Hem<\/span>\n            \n            <meta itemprop=\"position\" content=\"1\" \/>\n        <\/li>\n    <\/ol>    <\/div>\n<\/section>\n\n\n<div style=\"height:51px\" aria-hidden=\"true\" class=\"wp-block-spacer\"><\/div>\n\n\n<section  class=\"nfc-block-split_screen alignwide image_alignment-left\">\n    <div class=\"wrapper\">\n        <div class=\"nfc-block-split_screen__image-wrapper\">\n            <img loading=\"lazy\" decoding=\"async\" width=\"1469\" height=\"981\" src=\"https:\/\/nyforetagarcentrum.se\/bromolla\/wp-content\/uploads\/sites\/30\/2024\/02\/4083b98ac6a43f162142a286decbc08f.png\" class=\"attachment-landscape size-landscape\" alt=\"\" srcset=\"https:\/\/nyforetagarcentrum.se\/bromolla\/wp-content\/uploads\/sites\/30\/2024\/02\/4083b98ac6a43f162142a286decbc08f.png 1469w, https:\/\/nyforetagarcentrum.se\/bromolla\/wp-content\/uploads\/sites\/30\/2024\/02\/4083b98ac6a43f162142a286decbc08f-300x200.png 300w, https:\/\/nyforetagarcentrum.se\/bromolla\/wp-content\/uploads\/sites\/30\/2024\/02\/4083b98ac6a43f162142a286decbc08f-1024x684.png 1024w, https:\/\/nyforetagarcentrum.se\/bromolla\/wp-content\/uploads\/sites\/30\/2024\/02\/4083b98ac6a43f162142a286decbc08f-768x513.png 768w\" sizes=\"(max-width: 1469px) 100vw, 1469px\" \/>        <\/div>\n\n        <div class=\"nfc-block-split_screen__content-wrapper\">\n            <h2>V\u00e5r verksamhet<\/h2>\n<p>Nyf\u00f6retagarCentrum i Brom\u00f6lla har funnits sedan 1996 och verkar f\u00f6r att st\u00f6tta, r\u00e5da och inspirera blivande f\u00f6retagare runtom i kommunen. Hos oss f\u00e5r du som funderar p\u00e5 att starta eget f\u00f6retag, eller redan har startat, kostnadsfri r\u00e5dgivning. V\u00e5ra erfarna r\u00e5dgivare hj\u00e4lper dig med din aff\u00e4rsid\u00e9 och annat som r\u00f6r ditt f\u00f6retagande som exempelvis fr\u00e5gor om bolagsform, budget, marknadsf\u00f6ring och liknande.<\/p>\n<p>Vi hj\u00e4lper dig att bli redo och f\u00f6rberedd f\u00f6r livet som egenf\u00f6retagare. Det du beh\u00f6ver \u00e4r en aff\u00e4rsid\u00e9 som du tror p\u00e5 och ett stort engagemang f\u00f6r din id\u00e9.<\/p>\n<p>Vi arbetar n\u00e4ra v\u00e5ra partners och under 2023 hade vi s\u00e5 m\u00e5nga som 27 partners som st\u00f6djer v\u00e5r verksamhet. Det visar p\u00e5 att f\u00f6retagarna i Brom\u00f6lla tror p\u00e5 Nyf\u00f6retagarCentrum och v\u00e4rderar v\u00e5rt arbete h\u00f6gt.<\/p>\n\n                            <div class=\"nfc-block-split_screen__buttons\">\n                                            <a href=\"vara-samarbetspartners\/\" class=\"button outlined\">V\u00e5ra samarbetspartners<\/a>\n                                    <\/div>\n            \n        <\/div>\n    <\/div>\n<\/section>\n\n\n<div style=\"height:50px\" aria-hidden=\"true\" class=\"wp-block-spacer\"><\/div>\n\n\n\n<div class=\"wp-block-group alignfull has-white-background-color has-background is-layout-constrained wp-block-group-is-layout-constrained\">\n<div style=\"height:51px\" aria-hidden=\"true\" class=\"wp-block-spacer\"><\/div>\n\n\n<section  class=\"nfc-block-quote contained alignfull\">\n    <div class=\"wrapper contained\">\n        <p class=\"quote h2\"><\/p>\n        <div class=\"author\">\n            <div class=\"avatar\">\n                <img loading=\"lazy\" decoding=\"async\" width=\"150\" height=\"150\" src=\"https:\/\/nyforetagarcentrum.se\/bromolla\/wp-content\/uploads\/sites\/30\/2024\/02\/cropped-NFC_CMYK_2010_logo-150x150.png\" class=\"attachment-thumbnail size-thumbnail\" alt=\"\" srcset=\"https:\/\/nyforetagarcentrum.se\/bromolla\/wp-content\/uploads\/sites\/30\/2024\/02\/cropped-NFC_CMYK_2010_logo-150x150.png 150w, https:\/\/nyforetagarcentrum.se\/bromolla\/wp-content\/uploads\/sites\/30\/2024\/02\/cropped-NFC_CMYK_2010_logo-300x300.png 300w, https:\/\/nyforetagarcentrum.se\/bromolla\/wp-content\/uploads\/sites\/30\/2024\/02\/cropped-NFC_CMYK_2010_logo.png 512w\" sizes=\"(max-width: 150px) 100vw, 150px\" \/>            <\/div>\n            <div class=\"text\">\n                <p class=\"name\">Nyf\u00f6retagarCentrum<\/p>\n                <p class=\"subtitle\">Brom\u00f6lla<\/p>\n            <\/div>\n        <\/div>\n    <\/div>\n<\/section>\n\n\n<div style=\"height:51px\" aria-hidden=\"true\" class=\"wp-block-spacer\"><\/div>\n\n\n\n<div class=\"wp-block-columns alignwide is-layout-flex wp-container-core-columns-is-layout-1 wp-block-columns-is-layout-flex\">\n<div class=\"wp-block-column is-layout-flow wp-block-column-is-layout-flow\">\n<p class=\"no-margin\" style=\"font-size:100px;font-style:normal;font-weight:700\">64%<\/p>\n\n\n\n<p class=\"has-text-color has-link-color wp-elements-bef91180f02343d6b70ec031b918f10f\" style=\"color:#4d4d4d\">Av de f\u00f6retag som startades 2023 var 64% kvinnliga f\u00f6retagare<\/p>\n<\/div>\n\n\n\n<div class=\"wp-block-column is-layout-flow wp-block-column-is-layout-flow\">\n<p class=\"no-margin\" style=\"font-size:100px;font-style:normal;font-weight:700\">54<\/p>\n\n\n\n<p class=\"has-text-color has-link-color wp-elements-afb178b9e80549b18fae3686c906b446\" style=\"color:#4d4d4d\">F\u00f6rra \u00e5ret hj\u00e4lpte vi 54 st nyf\u00f6retagare med personlig r\u00e5dgivning<\/p>\n<\/div>\n\n\n\n<div class=\"wp-block-column is-layout-flow wp-block-column-is-layout-flow\">\n<p class=\"no-margin\" style=\"font-size:100px;font-style:normal;font-weight:700\">450<\/p>\n\n\n\n<p class=\"has-text-color has-link-color wp-elements-9e4ea251e28900d91a82fe81692dfacf\" style=\"color:#4d4d4d\">F\u00f6retag har startats med Nyf\u00f6retagarCentrum Brom\u00f6llas hj\u00e4lp sedan v\u00e5r start 1996<\/p>\n<\/div>\n<\/div>\n\n\n\n<div style=\"height:51px\" aria-hidden=\"true\" class=\"wp-block-spacer\"><\/div>\n\n\n\n<div class=\"wp-block-buttons alignwide is-layout-flex wp-block-buttons-is-layout-flex\">\n<div class=\"wp-block-button is-style-outline\"><a class=\"wp-block-button__link wp-element-button\">V\u00e5ra resultat<\/a><\/div>\n<\/div>\n\n\n\n<div style=\"height:51px\" aria-hidden=\"true\" class=\"wp-block-spacer\"><\/div>\n<\/div>\n\n\n\n<div style=\"height:50px\" aria-hidden=\"true\" class=\"wp-block-spacer\"><\/div>\n\n\n\n<h2 class=\"wp-block-heading has-text-align-center\">\u00c4r ditt f\u00f6retag eller organisation intresserad av att st\u00f6da Nyf\u00f6retagarCentrum Brom\u00f6llas arbete?<\/h2>\n\n\n\n<div class=\"wp-block-group alignfull is-layout-constrained wp-block-group-is-layout-constrained\"><section  class=\"nfc-block-form aligncontent layout-small\">\n    <div class=\"contained\">\n\n        <form data-nfc-form=\"block_84f086999862d30ded06df3d68353f27\" data-nfc-page=\"161\">\n            <label class=\"input-wrapper\" for=\"namn\">\n    <span>Namn<\/span>\n    <input type=\"text\" name=\"namn\" id=\"namn\" placeholder=\"\" >\n<\/label><label class=\"input-wrapper\" for=\"foretag-eller-organisation\">\n    <span>F\u00f6retag eller organisation<\/span>\n    <input type=\"text\" name=\"foretag-eller-organisation\" id=\"foretag-eller-organisation\" placeholder=\"\" >\n<\/label><label class=\"input-wrapper\" for=\"e-post\">\n    <span>E-post<\/span>\n    <input type=\"text\" name=\"e-post\" id=\"e-post\" placeholder=\"\" >\n<\/label>\n            <div class=\"input-wrapper\">\n                <button type=\"submit\" class=\"button\">Skicka<\/button>\n            <\/div>\n        <\/form>\n    <\/div>\n<\/section><\/div>\n\n\n\n<div style=\"height:100px\" aria-hidden=\"true\" class=\"wp-block-spacer\"><\/div>\n","protected":false},"excerpt":{"rendered":"<p>64% Av de f\u00f6retag som startades 2023 var 64% kvinnliga f\u00f6retagare 54 F\u00f6rra \u00e5ret hj\u00e4lpte vi 54 st nyf\u00f6retagare med personlig r\u00e5dgivning 450 F\u00f6retag har startats med Nyf\u00f6retagarCentrum Brom\u00f6llas hj\u00e4lp sedan v\u00e5r start 1996 \u00c4r ditt f\u00f6retag eller organisation intresserad av att st\u00f6da Nyf\u00f6retagarCentrum Brom\u00f6llas arbete?<\/p>\n","protected":false},"author":1,"featured_media":0,"parent":0,"menu_order":0,"comment_status":"closed","ping_status":"closed","template":"","meta":{"footnotes":""},"acf":[],"yoast_head":"<!-- This site is optimized with the Yoast SEO plugin v22.9 - https:\/\/yoast.com\/wordpress\/plugins\/seo\/ -->\n<title>Om oss - Brom\u00f6lla<\/title>\n<meta name=\"robots\" content=\"index, follow, max-snippet:-1, max-image-preview:large, max-video-preview:-1\" \/>\n<link rel=\"canonical\" href=\"https:\/\/nyforetagarcentrum.se\/bromolla\/om-oss\/\" \/>\n<meta property=\"og:locale\" content=\"sv_SE\" \/>\n<meta property=\"og:type\" content=\"article\" \/>\n<meta property=\"og:title\" content=\"Om oss - Brom\u00f6lla\" \/>\n<meta property=\"og:description\" content=\"64% Av de f\u00f6retag som startades 2023 var 64% kvinnliga f\u00f6retagare 54 F\u00f6rra \u00e5ret hj\u00e4lpte vi 54 st nyf\u00f6retagare med personlig r\u00e5dgivning 450 F\u00f6retag har startats med Nyf\u00f6retagarCentrum Brom\u00f6llas hj\u00e4lp sedan v\u00e5r start 1996 \u00c4r ditt f\u00f6retag eller organisation intresserad av att st\u00f6da Nyf\u00f6retagarCentrum Brom\u00f6llas arbete?\" \/>\n<meta property=\"og:url\" content=\"https:\/\/nyforetagarcentrum.se\/bromolla\/om-oss\/\" \/>\n<meta property=\"og:site_name\" content=\"Brom\u00f6lla\" \/>\n<meta property=\"article:modified_time\" content=\"2025-02-18T08:51:50+00:00\" \/>\n<meta name=\"twitter:card\" content=\"summary_large_image\" \/>\n<meta name=\"twitter:label1\" content=\"Ber\u00e4knad l\u00e4stid\" \/>\n\t<meta name=\"twitter:data1\" content=\"1 minut\" \/>\n<script type=\"application\/ld+json\" class=\"yoast-schema-graph\">{\"@context\":\"https:\/\/schema.org\",\"@graph\":[{\"@type\":\"WebPage\",\"@id\":\"https:\/\/nyforetagarcentrum.se\/bromolla\/om-oss\/\",\"url\":\"https:\/\/nyforetagarcentrum.se\/bromolla\/om-oss\/\",\"name\":\"Om oss - Brom\u00f6lla\",\"isPartOf\":{\"@id\":\"https:\/\/nyforetagarcentrum.se\/bromolla\/#website\"},\"datePublished\":\"2024-02-27T15:04:37+00:00\",\"dateModified\":\"2025-02-18T08:51:50+00:00\",\"breadcrumb\":{\"@id\":\"https:\/\/nyforetagarcentrum.se\/bromolla\/om-oss\/#breadcrumb\"},\"inLanguage\":\"sv-SE\",\"potentialAction\":[{\"@type\":\"ReadAction\",\"target\":[\"https:\/\/nyforetagarcentrum.se\/bromolla\/om-oss\/\"]}]},{\"@type\":\"BreadcrumbList\",\"@id\":\"https:\/\/nyforetagarcentrum.se\/bromolla\/om-oss\/#breadcrumb\",\"itemListElement\":[{\"@type\":\"ListItem\",\"position\":1,\"name\":\"Hem\",\"item\":\"https:\/\/nyforetagarcentrum.se\/bromolla\/\"},{\"@type\":\"ListItem\",\"position\":2,\"name\":\"Om oss\"}]},{\"@type\":\"WebSite\",\"@id\":\"https:\/\/nyforetagarcentrum.se\/bromolla\/#website\",\"url\":\"https:\/\/nyforetagarcentrum.se\/bromolla\/\",\"name\":\"Brom\u00f6lla\",\"description\":\"Sveriges ledande kraft f\u00f6r fler nya livskraftiga f\u00f6retag\",\"publisher\":{\"@id\":\"https:\/\/nyforetagarcentrum.se\/bromolla\/#organization\"},\"potentialAction\":[{\"@type\":\"SearchAction\",\"target\":{\"@type\":\"EntryPoint\",\"urlTemplate\":\"https:\/\/nyforetagarcentrum.se\/bromolla\/?s={search_term_string}\"},\"query-input\":\"required name=search_term_string\"}],\"inLanguage\":\"sv-SE\"},{\"@type\":\"Organization\",\"@id\":\"https:\/\/nyforetagarcentrum.se\/bromolla\/#organization\",\"name\":\"Brom\u00f6lla\",\"url\":\"https:\/\/nyforetagarcentrum.se\/bromolla\/\",\"logo\":{\"@type\":\"ImageObject\",\"inLanguage\":\"sv-SE\",\"@id\":\"https:\/\/nyforetagarcentrum.se\/bromolla\/#\/schema\/logo\/image\/\",\"url\":\"https:\/\/nyforetagarcentrum.se\/bromolla\/wp-content\/uploads\/sites\/30\/2024\/04\/Bromolla.png\",\"contentUrl\":\"https:\/\/nyforetagarcentrum.se\/bromolla\/wp-content\/uploads\/sites\/30\/2024\/04\/Bromolla.png\",\"width\":1082,\"height\":542,\"caption\":\"Brom\u00f6lla\"},\"image\":{\"@id\":\"https:\/\/nyforetagarcentrum.se\/bromolla\/#\/schema\/logo\/image\/\"}}]}<\/script>\n<!-- \/ Yoast SEO plugin. -->","yoast_head_json":{"title":"Om oss - Brom\u00f6lla","robots":{"index":"index","follow":"follow","max-snippet":"max-snippet:-1","max-image-preview":"max-image-preview:large","max-video-preview":"max-video-preview:-1"},"canonical":"https:\/\/nyforetagarcentrum.se\/bromolla\/om-oss\/","og_locale":"sv_SE","og_type":"article","og_title":"Om oss - Brom\u00f6lla","og_description":"64% Av de f\u00f6retag som startades 2023 var 64% kvinnliga f\u00f6retagare 54 F\u00f6rra \u00e5ret hj\u00e4lpte vi 54 st nyf\u00f6retagare med personlig r\u00e5dgivning 450 F\u00f6retag har startats med Nyf\u00f6retagarCentrum Brom\u00f6llas hj\u00e4lp sedan v\u00e5r start 1996 \u00c4r ditt f\u00f6retag eller organisation intresserad av att st\u00f6da Nyf\u00f6retagarCentrum Brom\u00f6llas arbete?","og_url":"https:\/\/nyforetagarcentrum.se\/bromolla\/om-oss\/","og_site_name":"Brom\u00f6lla","article_modified_time":"2025-02-18T08:51:50+00:00","twitter_card":"summary_large_image","twitter_misc":{"Ber\u00e4knad l\u00e4stid":"1 minut"},"schema":{"@context":"https:\/\/schema.org","@graph":[{"@type":"WebPage","@id":"https:\/\/nyforetagarcentrum.se\/bromolla\/om-oss\/","url":"https:\/\/nyforetagarcentrum.se\/bromolla\/om-oss\/","name":"Om oss - Brom\u00f6lla","isPartOf":{"@id":"https:\/\/nyforetagarcentrum.se\/bromolla\/#website"},"datePublished":"2024-02-27T15:04:37+00:00","dateModified":"2025-02-18T08:51:50+00:00","breadcrumb":{"@id":"https:\/\/nyforetagarcentrum.se\/bromolla\/om-oss\/#breadcrumb"},"inLanguage":"sv-SE","potentialAction":[{"@type":"ReadAction","target":["https:\/\/nyforetagarcentrum.se\/bromolla\/om-oss\/"]}]},{"@type":"BreadcrumbList","@id":"https:\/\/nyforetagarcentrum.se\/bromolla\/om-oss\/#breadcrumb","itemListElement":[{"@type":"ListItem","position":1,"name":"Hem","item":"https:\/\/nyforetagarcentrum.se\/bromolla\/"},{"@type":"ListItem","position":2,"name":"Om oss"}]},{"@type":"WebSite","@id":"https:\/\/nyforetagarcentrum.se\/bromolla\/#website","url":"https:\/\/nyforetagarcentrum.se\/bromolla\/","name":"Brom\u00f6lla","description":"Sveriges ledande kraft f\u00f6r fler nya livskraftiga f\u00f6retag","publisher":{"@id":"https:\/\/nyforetagarcentrum.se\/bromolla\/#organization"},"potentialAction":[{"@type":"SearchAction","target":{"@type":"EntryPoint","urlTemplate":"https:\/\/nyforetagarcentrum.se\/bromolla\/?s={search_term_string}"},"query-input":"required name=search_term_string"}],"inLanguage":"sv-SE"},{"@type":"Organization","@id":"https:\/\/nyforetagarcentrum.se\/bromolla\/#organization","name":"Brom\u00f6lla","url":"https:\/\/nyforetagarcentrum.se\/bromolla\/","logo":{"@type":"ImageObject","inLanguage":"sv-SE","@id":"https:\/\/nyforetagarcentrum.se\/bromolla\/#\/schema\/logo\/image\/","url":"https:\/\/nyforetagarcentrum.se\/bromolla\/wp-content\/uploads\/sites\/30\/2024\/04\/Bromolla.png","contentUrl":"https:\/\/nyforetagarcentrum.se\/bromolla\/wp-content\/uploads\/sites\/30\/2024\/04\/Bromolla.png","width":1082,"height":542,"caption":"Brom\u00f6lla"},"image":{"@id":"https:\/\/nyforetagarcentrum.se\/bromolla\/#\/schema\/logo\/image\/"}}]}},"_links":{"self":[{"href":"https:\/\/nyforetagarcentrum.se\/bromolla\/wp-json\/wp\/v2\/pages\/161"}],"collection":[{"href":"https:\/\/nyforetagarcentrum.se\/bromolla\/wp-json\/wp\/v2\/pages"}],"about":[{"href":"https:\/\/nyforetagarcentrum.se\/bromolla\/wp-json\/wp\/v2\/types\/page"}],"author":[{"embeddable":true,"href":"https:\/\/nyforetagarcentrum.se\/bromolla\/wp-json\/wp\/v2\/users\/1"}],"replies":[{"embeddable":true,"href":"https:\/\/nyforetagarcentrum.se\/bromolla\/wp-json\/wp\/v2\/comments?post=161"}],"version-history":[{"count":17,"href":"https:\/\/nyforetagarcentrum.se\/bromolla\/wp-json\/wp\/v2\/pages\/161\/revisions"}],"predecessor-version":[{"id":774,"href":"https:\/\/nyforetagarcentrum.se\/bromolla\/wp-json\/wp\/v2\/pages\/161\/revisions\/774"}],"wp:attachment":[{"href":"https:\/\/nyforetagarcentrum.se\/bromolla\/wp-json\/wp\/v2\/media?parent=161"}],"curies":[{"name":"wp","href":"https:\/\/api.w.org\/{rel}","templated":true}]}}