{"id":627,"date":"2024-05-26T15:44:52","date_gmt":"2024-05-26T13:44:52","guid":{"rendered":"https:\/\/nyforetagarcentrum.se\/botkyrka\/?page_id=627"},"modified":"2026-03-03T13:23:33","modified_gmt":"2026-03-03T12:23:33","slug":"mentor-eget-foretag","status":"publish","type":"page","link":"https:\/\/nyforetagarcentrum.se\/botkyrka\/mentor\/mentor-eget-foretag\/","title":{"rendered":"Mentorprogram f\u00f6r nyf\u00f6retagare"},"content":{"rendered":"\n<figure class=\"wp-block-image size-large\"><img loading=\"lazy\" decoding=\"async\" width=\"1024\" height=\"335\" src=\"https:\/\/nyforetagarcentrum.se\/botkyrka\/wp-content\/uploads\/sites\/42\/2024\/05\/Mentor-Eget-Foretag-1024x335.png\" alt=\"\" class=\"wp-image-628\" srcset=\"https:\/\/nyforetagarcentrum.se\/botkyrka\/wp-content\/uploads\/sites\/42\/2024\/05\/Mentor-Eget-Foretag-1024x335.png 1024w, https:\/\/nyforetagarcentrum.se\/botkyrka\/wp-content\/uploads\/sites\/42\/2024\/05\/Mentor-Eget-Foretag-300x98.png 300w, https:\/\/nyforetagarcentrum.se\/botkyrka\/wp-content\/uploads\/sites\/42\/2024\/05\/Mentor-Eget-Foretag-768x251.png 768w, https:\/\/nyforetagarcentrum.se\/botkyrka\/wp-content\/uploads\/sites\/42\/2024\/05\/Mentor-Eget-Foretag-1536x502.png 1536w, https:\/\/nyforetagarcentrum.se\/botkyrka\/wp-content\/uploads\/sites\/42\/2024\/05\/Mentor-Eget-Foretag-1920x627.png 1920w, https:\/\/nyforetagarcentrum.se\/botkyrka\/wp-content\/uploads\/sites\/42\/2024\/05\/Mentor-Eget-Foretag.png 1995w\" sizes=\"(max-width: 1024px) 100vw, 1024px\" \/><\/figure>\n\n\n\n<div style=\"height:30px\" aria-hidden=\"true\" class=\"wp-block-spacer\"><\/div>\n\n\n\n<h2 class=\"wp-block-heading\">Nyf\u00f6retagarCentrums mentorprogram f\u00f6r nyf\u00f6retagare<\/h2>\n\n\n\n<p>T\u00e4nk dig lyckan att som nyf\u00f6retagare f\u00e5 en egen mentor under ett helt \u00e5r! En mentor som handplockats utifr\u00e5n just dina behov och som delar med sig av sina kunskaper och erfarenheter utan att det kostar dig en enda krona.<br>Vet du vad? Det \u00e4r faktiskt inte f\u00f6r bra f\u00f6r att vara sant! Vi kommer starta upp nya platser i programmet under h\u00f6sten och kanske har turen kommit just till dig.<\/p>\n\n\n\n<p>Vi deltar i det nationella programmet&nbsp;<strong>Mentor Eget F\u00f6retag<\/strong>, ett program som vi driver p\u00e5 uppdrag av v\u00e5r moderorganisation Nyf\u00f6retagarcentrum Sverige. Programmet inneb\u00e4r att en nyf\u00f6retagare kostnadsfritt kan f\u00e5 tillg\u00e5ng till en mentor, som bidrar med sina erfarenheter och sitt n\u00e4tverk p\u00e5 ideell basis under ett \u00e5r. P\u00e5 s\u00e5 s\u00e4tt f\u00e5r man en b\u00e4ttre f\u00f6retagsstart och m\u00f6jlighet till \u00f6kad l\u00f6nsamhet och framg\u00e5ng.<\/p>\n\n\n\n<p>Vi p\u00e5 Nyf\u00f6retagarCentrum Botkyrka Huddinge har ett begr\u00e4nsat antal platser varje \u00e5r. Alla som vill kan tyv\u00e4rr inte f\u00e5 en egen mentor, men vi g\u00f6r allt vad vi kan f\u00f6r alla som anm\u00e4ler sig. Ett krav f\u00f6r att f\u00e5 m\u00f6jligheten \u00e4r att du ska ha varit p\u00e5 r\u00e5dgivning hos oss, skrivit din aff\u00e4rsplan och kommit ig\u00e5ng med din verksamhet.<\/p>\n\n\n\n<p>Vill du:<\/p>\n\n\n\n<div class=\"wp-block-group is-layout-constrained wp-block-group-is-layout-constrained\">\n<ul>\n<li>f\u00e5 b\u00e4ttre \u00f6verblick \u00f6ver ditt f\u00f6retagande<\/li>\n\n\n\n<li>att ditt f\u00f6retag ska utvecklas stabilare och snabbare \u00e4n du klarar p\u00e5 egen hand<\/li>\n\n\n\n<li>hitta alternativa v\u00e4gar fram\u00e5t<\/li>\n\n\n\n<li>f\u00e5 tillg\u00e5ng till en erfaren persons kunskaper och n\u00e4tverk<\/li>\n\n\n\n<li>bygga ett n\u00e4tverk av m\u00e4nniskor i samma situation som du<\/li>\n\n\n\n<li>utmanas i din egen personliga utveckling som f\u00f6retagare<\/li>\n<\/ul>\n<\/div>\n\n\n\n<p>D\u00e5 kan v\u00e5rt mentorprogram vara n\u00e5got f\u00f6r dig! \u00c4r du beredd att arbeta med dessa fr\u00e5gor kan vi lova dig ett roligt och sp\u00e4nnande \u00e5r! Under \u00e5ret arrangeras ocks\u00e5 ett antal n\u00e4tverkstr\u00e4ffar som \u00e4r obligatoriska f\u00f6r dig som medverkande nyf\u00f6retagare.<\/p>\n\n\n\n<p><strong>\u00d6ka chanserna att lyckas med ditt f\u00f6retag genom ett kostnadsfritt mentorskap som l\u00f6per under ett \u00e5rs tid.&nbsp;<\/strong>Tveka inte att ta kontakt med Josefin, som ger dig mer detaljer kring programmet och hj\u00e4lper dig att ans\u00f6ka: <a href=\"mailto:josefin.hildinge@nyforetagarcentrum.se\">josefin.hildinge@nyforetagarcentrum.se<\/a><\/p>\n\n\n\n<p>Senast den 16 september 2026 vill vi ha din ans\u00f6kan inf\u00f6r h\u00f6stens program!<\/p>\n\n\n\n<div style=\"height:100px\" aria-hidden=\"true\" class=\"wp-block-spacer\"><\/div>\n","protected":false},"excerpt":{"rendered":"<p>Nyf\u00f6retagarCentrums mentorprogram f\u00f6r nyf\u00f6retagare T\u00e4nk dig lyckan att som nyf\u00f6retagare f\u00e5 en egen mentor under ett helt \u00e5r! En mentor som handplockats utifr\u00e5n just dina behov och som delar med sig av sina kunskaper och erfarenheter utan att det kostar dig en enda krona.Vet du vad? Det \u00e4r faktiskt inte f\u00f6r bra f\u00f6r att vara [&hellip;]<\/p>\n","protected":false},"author":13,"featured_media":0,"parent":128,"menu_order":0,"comment_status":"closed","ping_status":"closed","template":"","meta":{"footnotes":""},"acf":[],"yoast_head":"<!-- This site is optimized with the Yoast SEO plugin v22.9 - https:\/\/yoast.com\/wordpress\/plugins\/seo\/ -->\n<title>Mentorprogram f\u00f6r nyf\u00f6retagare - Botkyrka Huddinge<\/title>\n<meta name=\"robots\" content=\"index, follow, max-snippet:-1, max-image-preview:large, max-video-preview:-1\" \/>\n<link rel=\"canonical\" href=\"https:\/\/nyforetagarcentrum.se\/botkyrka\/mentor\/mentor-eget-foretag\/\" \/>\n<meta property=\"og:locale\" content=\"sv_SE\" \/>\n<meta property=\"og:type\" content=\"article\" \/>\n<meta property=\"og:title\" content=\"Mentorprogram f\u00f6r nyf\u00f6retagare - Botkyrka Huddinge\" \/>\n<meta property=\"og:description\" content=\"Nyf\u00f6retagarCentrums mentorprogram f\u00f6r nyf\u00f6retagare T\u00e4nk dig lyckan att som nyf\u00f6retagare f\u00e5 en egen mentor under ett helt \u00e5r! En mentor som handplockats utifr\u00e5n just dina behov och som delar med sig av sina kunskaper och erfarenheter utan att det kostar dig en enda krona.Vet du vad? Det \u00e4r faktiskt inte f\u00f6r bra f\u00f6r att vara [&hellip;]\" \/>\n<meta property=\"og:url\" content=\"https:\/\/nyforetagarcentrum.se\/botkyrka\/mentor\/mentor-eget-foretag\/\" \/>\n<meta property=\"og:site_name\" content=\"Botkyrka Huddinge\" \/>\n<meta property=\"article:modified_time\" content=\"2026-03-03T12:23:33+00:00\" \/>\n<meta property=\"og:image\" content=\"https:\/\/nyforetagarcentrum.se\/botkyrka\/wp-content\/uploads\/sites\/42\/2024\/05\/Mentor-Eget-Foretag-1024x335.png\" \/>\n<meta name=\"twitter:card\" content=\"summary_large_image\" \/>\n<meta name=\"twitter:label1\" content=\"Ber\u00e4knad l\u00e4stid\" \/>\n\t<meta name=\"twitter:data1\" content=\"2 minuter\" \/>\n<script type=\"application\/ld+json\" class=\"yoast-schema-graph\">{\"@context\":\"https:\/\/schema.org\",\"@graph\":[{\"@type\":\"WebPage\",\"@id\":\"https:\/\/nyforetagarcentrum.se\/botkyrka\/mentor\/mentor-eget-foretag\/\",\"url\":\"https:\/\/nyforetagarcentrum.se\/botkyrka\/mentor\/mentor-eget-foretag\/\",\"name\":\"Mentorprogram f\u00f6r nyf\u00f6retagare - Botkyrka Huddinge\",\"isPartOf\":{\"@id\":\"https:\/\/nyforetagarcentrum.se\/botkyrka\/#website\"},\"primaryImageOfPage\":{\"@id\":\"https:\/\/nyforetagarcentrum.se\/botkyrka\/mentor\/mentor-eget-foretag\/#primaryimage\"},\"image\":{\"@id\":\"https:\/\/nyforetagarcentrum.se\/botkyrka\/mentor\/mentor-eget-foretag\/#primaryimage\"},\"thumbnailUrl\":\"https:\/\/nyforetagarcentrum.se\/botkyrka\/wp-content\/uploads\/sites\/42\/2024\/05\/Mentor-Eget-Foretag-1024x335.png\",\"datePublished\":\"2024-05-26T13:44:52+00:00\",\"dateModified\":\"2026-03-03T12:23:33+00:00\",\"breadcrumb\":{\"@id\":\"https:\/\/nyforetagarcentrum.se\/botkyrka\/mentor\/mentor-eget-foretag\/#breadcrumb\"},\"inLanguage\":\"sv-SE\",\"potentialAction\":[{\"@type\":\"ReadAction\",\"target\":[\"https:\/\/nyforetagarcentrum.se\/botkyrka\/mentor\/mentor-eget-foretag\/\"]}]},{\"@type\":\"ImageObject\",\"inLanguage\":\"sv-SE\",\"@id\":\"https:\/\/nyforetagarcentrum.se\/botkyrka\/mentor\/mentor-eget-foretag\/#primaryimage\",\"url\":\"https:\/\/nyforetagarcentrum.se\/botkyrka\/wp-content\/uploads\/sites\/42\/2024\/05\/Mentor-Eget-Foretag.png\",\"contentUrl\":\"https:\/\/nyforetagarcentrum.se\/botkyrka\/wp-content\/uploads\/sites\/42\/2024\/05\/Mentor-Eget-Foretag.png\",\"width\":1995,\"height\":652},{\"@type\":\"BreadcrumbList\",\"@id\":\"https:\/\/nyforetagarcentrum.se\/botkyrka\/mentor\/mentor-eget-foretag\/#breadcrumb\",\"itemListElement\":[{\"@type\":\"ListItem\",\"position\":1,\"name\":\"Hem\",\"item\":\"https:\/\/nyforetagarcentrum.se\/botkyrka\/\"},{\"@type\":\"ListItem\",\"position\":2,\"name\":\"Mentor\",\"item\":\"https:\/\/nyforetagarcentrum.se\/botkyrka\/mentor\/\"},{\"@type\":\"ListItem\",\"position\":3,\"name\":\"Mentorprogram f\u00f6r nyf\u00f6retagare\"}]},{\"@type\":\"WebSite\",\"@id\":\"https:\/\/nyforetagarcentrum.se\/botkyrka\/#website\",\"url\":\"https:\/\/nyforetagarcentrum.se\/botkyrka\/\",\"name\":\"Botkyrka Huddinge\",\"description\":\"Sveriges ledande kraft f\u00f6r fler nya livskraftiga f\u00f6retag\",\"publisher\":{\"@id\":\"https:\/\/nyforetagarcentrum.se\/botkyrka\/#organization\"},\"potentialAction\":[{\"@type\":\"SearchAction\",\"target\":{\"@type\":\"EntryPoint\",\"urlTemplate\":\"https:\/\/nyforetagarcentrum.se\/botkyrka\/?s={search_term_string}\"},\"query-input\":\"required name=search_term_string\"}],\"inLanguage\":\"sv-SE\"},{\"@type\":\"Organization\",\"@id\":\"https:\/\/nyforetagarcentrum.se\/botkyrka\/#organization\",\"name\":\"Botkyrka Huddinge\",\"url\":\"https:\/\/nyforetagarcentrum.se\/botkyrka\/\",\"logo\":{\"@type\":\"ImageObject\",\"inLanguage\":\"sv-SE\",\"@id\":\"https:\/\/nyforetagarcentrum.se\/botkyrka\/#\/schema\/logo\/image\/\",\"url\":\"https:\/\/nyforetagarcentrum.se\/botkyrka\/wp-content\/uploads\/sites\/42\/2024\/04\/Botkyrka-huddinge-1.png\",\"contentUrl\":\"https:\/\/nyforetagarcentrum.se\/botkyrka\/wp-content\/uploads\/sites\/42\/2024\/04\/Botkyrka-huddinge-1.png\",\"width\":1082,\"height\":542,\"caption\":\"Botkyrka Huddinge\"},\"image\":{\"@id\":\"https:\/\/nyforetagarcentrum.se\/botkyrka\/#\/schema\/logo\/image\/\"}}]}<\/script>\n<!-- \/ Yoast SEO plugin. -->","yoast_head_json":{"title":"Mentorprogram f\u00f6r nyf\u00f6retagare - Botkyrka Huddinge","robots":{"index":"index","follow":"follow","max-snippet":"max-snippet:-1","max-image-preview":"max-image-preview:large","max-video-preview":"max-video-preview:-1"},"canonical":"https:\/\/nyforetagarcentrum.se\/botkyrka\/mentor\/mentor-eget-foretag\/","og_locale":"sv_SE","og_type":"article","og_title":"Mentorprogram f\u00f6r nyf\u00f6retagare - Botkyrka Huddinge","og_description":"Nyf\u00f6retagarCentrums mentorprogram f\u00f6r nyf\u00f6retagare T\u00e4nk dig lyckan att som nyf\u00f6retagare f\u00e5 en egen mentor under ett helt \u00e5r! En mentor som handplockats utifr\u00e5n just dina behov och som delar med sig av sina kunskaper och erfarenheter utan att det kostar dig en enda krona.Vet du vad? Det \u00e4r faktiskt inte f\u00f6r bra f\u00f6r att vara [&hellip;]","og_url":"https:\/\/nyforetagarcentrum.se\/botkyrka\/mentor\/mentor-eget-foretag\/","og_site_name":"Botkyrka Huddinge","article_modified_time":"2026-03-03T12:23:33+00:00","og_image":[{"url":"https:\/\/nyforetagarcentrum.se\/botkyrka\/wp-content\/uploads\/sites\/42\/2024\/05\/Mentor-Eget-Foretag-1024x335.png"}],"twitter_card":"summary_large_image","twitter_misc":{"Ber\u00e4knad l\u00e4stid":"2 minuter"},"schema":{"@context":"https:\/\/schema.org","@graph":[{"@type":"WebPage","@id":"https:\/\/nyforetagarcentrum.se\/botkyrka\/mentor\/mentor-eget-foretag\/","url":"https:\/\/nyforetagarcentrum.se\/botkyrka\/mentor\/mentor-eget-foretag\/","name":"Mentorprogram f\u00f6r nyf\u00f6retagare - Botkyrka Huddinge","isPartOf":{"@id":"https:\/\/nyforetagarcentrum.se\/botkyrka\/#website"},"primaryImageOfPage":{"@id":"https:\/\/nyforetagarcentrum.se\/botkyrka\/mentor\/mentor-eget-foretag\/#primaryimage"},"image":{"@id":"https:\/\/nyforetagarcentrum.se\/botkyrka\/mentor\/mentor-eget-foretag\/#primaryimage"},"thumbnailUrl":"https:\/\/nyforetagarcentrum.se\/botkyrka\/wp-content\/uploads\/sites\/42\/2024\/05\/Mentor-Eget-Foretag-1024x335.png","datePublished":"2024-05-26T13:44:52+00:00","dateModified":"2026-03-03T12:23:33+00:00","breadcrumb":{"@id":"https:\/\/nyforetagarcentrum.se\/botkyrka\/mentor\/mentor-eget-foretag\/#breadcrumb"},"inLanguage":"sv-SE","potentialAction":[{"@type":"ReadAction","target":["https:\/\/nyforetagarcentrum.se\/botkyrka\/mentor\/mentor-eget-foretag\/"]}]},{"@type":"ImageObject","inLanguage":"sv-SE","@id":"https:\/\/nyforetagarcentrum.se\/botkyrka\/mentor\/mentor-eget-foretag\/#primaryimage","url":"https:\/\/nyforetagarcentrum.se\/botkyrka\/wp-content\/uploads\/sites\/42\/2024\/05\/Mentor-Eget-Foretag.png","contentUrl":"https:\/\/nyforetagarcentrum.se\/botkyrka\/wp-content\/uploads\/sites\/42\/2024\/05\/Mentor-Eget-Foretag.png","width":1995,"height":652},{"@type":"BreadcrumbList","@id":"https:\/\/nyforetagarcentrum.se\/botkyrka\/mentor\/mentor-eget-foretag\/#breadcrumb","itemListElement":[{"@type":"ListItem","position":1,"name":"Hem","item":"https:\/\/nyforetagarcentrum.se\/botkyrka\/"},{"@type":"ListItem","position":2,"name":"Mentor","item":"https:\/\/nyforetagarcentrum.se\/botkyrka\/mentor\/"},{"@type":"ListItem","position":3,"name":"Mentorprogram f\u00f6r nyf\u00f6retagare"}]},{"@type":"WebSite","@id":"https:\/\/nyforetagarcentrum.se\/botkyrka\/#website","url":"https:\/\/nyforetagarcentrum.se\/botkyrka\/","name":"Botkyrka Huddinge","description":"Sveriges ledande kraft f\u00f6r fler nya livskraftiga f\u00f6retag","publisher":{"@id":"https:\/\/nyforetagarcentrum.se\/botkyrka\/#organization"},"potentialAction":[{"@type":"SearchAction","target":{"@type":"EntryPoint","urlTemplate":"https:\/\/nyforetagarcentrum.se\/botkyrka\/?s={search_term_string}"},"query-input":"required name=search_term_string"}],"inLanguage":"sv-SE"},{"@type":"Organization","@id":"https:\/\/nyforetagarcentrum.se\/botkyrka\/#organization","name":"Botkyrka Huddinge","url":"https:\/\/nyforetagarcentrum.se\/botkyrka\/","logo":{"@type":"ImageObject","inLanguage":"sv-SE","@id":"https:\/\/nyforetagarcentrum.se\/botkyrka\/#\/schema\/logo\/image\/","url":"https:\/\/nyforetagarcentrum.se\/botkyrka\/wp-content\/uploads\/sites\/42\/2024\/04\/Botkyrka-huddinge-1.png","contentUrl":"https:\/\/nyforetagarcentrum.se\/botkyrka\/wp-content\/uploads\/sites\/42\/2024\/04\/Botkyrka-huddinge-1.png","width":1082,"height":542,"caption":"Botkyrka Huddinge"},"image":{"@id":"https:\/\/nyforetagarcentrum.se\/botkyrka\/#\/schema\/logo\/image\/"}}]}},"_links":{"self":[{"href":"https:\/\/nyforetagarcentrum.se\/botkyrka\/wp-json\/wp\/v2\/pages\/627"}],"collection":[{"href":"https:\/\/nyforetagarcentrum.se\/botkyrka\/wp-json\/wp\/v2\/pages"}],"about":[{"href":"https:\/\/nyforetagarcentrum.se\/botkyrka\/wp-json\/wp\/v2\/types\/page"}],"author":[{"embeddable":true,"href":"https:\/\/nyforetagarcentrum.se\/botkyrka\/wp-json\/wp\/v2\/users\/13"}],"replies":[{"embeddable":true,"href":"https:\/\/nyforetagarcentrum.se\/botkyrka\/wp-json\/wp\/v2\/comments?post=627"}],"version-history":[{"count":12,"href":"https:\/\/nyforetagarcentrum.se\/botkyrka\/wp-json\/wp\/v2\/pages\/627\/revisions"}],"predecessor-version":[{"id":1171,"href":"https:\/\/nyforetagarcentrum.se\/botkyrka\/wp-json\/wp\/v2\/pages\/627\/revisions\/1171"}],"up":[{"embeddable":true,"href":"https:\/\/nyforetagarcentrum.se\/botkyrka\/wp-json\/wp\/v2\/pages\/128"}],"wp:attachment":[{"href":"https:\/\/nyforetagarcentrum.se\/botkyrka\/wp-json\/wp\/v2\/media?parent=627"}],"curies":[{"name":"wp","href":"https:\/\/api.w.org\/{rel}","templated":true}]}}