{"id":41,"date":"2024-02-22T10:24:51","date_gmt":"2024-02-22T09:24:51","guid":{"rendered":"https:\/\/nyforetagarcentrum.se\/botkyrka\/?page_id=41"},"modified":"2026-04-15T12:56:25","modified_gmt":"2026-04-15T10:56:25","slug":"vara-samarbetspartners","status":"publish","type":"page","link":"https:\/\/nyforetagarcentrum.se\/botkyrka\/vara-samarbetspartners\/","title":{"rendered":"V\u00e5ra samarbetspartners"},"content":{"rendered":"<section  class=\"nfc-block-hero alignfull\">\n\n    <img loading=\"lazy\" decoding=\"async\" width=\"1470\" height=\"980\" src=\"https:\/\/nyforetagarcentrum.se\/botkyrka\/wp-content\/uploads\/sites\/42\/2024\/02\/Medium_JM.png\" class=\"attachment-landscape size-landscape\" alt=\"\" srcset=\"https:\/\/nyforetagarcentrum.se\/botkyrka\/wp-content\/uploads\/sites\/42\/2024\/02\/Medium_JM.png 1470w, https:\/\/nyforetagarcentrum.se\/botkyrka\/wp-content\/uploads\/sites\/42\/2024\/02\/Medium_JM-300x200.png 300w, https:\/\/nyforetagarcentrum.se\/botkyrka\/wp-content\/uploads\/sites\/42\/2024\/02\/Medium_JM-1024x683.png 1024w, https:\/\/nyforetagarcentrum.se\/botkyrka\/wp-content\/uploads\/sites\/42\/2024\/02\/Medium_JM-768x512.png 768w\" sizes=\"(max-width: 1470px) 100vw, 1470px\" \/>\n    <div class=\"contained\">\n        <h1 class=\"nfc-block-hero__heading\">V\u00e5ra samarbetspartners<\/h1>\n\n            <\/div>\n<\/section>\n\n<section  class=\"block-our-partners nfc-block-partners\">\n    <div class=\"contained\">\n            <\/div>\n<\/section>\n\n\n<div style=\"height:50px\" aria-hidden=\"true\" class=\"wp-block-spacer\"><\/div>\n\n\n<section  class=\"nfc-block-breadcrumbs\">\n    <div class=\"wrapper contained\">\n        <ol class=\"breadcrumbs\" itemscope itemtype=\"https:\/\/schema.org\/BreadcrumbList\">\n            <li itemprop=\"itemListElement\" itemscope itemtype=\"https:\/\/schema.org\/ListItem\">\n            \n\n                            <span class=\"current\" itemprop=\"name\">Hem<\/span>\n            \n            <meta itemprop=\"position\" content=\"1\" \/>\n        <\/li>\n    <\/ol>    <\/div>\n<\/section>\n\n\n<div style=\"height:51px\" aria-hidden=\"true\" class=\"wp-block-spacer\"><\/div>\n\n\n<section  class=\"block-our-partners nfc-block-partners\">\n    <div class=\"contained\">\n                                    <div class=\"partner-card\">\n                    <div class=\"logo-wrapper\">\n                        <img decoding=\"async\" src=\"https:\/\/nyforetagarcentrum.se\/botkyrka\/wp-content\/uploads\/sites\/42\/2024\/05\/Botkyrka-kommun.png\" alt=\"\">\n                    <\/div>\n                    \n                                            <div class=\"h4\"><b>Botkyrka kommun<\/b><\/div>\n                                                                <p class=\"description\">Tel: 08-530 610 00, adress: Hans Stahles v\u00e4g 13, 147 85 Tumba<\/p>\n                                                                                    <div class=\"item\"><b>MAIL:<\/b><b>medborgarcenter@botkyrka.se <\/b><\/div>\n                                                                <div class=\"item link\"><b><a href=\"https:\/\/www.botkyrka.se\/naringsliv-och-foretag\" target=\"_blank\" > Webbsida<\/a><\/b><\/div>\n                                    <\/div>\n                            <div class=\"partner-card\">\n                    <div class=\"logo-wrapper\">\n                        <img decoding=\"async\" src=\"https:\/\/nyforetagarcentrum.se\/botkyrka\/wp-content\/uploads\/sites\/42\/2024\/05\/Huddinge-kommun.png\" alt=\"\">\n                    <\/div>\n                    \n                                            <div class=\"h4\"><b>Huddinge kommun<\/b><\/div>\n                                                                <p class=\"description\">Tel: 08-535 300 00, adress: Kommunalv\u00e4gen 28, 141 85 Huddinge<\/p>\n                                                                                    <div class=\"item\"><b>MAIL:<\/b><b>huddinge@huddinge.se <\/b><\/div>\n                                                                <div class=\"item link\"><b><a href=\"https:\/\/www.huddinge.se\/naringsliv-och-upphandling\/\" target=\"_blank\" > Webbsida<\/a><\/b><\/div>\n                                    <\/div>\n                            <div class=\"partner-card\">\n                    <div class=\"logo-wrapper\">\n                        <img decoding=\"async\" src=\"https:\/\/nyforetagarcentrum.se\/botkyrka\/wp-content\/uploads\/sites\/42\/2024\/05\/botkyrkabyggen-logotype-retina.png\" alt=\"\">\n                    <\/div>\n                    \n                                            <div class=\"h4\"><b>Botkyrkabyggen<\/b><\/div>\n                                                                <p class=\"description\">Tel: 08-530 693 00,\r\nadress: Gr\u00f6ndalsv. 6, Tumba<\/p>\n                                                                                    <div class=\"item\"><b>MAIL:<\/b><b>Info@botkyrkabyggen.se <\/b><\/div>\n                                                                <div class=\"item link\"><b><a href=\"https:\/\/www.botkyrkabyggen.se\" target=\"_blank\" > Webbsida<\/a><\/b><\/div>\n                                    <\/div>\n                            <div class=\"partner-card\">\n                    <div class=\"logo-wrapper\">\n                        <img decoding=\"async\" src=\"https:\/\/nyforetagarcentrum.se\/botkyrka\/wp-content\/uploads\/sites\/42\/2024\/05\/Huge.jpg\" alt=\"\">\n                    <\/div>\n                    \n                                            <div class=\"h4\"><b>Huge<\/b><\/div>\n                                                                <p class=\"description\">Tel: 08-535 320 00, adress: Sj\u00f6dalstorget 7, Huddinge<\/p>\n                                                                                    <div class=\"item\"><b>MAIL:<\/b><b>info@huge.se <\/b><\/div>\n                                                                <div class=\"item link\"><b><a href=\"https:\/\/www.huge.se\" target=\"_blank\" > Webbsida<\/a><\/b><\/div>\n                                    <\/div>\n                            <div class=\"partner-card\">\n                    <div class=\"logo-wrapper\">\n                        <img decoding=\"async\" src=\"https:\/\/nyforetagarcentrum.se\/botkyrka\/wp-content\/uploads\/sites\/42\/2026\/01\/SkyhillAB_logo-1999.jpg\" alt=\"\">\n                    <\/div>\n                    \n                                            <div class=\"h4\"><b>Skyhill &#8211; Projektledning &amp; Arkitektur<\/b><\/div>\n                                                                <p class=\"description\">Skyhill \u00e4r ett etablerat konsultf\u00f6retag inom byggbranschen som sedan 1999 st\u00f6ttat fastighets\u00e4gare, bostadsr\u00e4ttsf\u00f6reningar, privatpersoner och offentliga best\u00e4llare med deras byggprojekt.\r\n \r\nSkyhills tj\u00e4nster omfattar projekt- och projekteringsledning, arkitektur, konstruktion, BIM, kontrollansvar, entreprenadbesiktningar, tillg\u00e4nglighet, byggkonsultation, byggledning samt utbildning.<\/p>\n                                                                <div class=\"item\"><b>Kontaktperson:<\/b><b>Markus Forsstr\u00f6m<\/b><\/div>\n                                                                <div class=\"item\"><b>MAIL:<\/b><b>markus.forsstrom@skyhill.se <\/b><\/div>\n                                                                <div class=\"item link\"><b><a href=\"https:\/\/www.skyhill.se\" target=\"_blank\" > Webbsida<\/a><\/b><\/div>\n                                    <\/div>\n                            <div class=\"partner-card\">\n                    <div class=\"logo-wrapper\">\n                        <img decoding=\"async\" src=\"https:\/\/nyforetagarcentrum.se\/botkyrka\/wp-content\/uploads\/sites\/42\/2024\/05\/AH_logo_100K.png\" alt=\"\">\n                    <\/div>\n                    \n                                            <div class=\"h4\"><b>Arena Huddinge<\/b><\/div>\n                                                                <p class=\"description\">Arena Huddinge \u00e4r ett forum f\u00f6r kunskapsutbyte och dialog mellan Huddinge kommun och n\u00e4ringslivet, i syfte att stimulera samarbete och utveckling av gemensamma intressen.<\/p>\n                                                                <div class=\"item\"><b>Kontaktperson:<\/b><b>Edward Howard<\/b><\/div>\n                                                                <div class=\"item\"><b>MAIL:<\/b><b>edward.howard@huddinge.se <\/b><\/div>\n                                                                <div class=\"item link\"><b><a href=\"https:\/\/arenahuddinge.se\" target=\"_blank\" > Webbsida<\/a><\/b><\/div>\n                                    <\/div>\n                            <div class=\"partner-card\">\n                    <div class=\"logo-wrapper\">\n                        <img decoding=\"async\" src=\"https:\/\/nyforetagarcentrum.se\/botkyrka\/wp-content\/uploads\/sites\/42\/2025\/04\/Foretagarna-Huddinge-logga_svart.png\" alt=\"\">\n                    <\/div>\n                    \n                                            <div class=\"h4\"><b>F\u00f6retagarna  Huddinge<\/b><\/div>\n                                                                <p class=\"description\">V\u00e4lkommen till din lokala F\u00f6retagarna-f\u00f6rening\r\n\r\nVi ing\u00e5r i Sveriges st\u00f6rsta f\u00f6retagarorganisation med 60 000 f\u00f6retagare och vill skapa b\u00e4ttre f\u00f6ruts\u00e4ttningar f\u00f6r att starta, driva, utveckla och \u00e4ga f\u00f6retag \u2013 i v\u00e5rt n\u00e4romr\u00e5de och i hela Sverige.<\/p>\n                                                                <div class=\"item\"><b>Kontaktperson:<\/b><b>Maria Brantemark<\/b><\/div>\n                                                                <div class=\"item\"><b>MAIL:<\/b><b>maria.brantemark@foretagarna.se <\/b><\/div>\n                                                                <div class=\"item link\"><b><a href=\"https:\/\/www.foretagarna.se\/foreningar\/huddinge\/\" target=\"_blank\" > Webbsida<\/a><\/b><\/div>\n                                    <\/div>\n                            <div class=\"partner-card\">\n                    <div class=\"logo-wrapper\">\n                        <img decoding=\"async\" src=\"https:\/\/nyforetagarcentrum.se\/botkyrka\/wp-content\/uploads\/sites\/42\/2024\/05\/GoEasy-by-Easy-Accounting-525x175px-2.png\" alt=\"\">\n                    <\/div>\n                    \n                                            <div class=\"h4\"><b>GoEasy<\/b><\/div>\n                                                                <p class=\"description\">Enkelt, smart och digitalt f\u00f6retagande med fasta priser fr\u00e5n 695kr per m\u00e5nad! GoEasy ger dig automatiserad bokf\u00f6ring genom enkla, smarta och digitala verktyg f\u00f6r: Kundfakturering \u2013 L\u00f6ner \u2013 Leverant\u00f6rsfakturor \u2013 Betalningar \u2013 Kvittohantering \u2013 Rapportering Genom v\u00e5rt samarbete med Nyf\u00f6retagarCentrum f\u00e5r du 50% Rabatt i 3 m\u00e5nader p\u00e5 GoEasy. Du f\u00e5r \u00e4ven 50% rabatt p\u00e5 startkostnaden. Du f\u00e5r \u00e4ven en bonus i form av en gratis r\u00e5dgivningstimma att nyttja under dina 3 f\u00f6rsta m\u00e5nader som kund hos oss (v\u00e4rde 1.500kr).<\/p>\n                                                                                    <div class=\"item\"><b>MAIL:<\/b><b>hej@goeasy.nu <\/b><\/div>\n                                                                <div class=\"item link\"><b><a href=\"https:\/\/goeasy.nu\" target=\"_blank\" > Webbsida<\/a><\/b><\/div>\n                                    <\/div>\n                            <div class=\"partner-card\">\n                    <div class=\"logo-wrapper\">\n                        <img decoding=\"async\" src=\"https:\/\/nyforetagarcentrum.se\/botkyrka\/wp-content\/uploads\/sites\/42\/2024\/05\/Milky_lane_2_rader_ny_orange_Milky-logo-orange.jpg\" alt=\"\">\n                    <\/div>\n                    \n                                            <div class=\"h4\"><b>Milky Lane Design<\/b><\/div>\n                                                                <p class=\"description\">V\u00e4lkommen till Milky Lane Design. Jag hj\u00e4lper f\u00f6retag att synas med hj\u00e4lp av genomt\u00e4nkt och bra design. Jag f\u00f6rb\u00e4ttrar, f\u00f6rh\u00f6jer, f\u00f6rtydligar och f\u00f6rst\u00e4rker ditt f\u00f6retags kommunikation. Kundservicen \u00e4r viktig f\u00f6r mig.<\/p>\n                                                                <div class=\"item\"><b>Kontaktperson:<\/b><b>Petra Blomberg<\/b><\/div>\n                                                                <div class=\"item\"><b>MAIL:<\/b><b>petra@milkylane.se <\/b><\/div>\n                                                                <div class=\"item link\"><b><a href=\"https:\/\/milkylane.se\" target=\"_blank\" > Webbsida<\/a><\/b><\/div>\n                                    <\/div>\n                            <div class=\"partner-card\">\n                    <div class=\"logo-wrapper\">\n                        <img decoding=\"async\" src=\"https:\/\/nyforetagarcentrum.se\/botkyrka\/wp-content\/uploads\/sites\/42\/2024\/05\/CSR-Sweden.png\" alt=\"\">\n                    <\/div>\n                    \n                                            <div class=\"h4\"><b>CSR Sweden<\/b><\/div>\n                                                                <p class=\"description\">CSR Sweden \u00e4r ett n\u00e4tverk, f\u00f6rst och fr\u00e4mst f\u00f6r f\u00f6retag, d\u00e4r m\u00f6jligheten finns att dela erfarenheter, f\u00e5 m\u00f6jlighet att lyfta komplexa fr\u00e5gest\u00e4llningar och driva h\u00e5llbarhetsagendan fram\u00e5t.\r\nCSR Sweden m\u00f6jligg\u00f6r den viktiga dialogen med samh\u00e4llets alla akt\u00f6rer f\u00f6r att p\u00e5 s\u00e5 s\u00e4tt f\u00e5 in olika dimensioner, infallsvinklar f\u00f6r att b\u00e4ttre f\u00e5 en helhetssyn, g\u00f6ra mer kvalificerade risk-och konsekvensanalyser. En viktig del av CSR Swedens arbete \u00e4r att jobba f\u00f6r att f\u00e5 till samverkan, samarbeten f\u00f6r att n\u00e5 Agenda 2030, de Globala H\u00e5llbarhetsm\u00e5len.<\/p>\n                                                                <div class=\"item\"><b>Kontaktperson:<\/b><b>Marianne Bogle<\/b><\/div>\n                                                                <div class=\"item\"><b>MAIL:<\/b><b>info@csrsweden.se <\/b><\/div>\n                                                                <div class=\"item link\"><b><a href=\"https:\/\/www.csrsweden.se\" target=\"_blank\" > Webbsida<\/a><\/b><\/div>\n                                    <\/div>\n                            <div class=\"partner-card\">\n                    <div class=\"logo-wrapper\">\n                        <img decoding=\"async\" src=\"https:\/\/nyforetagarcentrum.se\/botkyrka\/wp-content\/uploads\/sites\/42\/2025\/06\/spiris-visma-primary-logo-black-rgb-1-2048x572-1.png\" alt=\"\">\n                    <\/div>\n                    \n                                            <div class=\"h4\"><b>Spiris Visma<\/b><\/div>\n                                                                <p class=\"description\">Ekonomiplattformen f\u00f6r dig som vill slippa kr\u00e5nglig administration\r\nHar du inte startat eget \u00e4n och vill komma ig\u00e5ng nu, nu, nu? Du f\u00e5r ett lagerbolag (ett f\u00e4rdigt aktiebolag) gratis n\u00e4r du blir kund hos oss. Har du redan startat ditt f\u00f6retag? Genom Nyf\u00f6retagarCentrum f\u00e5r du halva priset f\u00f6rsta \u00e5ret p\u00e5 Spiris bokf\u00f6ring &amp; fakturering.<\/p>\n                                                                                                        <div class=\"item link\"><b><a href=\"https:\/\/www.spiris.se\/partner\/nyforetagarcentrum\" target=\"_blank\" > Webbsida<\/a><\/b><\/div>\n                                    <\/div>\n                        <\/div>\n<\/section>\n\n\n<div style=\"height:80px\" aria-hidden=\"true\" class=\"wp-block-spacer\"><\/div>\n","protected":false},"excerpt":{"rendered":"","protected":false},"author":1,"featured_media":0,"parent":0,"menu_order":0,"comment_status":"closed","ping_status":"closed","template":"","meta":{"footnotes":""},"acf":[],"yoast_head":"<!-- This site is optimized with the Yoast SEO plugin v22.9 - https:\/\/yoast.com\/wordpress\/plugins\/seo\/ -->\n<title>V\u00e5ra samarbetspartners - Botkyrka Huddinge<\/title>\n<meta name=\"robots\" content=\"index, follow, max-snippet:-1, max-image-preview:large, max-video-preview:-1\" \/>\n<link rel=\"canonical\" href=\"https:\/\/nyforetagarcentrum.se\/botkyrka\/vara-samarbetspartners\/\" \/>\n<meta property=\"og:locale\" content=\"sv_SE\" \/>\n<meta property=\"og:type\" content=\"article\" \/>\n<meta property=\"og:title\" content=\"V\u00e5ra samarbetspartners - Botkyrka Huddinge\" \/>\n<meta property=\"og:url\" content=\"https:\/\/nyforetagarcentrum.se\/botkyrka\/vara-samarbetspartners\/\" \/>\n<meta property=\"og:site_name\" content=\"Botkyrka Huddinge\" \/>\n<meta property=\"article:modified_time\" content=\"2026-04-15T10:56:25+00:00\" \/>\n<meta name=\"twitter:card\" content=\"summary_large_image\" \/>\n<script type=\"application\/ld+json\" class=\"yoast-schema-graph\">{\"@context\":\"https:\/\/schema.org\",\"@graph\":[{\"@type\":\"WebPage\",\"@id\":\"https:\/\/nyforetagarcentrum.se\/botkyrka\/vara-samarbetspartners\/\",\"url\":\"https:\/\/nyforetagarcentrum.se\/botkyrka\/vara-samarbetspartners\/\",\"name\":\"V\u00e5ra samarbetspartners - Botkyrka Huddinge\",\"isPartOf\":{\"@id\":\"https:\/\/nyforetagarcentrum.se\/botkyrka\/#website\"},\"datePublished\":\"2024-02-22T09:24:51+00:00\",\"dateModified\":\"2026-04-15T10:56:25+00:00\",\"breadcrumb\":{\"@id\":\"https:\/\/nyforetagarcentrum.se\/botkyrka\/vara-samarbetspartners\/#breadcrumb\"},\"inLanguage\":\"sv-SE\",\"potentialAction\":[{\"@type\":\"ReadAction\",\"target\":[\"https:\/\/nyforetagarcentrum.se\/botkyrka\/vara-samarbetspartners\/\"]}]},{\"@type\":\"BreadcrumbList\",\"@id\":\"https:\/\/nyforetagarcentrum.se\/botkyrka\/vara-samarbetspartners\/#breadcrumb\",\"itemListElement\":[{\"@type\":\"ListItem\",\"position\":1,\"name\":\"Hem\",\"item\":\"https:\/\/nyforetagarcentrum.se\/botkyrka\/\"},{\"@type\":\"ListItem\",\"position\":2,\"name\":\"V\u00e5ra samarbetspartners\"}]},{\"@type\":\"WebSite\",\"@id\":\"https:\/\/nyforetagarcentrum.se\/botkyrka\/#website\",\"url\":\"https:\/\/nyforetagarcentrum.se\/botkyrka\/\",\"name\":\"Botkyrka Huddinge\",\"description\":\"Sveriges ledande kraft f\u00f6r fler nya livskraftiga f\u00f6retag\",\"publisher\":{\"@id\":\"https:\/\/nyforetagarcentrum.se\/botkyrka\/#organization\"},\"potentialAction\":[{\"@type\":\"SearchAction\",\"target\":{\"@type\":\"EntryPoint\",\"urlTemplate\":\"https:\/\/nyforetagarcentrum.se\/botkyrka\/?s={search_term_string}\"},\"query-input\":\"required name=search_term_string\"}],\"inLanguage\":\"sv-SE\"},{\"@type\":\"Organization\",\"@id\":\"https:\/\/nyforetagarcentrum.se\/botkyrka\/#organization\",\"name\":\"Botkyrka Huddinge\",\"url\":\"https:\/\/nyforetagarcentrum.se\/botkyrka\/\",\"logo\":{\"@type\":\"ImageObject\",\"inLanguage\":\"sv-SE\",\"@id\":\"https:\/\/nyforetagarcentrum.se\/botkyrka\/#\/schema\/logo\/image\/\",\"url\":\"https:\/\/nyforetagarcentrum.se\/botkyrka\/wp-content\/uploads\/sites\/42\/2024\/04\/Botkyrka-huddinge-1.png\",\"contentUrl\":\"https:\/\/nyforetagarcentrum.se\/botkyrka\/wp-content\/uploads\/sites\/42\/2024\/04\/Botkyrka-huddinge-1.png\",\"width\":1082,\"height\":542,\"caption\":\"Botkyrka Huddinge\"},\"image\":{\"@id\":\"https:\/\/nyforetagarcentrum.se\/botkyrka\/#\/schema\/logo\/image\/\"}}]}<\/script>\n<!-- \/ Yoast SEO plugin. -->","yoast_head_json":{"title":"V\u00e5ra samarbetspartners - Botkyrka Huddinge","robots":{"index":"index","follow":"follow","max-snippet":"max-snippet:-1","max-image-preview":"max-image-preview:large","max-video-preview":"max-video-preview:-1"},"canonical":"https:\/\/nyforetagarcentrum.se\/botkyrka\/vara-samarbetspartners\/","og_locale":"sv_SE","og_type":"article","og_title":"V\u00e5ra samarbetspartners - Botkyrka Huddinge","og_url":"https:\/\/nyforetagarcentrum.se\/botkyrka\/vara-samarbetspartners\/","og_site_name":"Botkyrka Huddinge","article_modified_time":"2026-04-15T10:56:25+00:00","twitter_card":"summary_large_image","schema":{"@context":"https:\/\/schema.org","@graph":[{"@type":"WebPage","@id":"https:\/\/nyforetagarcentrum.se\/botkyrka\/vara-samarbetspartners\/","url":"https:\/\/nyforetagarcentrum.se\/botkyrka\/vara-samarbetspartners\/","name":"V\u00e5ra samarbetspartners - Botkyrka Huddinge","isPartOf":{"@id":"https:\/\/nyforetagarcentrum.se\/botkyrka\/#website"},"datePublished":"2024-02-22T09:24:51+00:00","dateModified":"2026-04-15T10:56:25+00:00","breadcrumb":{"@id":"https:\/\/nyforetagarcentrum.se\/botkyrka\/vara-samarbetspartners\/#breadcrumb"},"inLanguage":"sv-SE","potentialAction":[{"@type":"ReadAction","target":["https:\/\/nyforetagarcentrum.se\/botkyrka\/vara-samarbetspartners\/"]}]},{"@type":"BreadcrumbList","@id":"https:\/\/nyforetagarcentrum.se\/botkyrka\/vara-samarbetspartners\/#breadcrumb","itemListElement":[{"@type":"ListItem","position":1,"name":"Hem","item":"https:\/\/nyforetagarcentrum.se\/botkyrka\/"},{"@type":"ListItem","position":2,"name":"V\u00e5ra samarbetspartners"}]},{"@type":"WebSite","@id":"https:\/\/nyforetagarcentrum.se\/botkyrka\/#website","url":"https:\/\/nyforetagarcentrum.se\/botkyrka\/","name":"Botkyrka Huddinge","description":"Sveriges ledande kraft f\u00f6r fler nya livskraftiga f\u00f6retag","publisher":{"@id":"https:\/\/nyforetagarcentrum.se\/botkyrka\/#organization"},"potentialAction":[{"@type":"SearchAction","target":{"@type":"EntryPoint","urlTemplate":"https:\/\/nyforetagarcentrum.se\/botkyrka\/?s={search_term_string}"},"query-input":"required name=search_term_string"}],"inLanguage":"sv-SE"},{"@type":"Organization","@id":"https:\/\/nyforetagarcentrum.se\/botkyrka\/#organization","name":"Botkyrka Huddinge","url":"https:\/\/nyforetagarcentrum.se\/botkyrka\/","logo":{"@type":"ImageObject","inLanguage":"sv-SE","@id":"https:\/\/nyforetagarcentrum.se\/botkyrka\/#\/schema\/logo\/image\/","url":"https:\/\/nyforetagarcentrum.se\/botkyrka\/wp-content\/uploads\/sites\/42\/2024\/04\/Botkyrka-huddinge-1.png","contentUrl":"https:\/\/nyforetagarcentrum.se\/botkyrka\/wp-content\/uploads\/sites\/42\/2024\/04\/Botkyrka-huddinge-1.png","width":1082,"height":542,"caption":"Botkyrka Huddinge"},"image":{"@id":"https:\/\/nyforetagarcentrum.se\/botkyrka\/#\/schema\/logo\/image\/"}}]}},"_links":{"self":[{"href":"https:\/\/nyforetagarcentrum.se\/botkyrka\/wp-json\/wp\/v2\/pages\/41"}],"collection":[{"href":"https:\/\/nyforetagarcentrum.se\/botkyrka\/wp-json\/wp\/v2\/pages"}],"about":[{"href":"https:\/\/nyforetagarcentrum.se\/botkyrka\/wp-json\/wp\/v2\/types\/page"}],"author":[{"embeddable":true,"href":"https:\/\/nyforetagarcentrum.se\/botkyrka\/wp-json\/wp\/v2\/users\/1"}],"replies":[{"embeddable":true,"href":"https:\/\/nyforetagarcentrum.se\/botkyrka\/wp-json\/wp\/v2\/comments?post=41"}],"version-history":[{"count":65,"href":"https:\/\/nyforetagarcentrum.se\/botkyrka\/wp-json\/wp\/v2\/pages\/41\/revisions"}],"predecessor-version":[{"id":1198,"href":"https:\/\/nyforetagarcentrum.se\/botkyrka\/wp-json\/wp\/v2\/pages\/41\/revisions\/1198"}],"wp:attachment":[{"href":"https:\/\/nyforetagarcentrum.se\/botkyrka\/wp-json\/wp\/v2\/media?parent=41"}],"curies":[{"name":"wp","href":"https:\/\/api.w.org\/{rel}","templated":true}]}}