{"id":169,"date":"2024-02-27T16:06:59","date_gmt":"2024-02-27T15:06:59","guid":{"rendered":"https:\/\/nyforetagarcentrum.se\/botkyrka\/?page_id=169"},"modified":"2024-06-17T14:35:11","modified_gmt":"2024-06-17T12:35:11","slug":"kontakt","status":"publish","type":"page","link":"https:\/\/nyforetagarcentrum.se\/botkyrka\/kontakt\/","title":{"rendered":"Kontakt"},"content":{"rendered":"\n<div class=\"wp-block-group is-content-justification-left is-layout-constrained wp-container-core-group-is-layout-2 wp-block-group-is-layout-constrained\">\n<div class=\"wp-block-group is-nowrap is-layout-flex wp-container-core-group-is-layout-1 wp-block-group-is-layout-flex\">\n<div style=\"height:100px;width:0px\" aria-hidden=\"true\" class=\"wp-block-spacer wp-container-content-1\"><\/div>\n<\/div>\n<\/div>\n\n\n<section  class=\"nfc-block-breadcrumbs\">\n    <div class=\"wrapper contained\">\n        <ol class=\"breadcrumbs\" itemscope itemtype=\"https:\/\/schema.org\/BreadcrumbList\">\n            <li itemprop=\"itemListElement\" itemscope itemtype=\"https:\/\/schema.org\/ListItem\">\n            \n\n                            <span class=\"current\" itemprop=\"name\">Hem<\/span>\n            \n            <meta itemprop=\"position\" content=\"1\" \/>\n        <\/li>\n    <\/ol>    <\/div>\n<\/section>\n\n\n<div style=\"height:100px\" aria-hidden=\"true\" class=\"wp-block-spacer\"><\/div>\n\n\n<section  class=\"nfc-block-split_screen alignwide image_alignment-right theme-dark\">\n    <div class=\"wrapper\">\n        <div class=\"nfc-block-split_screen__image-wrapper\">\n            <img loading=\"lazy\" decoding=\"async\" width=\"720\" height=\"1080\" src=\"https:\/\/nyforetagarcentrum.se\/botkyrka\/wp-content\/uploads\/sites\/42\/2024\/02\/074fbd4f185748329fcc0d3630a184b2-720x1080-1.png\" class=\"attachment-landscape size-landscape\" alt=\"\" srcset=\"https:\/\/nyforetagarcentrum.se\/botkyrka\/wp-content\/uploads\/sites\/42\/2024\/02\/074fbd4f185748329fcc0d3630a184b2-720x1080-1.png 720w, https:\/\/nyforetagarcentrum.se\/botkyrka\/wp-content\/uploads\/sites\/42\/2024\/02\/074fbd4f185748329fcc0d3630a184b2-720x1080-1-200x300.png 200w, https:\/\/nyforetagarcentrum.se\/botkyrka\/wp-content\/uploads\/sites\/42\/2024\/02\/074fbd4f185748329fcc0d3630a184b2-720x1080-1-683x1024.png 683w\" sizes=\"(max-width: 720px) 100vw, 720px\" \/>        <\/div>\n\n        <div class=\"nfc-block-split_screen__content-wrapper\">\n            <h2>Kontakta<\/h2>\n<h2>Nyf\u00f6retagarCentrum Botkyrka Huddinge<\/h2>\n<p>T: 010 \u2013 151 11 25<br \/>\nM: huddinge@nyforetagarcentrum.se<\/p>\n<p><strong>Telefontid<\/strong>: m\u00e5n-tors kl. 9.00 &#8211; 15.00<\/p>\n<p><strong>Nyf\u00f6retagarCentrum Botkyrka Huddinge<br \/>\n<\/strong>c\/o Innovation Station Flemingsberg<br \/>\nAlfred Nobels all\u00e9 5, trapphus 1, plan 6<br \/>\n141 52 Huddinge<\/p>\n<p>Alla bes\u00f6k p\u00e5 Innovation Station Flemingsberg m\u00e5ste vara f\u00f6rbokade d\u00e5 vi inte alltid finns p\u00e5 plats.<\/p>\n\n            \n        <\/div>\n    <\/div>\n<\/section>\n\n\n<div style=\"height:100px;width:0px\" aria-hidden=\"true\" class=\"wp-block-spacer\"><\/div>\n\n\n\n<div class=\"wp-block-group alignwide is-layout-constrained wp-block-group-is-layout-constrained\">\n<div class=\"wp-block-columns alignwide are-vertically-aligned-center is-layout-flex wp-container-core-columns-is-layout-1 wp-block-columns-is-layout-flex\">\n<div class=\"wp-block-column is-vertically-aligned-center is-layout-flow wp-block-column-is-layout-flow\" style=\"flex-basis:50%\">\n<div class=\"wp-block-group is-layout-constrained wp-block-group-is-layout-constrained\">\n<div class=\"wp-block-group is-vertical is-layout-flex wp-container-core-group-is-layout-3 wp-block-group-is-layout-flex\">\n<figure class=\"wp-block-image size-large\"><img loading=\"lazy\" decoding=\"async\" width=\"1024\" height=\"760\" src=\"https:\/\/nyforetagarcentrum.se\/botkyrka\/wp-content\/uploads\/sites\/3\/2024\/02\/Allman-bild-22-1024x760.png\" alt=\"\" class=\"wp-image-232\" srcset=\"https:\/\/nyforetagarcentrum.se\/botkyrka\/wp-content\/uploads\/sites\/42\/2024\/02\/Allman-bild-22-1024x760.png 1024w, https:\/\/nyforetagarcentrum.se\/botkyrka\/wp-content\/uploads\/sites\/42\/2024\/02\/Allman-bild-22-300x223.png 300w, https:\/\/nyforetagarcentrum.se\/botkyrka\/wp-content\/uploads\/sites\/42\/2024\/02\/Allman-bild-22-768x570.png 768w, https:\/\/nyforetagarcentrum.se\/botkyrka\/wp-content\/uploads\/sites\/42\/2024\/02\/Allman-bild-22.png 1241w\" sizes=\"(max-width: 1024px) 100vw, 1024px\" \/><\/figure>\n<\/div>\n<\/div>\n<\/div>\n\n\n\n<div class=\"wp-block-column is-layout-flow wp-block-column-is-layout-flow\" style=\"flex-basis:50%\"><section  class=\"nfc-block-form aligncenter layout-small\">\n    <div class=\"contained\">\n\n        <form data-nfc-form=\"block_b01d67d14289bce1df45945090819248\" data-nfc-page=\"169\">\n            <label class=\"input-wrapper required\" for=\"namn-och-efternamn\">\n    <span>F\u00f6r- och efternamn<\/span>\n    <input type=\"text\" name=\"namn-och-efternamn\" id=\"namn-och-efternamn\" placeholder=\"Ditt namn\" required>\n<\/label><label class=\"input-wrapper required\" for=\"mailadress\">\n    <span>E-postadress<\/span>\n    <input type=\"text\" name=\"mailadress\" id=\"mailadress\" placeholder=\"Din e-postadress\" required>\n<\/label><label class=\"input-wrapper\" for=\"mobilnummer\">\n    <span>Mobilnummer<\/span>\n    <input type=\"number\" name=\"mobilnummer\" id=\"mobilnummer\" placeholder=\"Ditt mobilnummer\" >\n<\/label><label class=\"input-wrapper required\" for=\"meddelande\">\n    <span>Meddelande<\/span>\n    <textarea type=\"text\" name=\"meddelande\" id=\"meddelande\" placeholder=\"Skriv ditt meddelande h\u00e4r\" required rows=\"6\"><\/textarea>\n<\/label>\n            <div class=\"input-wrapper\">\n                <button type=\"submit\" class=\"button\">Skicka<\/button>\n            <\/div>\n        <\/form>\n    <\/div>\n<\/section><\/div>\n<\/div>\n<\/div>\n\n\n\n<div style=\"height:100px\" aria-hidden=\"true\" class=\"wp-block-spacer\"><\/div>\n\n\n\n<div style=\"height:100px\" aria-hidden=\"true\" class=\"wp-block-spacer\"><\/div>\n","protected":false},"excerpt":{"rendered":"","protected":false},"author":1,"featured_media":0,"parent":0,"menu_order":0,"comment_status":"closed","ping_status":"closed","template":"","meta":{"footnotes":""},"acf":[],"yoast_head":"<!-- This site is optimized with the Yoast SEO plugin v22.9 - https:\/\/yoast.com\/wordpress\/plugins\/seo\/ -->\n<title>Kontakt - Botkyrka Huddinge<\/title>\n<meta name=\"robots\" content=\"index, follow, max-snippet:-1, max-image-preview:large, max-video-preview:-1\" \/>\n<link rel=\"canonical\" href=\"https:\/\/nyforetagarcentrum.se\/botkyrka\/kontakt\/\" \/>\n<meta property=\"og:locale\" content=\"sv_SE\" \/>\n<meta property=\"og:type\" content=\"article\" \/>\n<meta property=\"og:title\" content=\"Kontakt - Botkyrka Huddinge\" \/>\n<meta property=\"og:url\" content=\"https:\/\/nyforetagarcentrum.se\/botkyrka\/kontakt\/\" \/>\n<meta property=\"og:site_name\" content=\"Botkyrka Huddinge\" \/>\n<meta property=\"article:modified_time\" content=\"2024-06-17T12:35:11+00:00\" \/>\n<meta property=\"og:image\" content=\"https:\/\/nyforetagarcentrum.se\/botkyrka\/wp-content\/uploads\/sites\/3\/2024\/02\/Allman-bild-22-1024x760.png\" \/>\n<meta name=\"twitter:card\" content=\"summary_large_image\" \/>\n<meta name=\"twitter:label1\" content=\"Ber\u00e4knad l\u00e4stid\" \/>\n\t<meta name=\"twitter:data1\" content=\"1 minut\" \/>\n<script type=\"application\/ld+json\" class=\"yoast-schema-graph\">{\"@context\":\"https:\/\/schema.org\",\"@graph\":[{\"@type\":\"WebPage\",\"@id\":\"https:\/\/nyforetagarcentrum.se\/botkyrka\/kontakt\/\",\"url\":\"https:\/\/nyforetagarcentrum.se\/botkyrka\/kontakt\/\",\"name\":\"Kontakt - Botkyrka Huddinge\",\"isPartOf\":{\"@id\":\"https:\/\/nyforetagarcentrum.se\/botkyrka\/#website\"},\"primaryImageOfPage\":{\"@id\":\"https:\/\/nyforetagarcentrum.se\/botkyrka\/kontakt\/#primaryimage\"},\"image\":{\"@id\":\"https:\/\/nyforetagarcentrum.se\/botkyrka\/kontakt\/#primaryimage\"},\"thumbnailUrl\":\"https:\/\/nyforetagarcentrum.se\/botkyrka\/wp-content\/uploads\/sites\/3\/2024\/02\/Allman-bild-22-1024x760.png\",\"datePublished\":\"2024-02-27T15:06:59+00:00\",\"dateModified\":\"2024-06-17T12:35:11+00:00\",\"breadcrumb\":{\"@id\":\"https:\/\/nyforetagarcentrum.se\/botkyrka\/kontakt\/#breadcrumb\"},\"inLanguage\":\"sv-SE\",\"potentialAction\":[{\"@type\":\"ReadAction\",\"target\":[\"https:\/\/nyforetagarcentrum.se\/botkyrka\/kontakt\/\"]}]},{\"@type\":\"ImageObject\",\"inLanguage\":\"sv-SE\",\"@id\":\"https:\/\/nyforetagarcentrum.se\/botkyrka\/kontakt\/#primaryimage\",\"url\":\"https:\/\/nyforetagarcentrum.se\/botkyrka\/wp-content\/uploads\/sites\/42\/2024\/02\/Allman-bild-22.png\",\"contentUrl\":\"https:\/\/nyforetagarcentrum.se\/botkyrka\/wp-content\/uploads\/sites\/42\/2024\/02\/Allman-bild-22.png\",\"width\":1241,\"height\":921},{\"@type\":\"BreadcrumbList\",\"@id\":\"https:\/\/nyforetagarcentrum.se\/botkyrka\/kontakt\/#breadcrumb\",\"itemListElement\":[{\"@type\":\"ListItem\",\"position\":1,\"name\":\"Hem\",\"item\":\"https:\/\/nyforetagarcentrum.se\/botkyrka\/\"},{\"@type\":\"ListItem\",\"position\":2,\"name\":\"Kontakt\"}]},{\"@type\":\"WebSite\",\"@id\":\"https:\/\/nyforetagarcentrum.se\/botkyrka\/#website\",\"url\":\"https:\/\/nyforetagarcentrum.se\/botkyrka\/\",\"name\":\"Botkyrka Huddinge\",\"description\":\"Sveriges ledande kraft f\u00f6r fler nya livskraftiga f\u00f6retag\",\"publisher\":{\"@id\":\"https:\/\/nyforetagarcentrum.se\/botkyrka\/#organization\"},\"potentialAction\":[{\"@type\":\"SearchAction\",\"target\":{\"@type\":\"EntryPoint\",\"urlTemplate\":\"https:\/\/nyforetagarcentrum.se\/botkyrka\/?s={search_term_string}\"},\"query-input\":\"required name=search_term_string\"}],\"inLanguage\":\"sv-SE\"},{\"@type\":\"Organization\",\"@id\":\"https:\/\/nyforetagarcentrum.se\/botkyrka\/#organization\",\"name\":\"Botkyrka Huddinge\",\"url\":\"https:\/\/nyforetagarcentrum.se\/botkyrka\/\",\"logo\":{\"@type\":\"ImageObject\",\"inLanguage\":\"sv-SE\",\"@id\":\"https:\/\/nyforetagarcentrum.se\/botkyrka\/#\/schema\/logo\/image\/\",\"url\":\"https:\/\/nyforetagarcentrum.se\/botkyrka\/wp-content\/uploads\/sites\/42\/2024\/07\/botkyrka_bla.png\",\"contentUrl\":\"https:\/\/nyforetagarcentrum.se\/botkyrka\/wp-content\/uploads\/sites\/42\/2024\/07\/botkyrka_bla.png\",\"width\":870,\"height\":355,\"caption\":\"Botkyrka Huddinge\"},\"image\":{\"@id\":\"https:\/\/nyforetagarcentrum.se\/botkyrka\/#\/schema\/logo\/image\/\"}}]}<\/script>\n<!-- \/ Yoast SEO plugin. -->","yoast_head_json":{"title":"Kontakt - Botkyrka Huddinge","robots":{"index":"index","follow":"follow","max-snippet":"max-snippet:-1","max-image-preview":"max-image-preview:large","max-video-preview":"max-video-preview:-1"},"canonical":"https:\/\/nyforetagarcentrum.se\/botkyrka\/kontakt\/","og_locale":"sv_SE","og_type":"article","og_title":"Kontakt - Botkyrka Huddinge","og_url":"https:\/\/nyforetagarcentrum.se\/botkyrka\/kontakt\/","og_site_name":"Botkyrka Huddinge","article_modified_time":"2024-06-17T12:35:11+00:00","og_image":[{"url":"https:\/\/nyforetagarcentrum.se\/botkyrka\/wp-content\/uploads\/sites\/3\/2024\/02\/Allman-bild-22-1024x760.png"}],"twitter_card":"summary_large_image","twitter_misc":{"Ber\u00e4knad l\u00e4stid":"1 minut"},"schema":{"@context":"https:\/\/schema.org","@graph":[{"@type":"WebPage","@id":"https:\/\/nyforetagarcentrum.se\/botkyrka\/kontakt\/","url":"https:\/\/nyforetagarcentrum.se\/botkyrka\/kontakt\/","name":"Kontakt - Botkyrka Huddinge","isPartOf":{"@id":"https:\/\/nyforetagarcentrum.se\/botkyrka\/#website"},"primaryImageOfPage":{"@id":"https:\/\/nyforetagarcentrum.se\/botkyrka\/kontakt\/#primaryimage"},"image":{"@id":"https:\/\/nyforetagarcentrum.se\/botkyrka\/kontakt\/#primaryimage"},"thumbnailUrl":"https:\/\/nyforetagarcentrum.se\/botkyrka\/wp-content\/uploads\/sites\/3\/2024\/02\/Allman-bild-22-1024x760.png","datePublished":"2024-02-27T15:06:59+00:00","dateModified":"2024-06-17T12:35:11+00:00","breadcrumb":{"@id":"https:\/\/nyforetagarcentrum.se\/botkyrka\/kontakt\/#breadcrumb"},"inLanguage":"sv-SE","potentialAction":[{"@type":"ReadAction","target":["https:\/\/nyforetagarcentrum.se\/botkyrka\/kontakt\/"]}]},{"@type":"ImageObject","inLanguage":"sv-SE","@id":"https:\/\/nyforetagarcentrum.se\/botkyrka\/kontakt\/#primaryimage","url":"https:\/\/nyforetagarcentrum.se\/botkyrka\/wp-content\/uploads\/sites\/42\/2024\/02\/Allman-bild-22.png","contentUrl":"https:\/\/nyforetagarcentrum.se\/botkyrka\/wp-content\/uploads\/sites\/42\/2024\/02\/Allman-bild-22.png","width":1241,"height":921},{"@type":"BreadcrumbList","@id":"https:\/\/nyforetagarcentrum.se\/botkyrka\/kontakt\/#breadcrumb","itemListElement":[{"@type":"ListItem","position":1,"name":"Hem","item":"https:\/\/nyforetagarcentrum.se\/botkyrka\/"},{"@type":"ListItem","position":2,"name":"Kontakt"}]},{"@type":"WebSite","@id":"https:\/\/nyforetagarcentrum.se\/botkyrka\/#website","url":"https:\/\/nyforetagarcentrum.se\/botkyrka\/","name":"Botkyrka Huddinge","description":"Sveriges ledande kraft f\u00f6r fler nya livskraftiga f\u00f6retag","publisher":{"@id":"https:\/\/nyforetagarcentrum.se\/botkyrka\/#organization"},"potentialAction":[{"@type":"SearchAction","target":{"@type":"EntryPoint","urlTemplate":"https:\/\/nyforetagarcentrum.se\/botkyrka\/?s={search_term_string}"},"query-input":"required name=search_term_string"}],"inLanguage":"sv-SE"},{"@type":"Organization","@id":"https:\/\/nyforetagarcentrum.se\/botkyrka\/#organization","name":"Botkyrka Huddinge","url":"https:\/\/nyforetagarcentrum.se\/botkyrka\/","logo":{"@type":"ImageObject","inLanguage":"sv-SE","@id":"https:\/\/nyforetagarcentrum.se\/botkyrka\/#\/schema\/logo\/image\/","url":"https:\/\/nyforetagarcentrum.se\/botkyrka\/wp-content\/uploads\/sites\/42\/2024\/07\/botkyrka_bla.png","contentUrl":"https:\/\/nyforetagarcentrum.se\/botkyrka\/wp-content\/uploads\/sites\/42\/2024\/07\/botkyrka_bla.png","width":870,"height":355,"caption":"Botkyrka Huddinge"},"image":{"@id":"https:\/\/nyforetagarcentrum.se\/botkyrka\/#\/schema\/logo\/image\/"}}]}},"_links":{"self":[{"href":"https:\/\/nyforetagarcentrum.se\/botkyrka\/wp-json\/wp\/v2\/pages\/169"}],"collection":[{"href":"https:\/\/nyforetagarcentrum.se\/botkyrka\/wp-json\/wp\/v2\/pages"}],"about":[{"href":"https:\/\/nyforetagarcentrum.se\/botkyrka\/wp-json\/wp\/v2\/types\/page"}],"author":[{"embeddable":true,"href":"https:\/\/nyforetagarcentrum.se\/botkyrka\/wp-json\/wp\/v2\/users\/1"}],"replies":[{"embeddable":true,"href":"https:\/\/nyforetagarcentrum.se\/botkyrka\/wp-json\/wp\/v2\/comments?post=169"}],"version-history":[{"count":28,"href":"https:\/\/nyforetagarcentrum.se\/botkyrka\/wp-json\/wp\/v2\/pages\/169\/revisions"}],"predecessor-version":[{"id":915,"href":"https:\/\/nyforetagarcentrum.se\/botkyrka\/wp-json\/wp\/v2\/pages\/169\/revisions\/915"}],"wp:attachment":[{"href":"https:\/\/nyforetagarcentrum.se\/botkyrka\/wp-json\/wp\/v2\/media?parent=169"}],"curies":[{"name":"wp","href":"https:\/\/api.w.org\/{rel}","templated":true}]}}