{"id":41,"date":"2024-02-22T10:24:51","date_gmt":"2024-02-22T09:24:51","guid":{"rendered":"https:\/\/nyforetagarcentrum.se\/arvika\/?page_id=41"},"modified":"2025-03-04T22:34:46","modified_gmt":"2025-03-04T21:34:46","slug":"vara-samarbetspartners","status":"publish","type":"page","link":"https:\/\/nyforetagarcentrum.se\/arvika\/vara-samarbetspartners\/","title":{"rendered":"V\u00e5ra samarbetspartners"},"content":{"rendered":"<section  class=\"nfc-block-hero alignfull\">\n\n    <img loading=\"lazy\" decoding=\"async\" width=\"1470\" height=\"980\" src=\"https:\/\/nyforetagarcentrum.se\/arvika\/wp-content\/uploads\/sites\/92\/2024\/02\/Medium_JM.png\" class=\"attachment-landscape size-landscape\" alt=\"\" srcset=\"https:\/\/nyforetagarcentrum.se\/arvika\/wp-content\/uploads\/sites\/92\/2024\/02\/Medium_JM.png 1470w, https:\/\/nyforetagarcentrum.se\/arvika\/wp-content\/uploads\/sites\/92\/2024\/02\/Medium_JM-300x200.png 300w, https:\/\/nyforetagarcentrum.se\/arvika\/wp-content\/uploads\/sites\/92\/2024\/02\/Medium_JM-1024x683.png 1024w, https:\/\/nyforetagarcentrum.se\/arvika\/wp-content\/uploads\/sites\/92\/2024\/02\/Medium_JM-768x512.png 768w\" sizes=\"(max-width: 1470px) 100vw, 1470px\" \/>\n    <div class=\"contained\">\n        <h1 class=\"nfc-block-hero__heading\">V\u00e5ra samarbetspartners<\/h1>\n\n            <\/div>\n<\/section>\n\n<section  class=\"block-our-partners nfc-block-partners\">\n    <div class=\"contained\">\n            <\/div>\n<\/section>\n\n\n<div style=\"height:50px\" aria-hidden=\"true\" class=\"wp-block-spacer\"><\/div>\n\n\n<section  class=\"nfc-block-breadcrumbs alignwide\">\n    <div class=\"wrapper contained\">\n        <ol class=\"breadcrumbs\" itemscope itemtype=\"https:\/\/schema.org\/BreadcrumbList\">\n            <li itemprop=\"itemListElement\" itemscope itemtype=\"https:\/\/schema.org\/ListItem\">\n            \n\n                            <span class=\"current\" itemprop=\"name\">Hem<\/span>\n            \n            <meta itemprop=\"position\" content=\"1\" \/>\n        <\/li>\n    <\/ol>    <\/div>\n<\/section>\n\n\n<div style=\"height:51px\" aria-hidden=\"true\" class=\"wp-block-spacer\"><\/div>\n\n\n<section  class=\"block-our-partners nfc-block-partners\">\n    <div class=\"contained\">\n            <\/div>\n<\/section>\n\n<section  class=\"block-our-partners nfc-block-partners\">\n    <div class=\"contained\">\n            <\/div>\n<\/section>\n\n<section  class=\"block-our-partners nfc-block-partners alignwide\">\n    <div class=\"contained\">\n            <\/div>\n<\/section>\n\n\n<h2 class=\"wp-block-heading alignwide\">Guldpartner<\/h2>\n\n\n<section  class=\"block-our-partners nfc-block-partners alignwide\">\n    <div class=\"contained\">\n                                    <div class=\"partner-card\">\n                    <div class=\"logo-wrapper\">\n                        <img decoding=\"async\" src=\"https:\/\/nyforetagarcentrum.se\/arvika\/wp-content\/uploads\/sites\/92\/2024\/04\/8431-westra-wermlands-sparbank-logo-default.png\" alt=\"\">\n                    <\/div>\n                    \n                                            <div class=\"h4\"><b>Westra Wermlands Sparbank<\/b><\/div>\n                                                                                                        <div class=\"item\"><b>MAIL:<\/b><b>wws@wwsparbank.se <\/b><\/div>\n                                                                <div class=\"item link\"><b><a href=\"https:\/\/www.wwsparbank.se\/\" target=\"_blank\" > Webbsida<\/a><\/b><\/div>\n                                    <\/div>\n                        <\/div>\n<\/section>\n\n\n<h2 class=\"wp-block-heading alignwide\">Silverpartner<\/h2>\n\n\n<section  class=\"block-our-partners nfc-block-partners alignwide\">\n    <div class=\"contained\">\n                                    <div class=\"partner-card\">\n                    <div class=\"logo-wrapper\">\n                        <img decoding=\"async\" src=\"https:\/\/nyforetagarcentrum.se\/arvika\/wp-content\/uploads\/sites\/92\/2024\/04\/1920.jpeg\" alt=\"\">\n                    <\/div>\n                    \n                                            <div class=\"h4\"><b>Arvika Redovisningsbyr\u00e5<\/b><\/div>\n                                                                                                        <div class=\"item\"><b>MAIL:<\/b><b>info@arvikaredovisning.se <\/b><\/div>\n                                                                <div class=\"item link\"><b><a href=\"http:\/\/arvikaredovisning.se\/\" target=\"_blank\" > Webbsida<\/a><\/b><\/div>\n                                    <\/div>\n                        <\/div>\n<\/section>\n\n\n<h2 class=\"wp-block-heading alignwide\">Kommunala samarbetspartner<\/h2>\n\n\n<section  class=\"block-our-partners nfc-block-partners alignwide\">\n    <div class=\"contained\">\n                                    <div class=\"partner-card\">\n                    <div class=\"logo-wrapper\">\n                        <img decoding=\"async\" src=\"https:\/\/nyforetagarcentrum.se\/arvika\/wp-content\/uploads\/sites\/92\/2024\/04\/arvika-kommun.png\" alt=\"\">\n                    <\/div>\n                    \n                                            <div class=\"h4\"><b>Arvika kommun<\/b><\/div>\n                                                                                                        <div class=\"item\"><b>MAIL:<\/b><b>arvika.kommun@arvika.se <\/b><\/div>\n                                                                <div class=\"item link\"><b><a href=\"http:\/\/www.arvika.se\/\" target=\"_blank\" > Webbsida<\/a><\/b><\/div>\n                                    <\/div>\n                            <div class=\"partner-card\">\n                    <div class=\"logo-wrapper\">\n                        <img decoding=\"async\" src=\"https:\/\/nyforetagarcentrum.se\/arvika\/wp-content\/uploads\/sites\/92\/2024\/04\/logo.png\" alt=\"\">\n                    <\/div>\n                    \n                                            <div class=\"h4\"><b>Eda kommun<\/b><\/div>\n                                                                                                        <div class=\"item\"><b>MAIL:<\/b><b>kommun@eda.se <\/b><\/div>\n                                                                <div class=\"item link\"><b><a href=\"http:\/\/www.eda.se\/\" target=\"_blank\" > Webbsida<\/a><\/b><\/div>\n                                    <\/div>\n                        <\/div>\n<\/section>\n\n\n<h2 class=\"wp-block-heading alignwide\">Organisationspartner<\/h2>\n\n\n<section  class=\"block-our-partners nfc-block-partners alignwide\">\n    <div class=\"contained\">\n                                    <div class=\"partner-card\">\n                    <div class=\"logo-wrapper\">\n                        <img decoding=\"async\" src=\"https:\/\/nyforetagarcentrum.se\/arvika\/wp-content\/uploads\/sites\/92\/2024\/06\/fretagarna_arvika_logo.jpeg\" alt=\"\">\n                    <\/div>\n                    \n                                            <div class=\"h4\"><b>F\u00f6retagarna Arvika Eda<\/b><\/div>\n                                                                                                                    <\/div>\n                            <div class=\"partner-card\">\n                    <div class=\"logo-wrapper\">\n                        <img decoding=\"async\" src=\"https:\/\/nyforetagarcentrum.se\/arvika\/wp-content\/uploads\/sites\/92\/2024\/06\/Logo_KIP_FB_PNG-1.png\" alt=\"\">\n                    <\/div>\n                    \n                                            <div class=\"h4\"><b>Karlstad Innovation Park<\/b><\/div>\n                                                                                                                    <\/div>\n                            <div class=\"partner-card\">\n                    <div class=\"logo-wrapper\">\n                        <img decoding=\"async\" src=\"https:\/\/nyforetagarcentrum.se\/arvika\/wp-content\/uploads\/sites\/92\/2024\/06\/fmtdgopxhbvqjfxr4hva.jpg\" alt=\"\">\n                    <\/div>\n                    \n                                            <div class=\"h4\"><b>Arvika N\u00e4ringslivscentrum<\/b><\/div>\n                                                                                                                    <\/div>\n                            <div class=\"partner-card\">\n                    <div class=\"logo-wrapper\">\n                        <img decoding=\"async\" src=\"https:\/\/nyforetagarcentrum.se\/arvika\/wp-content\/uploads\/sites\/92\/2024\/06\/308651327_462260699268742_5034144749109611496_n.jpg\" alt=\"\">\n                    <\/div>\n                    \n                                            <div class=\"h4\"><b>FIA \u2013 F\u00f6retagarkvinnor i Arvika<\/b><\/div>\n                                                                                                                    <\/div>\n                            <div class=\"partner-card\">\n                    <div class=\"logo-wrapper\">\n                        <img decoding=\"async\" src=\"https:\/\/nyforetagarcentrum.se\/arvika\/wp-content\/uploads\/sites\/92\/2024\/06\/images-1.png\" alt=\"\">\n                    <\/div>\n                    \n                                            <div class=\"h4\"><b>Handelskammaren V\u00e4rmland<\/b><\/div>\n                                                                                                                    <\/div>\n                            <div class=\"partner-card\">\n                    <div class=\"logo-wrapper\">\n                        <img decoding=\"async\" src=\"https:\/\/nyforetagarcentrum.se\/arvika\/wp-content\/uploads\/sites\/92\/2024\/06\/000607523_1-0d919bdb0ad1bb8467eb6aca1fe422f3-1024x768-1-e1718800466803.png\" alt=\"\">\n                    <\/div>\n                    \n                                            <div class=\"h4\"><b>PIA \u2013 Privatinvesterare i Arvika<\/b><\/div>\n                                                                                                                    <\/div>\n                            <div class=\"partner-card\">\n                    <div class=\"logo-wrapper\">\n                        <img decoding=\"async\" src=\"https:\/\/nyforetagarcentrum.se\/arvika\/wp-content\/uploads\/sites\/92\/2024\/06\/images.jpeg\" alt=\"\">\n                    <\/div>\n                    \n                                            <div class=\"h4\"><b>Eda n\u00e4ringslivsf\u00f6rening<\/b><\/div>\n                                                                                                                    <\/div>\n                            <div class=\"partner-card\">\n                    <div class=\"logo-wrapper\">\n                        <img decoding=\"async\" src=\"https:\/\/nyforetagarcentrum.se\/arvika\/wp-content\/uploads\/sites\/92\/2024\/06\/Skarmavbild-2024-06-19-kl.-14.35.52.png\" alt=\"\">\n                    <\/div>\n                    \n                                            <div class=\"h4\"><b>Compare<\/b><\/div>\n                                                                                                                    <\/div>\n                            <div class=\"partner-card\">\n                    <div class=\"logo-wrapper\">\n                        <img decoding=\"async\" src=\"https:\/\/nyforetagarcentrum.se\/arvika\/wp-content\/uploads\/sites\/92\/2024\/06\/images-2.png\" alt=\"\">\n                    <\/div>\n                    \n                                            <div class=\"h4\"><b>ALMI V\u00e4rmland<\/b><\/div>\n                                                                                                                    <\/div>\n                            <div class=\"partner-card\">\n                    <div class=\"logo-wrapper\">\n                        <img decoding=\"async\" src=\"https:\/\/nyforetagarcentrum.se\/arvika\/wp-content\/uploads\/sites\/92\/2024\/06\/images-3.png\" alt=\"\">\n                    <\/div>\n                    \n                                            <div class=\"h4\"><b>NIFA<\/b><\/div>\n                                                                                                                    <\/div>\n                            <div class=\"partner-card\">\n                    <div class=\"logo-wrapper\">\n                        <img decoding=\"async\" src=\"https:\/\/nyforetagarcentrum.se\/arvika\/wp-content\/uploads\/sites\/92\/2024\/06\/14ad4f0672_logo_coompanionrod_1.png\" alt=\"\">\n                    <\/div>\n                    \n                                            <div class=\"h4\"><b>Coompanion<\/b><\/div>\n                                                                                                                    <\/div>\n                            <div class=\"partner-card\">\n                    <div class=\"logo-wrapper\">\n                        <img decoding=\"async\" src=\"https:\/\/nyforetagarcentrum.se\/arvika\/wp-content\/uploads\/sites\/92\/2024\/06\/images-4.png\" alt=\"\">\n                    <\/div>\n                    \n                                            <div class=\"h4\"><b>Paper Province<\/b><\/div>\n                                                                                                                    <\/div>\n                            <div class=\"partner-card\">\n                    <div class=\"logo-wrapper\">\n                        <img decoding=\"async\" src=\"https:\/\/nyforetagarcentrum.se\/arvika\/wp-content\/uploads\/sites\/92\/2024\/06\/images-5.png\" alt=\"\">\n                    <\/div>\n                    \n                                            <div class=\"h4\"><b>IUC St\u00e5l &amp; Verkstad<\/b><\/div>\n                                                                                                                    <\/div>\n                            <div class=\"partner-card\">\n                    <div class=\"logo-wrapper\">\n                        <img decoding=\"async\" src=\"https:\/\/nyforetagarcentrum.se\/arvika\/wp-content\/uploads\/sites\/92\/2024\/06\/images-2.jpeg\" alt=\"\">\n                    <\/div>\n                    \n                                            <div class=\"h4\"><b>Visit V\u00e4rmland<\/b><\/div>\n                                                                                                                    <\/div>\n                            <div class=\"partner-card\">\n                    <div class=\"logo-wrapper\">\n                        <img decoding=\"async\" src=\"https:\/\/nyforetagarcentrum.se\/arvika\/wp-content\/uploads\/sites\/92\/2024\/06\/scaaler_logo.jpeg\" alt=\"\">\n                    <\/div>\n                    \n                                            <div class=\"h4\"><b>Scaaler IoT Labs<\/b><\/div>\n                                                                                                                    <\/div>\n                            <div class=\"partner-card\">\n                    <div class=\"logo-wrapper\">\n                        <img decoding=\"async\" src=\"https:\/\/nyforetagarcentrum.se\/arvika\/wp-content\/uploads\/sites\/92\/2024\/06\/Skarmavbild-2024-06-19-kl.-14.40.11.png\" alt=\"\">\n                    <\/div>\n                    \n                                            <div class=\"h4\"><b>Aktiva Arvika<\/b><\/div>\n                                                                                                                    <\/div>\n                            <div class=\"partner-card\">\n                    <div class=\"logo-wrapper\">\n                        <img decoding=\"async\" src=\"https:\/\/nyforetagarcentrum.se\/arvika\/wp-content\/uploads\/sites\/92\/2024\/06\/images-6.png\" alt=\"\">\n                    <\/div>\n                    \n                                            <div class=\"h4\"><b>Nordmarkens N\u00e4ringsliv<\/b><\/div>\n                                                                                                                    <\/div>\n                        <\/div>\n<\/section>\n\n\n<div style=\"height:80px\" aria-hidden=\"true\" class=\"wp-block-spacer\"><\/div>\n","protected":false},"excerpt":{"rendered":"<p>Guldpartner Silverpartner Kommunala samarbetspartner Organisationspartner<\/p>\n","protected":false},"author":1,"featured_media":0,"parent":0,"menu_order":0,"comment_status":"closed","ping_status":"closed","template":"","meta":{"footnotes":""},"acf":[],"yoast_head":"<!-- This site is optimized with the Yoast SEO plugin v22.9 - https:\/\/yoast.com\/wordpress\/plugins\/seo\/ -->\n<title>V\u00e5ra samarbetspartners | NFC Arvika<\/title>\n<meta name=\"description\" content=\"Uppt\u00e4ck v\u00e5ra partners i Arvika som bidrar med resurser, expertis och n\u00e4tverk f\u00f6r att hj\u00e4lpa nya f\u00f6retagare att lyckas i sin verksamhet.\" \/>\n<meta name=\"robots\" content=\"index, follow, max-snippet:-1, max-image-preview:large, max-video-preview:-1\" \/>\n<link rel=\"canonical\" href=\"https:\/\/nyforetagarcentrum.se\/arvika\/vara-samarbetspartners\/\" \/>\n<meta property=\"og:locale\" content=\"sv_SE\" \/>\n<meta property=\"og:type\" content=\"article\" \/>\n<meta property=\"og:title\" content=\"V\u00e5ra samarbetspartners | NFC Arvika\" \/>\n<meta property=\"og:description\" content=\"Uppt\u00e4ck v\u00e5ra partners i Arvika som bidrar med resurser, expertis och n\u00e4tverk f\u00f6r att hj\u00e4lpa nya f\u00f6retagare att lyckas i sin verksamhet.\" \/>\n<meta property=\"og:url\" content=\"https:\/\/nyforetagarcentrum.se\/arvika\/vara-samarbetspartners\/\" \/>\n<meta property=\"og:site_name\" content=\"Arvika\" \/>\n<meta property=\"article:modified_time\" content=\"2025-03-04T21:34:46+00:00\" \/>\n<meta name=\"twitter:card\" content=\"summary_large_image\" \/>\n<meta name=\"twitter:label1\" content=\"Ber\u00e4knad l\u00e4stid\" \/>\n\t<meta name=\"twitter:data1\" content=\"1 minut\" \/>\n<script type=\"application\/ld+json\" class=\"yoast-schema-graph\">{\"@context\":\"https:\/\/schema.org\",\"@graph\":[{\"@type\":\"WebPage\",\"@id\":\"https:\/\/nyforetagarcentrum.se\/arvika\/vara-samarbetspartners\/\",\"url\":\"https:\/\/nyforetagarcentrum.se\/arvika\/vara-samarbetspartners\/\",\"name\":\"V\u00e5ra samarbetspartners | NFC Arvika\",\"isPartOf\":{\"@id\":\"https:\/\/nyforetagarcentrum.se\/arvika\/#website\"},\"datePublished\":\"2024-02-22T09:24:51+00:00\",\"dateModified\":\"2025-03-04T21:34:46+00:00\",\"description\":\"Uppt\u00e4ck v\u00e5ra partners i Arvika som bidrar med resurser, expertis och n\u00e4tverk f\u00f6r att hj\u00e4lpa nya f\u00f6retagare att lyckas i sin verksamhet.\",\"breadcrumb\":{\"@id\":\"https:\/\/nyforetagarcentrum.se\/arvika\/vara-samarbetspartners\/#breadcrumb\"},\"inLanguage\":\"sv-SE\",\"potentialAction\":[{\"@type\":\"ReadAction\",\"target\":[\"https:\/\/nyforetagarcentrum.se\/arvika\/vara-samarbetspartners\/\"]}]},{\"@type\":\"BreadcrumbList\",\"@id\":\"https:\/\/nyforetagarcentrum.se\/arvika\/vara-samarbetspartners\/#breadcrumb\",\"itemListElement\":[{\"@type\":\"ListItem\",\"position\":1,\"name\":\"Hem\",\"item\":\"https:\/\/nyforetagarcentrum.se\/arvika\/\"},{\"@type\":\"ListItem\",\"position\":2,\"name\":\"V\u00e5ra samarbetspartners\"}]},{\"@type\":\"WebSite\",\"@id\":\"https:\/\/nyforetagarcentrum.se\/arvika\/#website\",\"url\":\"https:\/\/nyforetagarcentrum.se\/arvika\/\",\"name\":\"Arvika\",\"description\":\"Sveriges ledande kraft f\u00f6r fler nya livskraftiga f\u00f6retag\",\"publisher\":{\"@id\":\"https:\/\/nyforetagarcentrum.se\/arvika\/#organization\"},\"potentialAction\":[{\"@type\":\"SearchAction\",\"target\":{\"@type\":\"EntryPoint\",\"urlTemplate\":\"https:\/\/nyforetagarcentrum.se\/arvika\/?s={search_term_string}\"},\"query-input\":\"required name=search_term_string\"}],\"inLanguage\":\"sv-SE\"},{\"@type\":\"Organization\",\"@id\":\"https:\/\/nyforetagarcentrum.se\/arvika\/#organization\",\"name\":\"Arvika\",\"url\":\"https:\/\/nyforetagarcentrum.se\/arvika\/\",\"logo\":{\"@type\":\"ImageObject\",\"inLanguage\":\"sv-SE\",\"@id\":\"https:\/\/nyforetagarcentrum.se\/arvika\/#\/schema\/logo\/image\/\",\"url\":\"https:\/\/nyforetagarcentrum.se\/arvika\/wp-content\/uploads\/sites\/92\/2024\/04\/cropped-vastra_hemsidan_logohemsida.png\",\"contentUrl\":\"https:\/\/nyforetagarcentrum.se\/arvika\/wp-content\/uploads\/sites\/92\/2024\/04\/cropped-vastra_hemsidan_logohemsida.png\",\"width\":211,\"height\":100,\"caption\":\"Arvika\"},\"image\":{\"@id\":\"https:\/\/nyforetagarcentrum.se\/arvika\/#\/schema\/logo\/image\/\"}}]}<\/script>\n<!-- \/ Yoast SEO plugin. -->","yoast_head_json":{"title":"V\u00e5ra samarbetspartners | NFC Arvika","description":"Uppt\u00e4ck v\u00e5ra partners i Arvika som bidrar med resurser, expertis och n\u00e4tverk f\u00f6r att hj\u00e4lpa nya f\u00f6retagare att lyckas i sin verksamhet.","robots":{"index":"index","follow":"follow","max-snippet":"max-snippet:-1","max-image-preview":"max-image-preview:large","max-video-preview":"max-video-preview:-1"},"canonical":"https:\/\/nyforetagarcentrum.se\/arvika\/vara-samarbetspartners\/","og_locale":"sv_SE","og_type":"article","og_title":"V\u00e5ra samarbetspartners | NFC Arvika","og_description":"Uppt\u00e4ck v\u00e5ra partners i Arvika som bidrar med resurser, expertis och n\u00e4tverk f\u00f6r att hj\u00e4lpa nya f\u00f6retagare att lyckas i sin verksamhet.","og_url":"https:\/\/nyforetagarcentrum.se\/arvika\/vara-samarbetspartners\/","og_site_name":"Arvika","article_modified_time":"2025-03-04T21:34:46+00:00","twitter_card":"summary_large_image","twitter_misc":{"Ber\u00e4knad l\u00e4stid":"1 minut"},"schema":{"@context":"https:\/\/schema.org","@graph":[{"@type":"WebPage","@id":"https:\/\/nyforetagarcentrum.se\/arvika\/vara-samarbetspartners\/","url":"https:\/\/nyforetagarcentrum.se\/arvika\/vara-samarbetspartners\/","name":"V\u00e5ra samarbetspartners | NFC Arvika","isPartOf":{"@id":"https:\/\/nyforetagarcentrum.se\/arvika\/#website"},"datePublished":"2024-02-22T09:24:51+00:00","dateModified":"2025-03-04T21:34:46+00:00","description":"Uppt\u00e4ck v\u00e5ra partners i Arvika som bidrar med resurser, expertis och n\u00e4tverk f\u00f6r att hj\u00e4lpa nya f\u00f6retagare att lyckas i sin verksamhet.","breadcrumb":{"@id":"https:\/\/nyforetagarcentrum.se\/arvika\/vara-samarbetspartners\/#breadcrumb"},"inLanguage":"sv-SE","potentialAction":[{"@type":"ReadAction","target":["https:\/\/nyforetagarcentrum.se\/arvika\/vara-samarbetspartners\/"]}]},{"@type":"BreadcrumbList","@id":"https:\/\/nyforetagarcentrum.se\/arvika\/vara-samarbetspartners\/#breadcrumb","itemListElement":[{"@type":"ListItem","position":1,"name":"Hem","item":"https:\/\/nyforetagarcentrum.se\/arvika\/"},{"@type":"ListItem","position":2,"name":"V\u00e5ra samarbetspartners"}]},{"@type":"WebSite","@id":"https:\/\/nyforetagarcentrum.se\/arvika\/#website","url":"https:\/\/nyforetagarcentrum.se\/arvika\/","name":"Arvika","description":"Sveriges ledande kraft f\u00f6r fler nya livskraftiga f\u00f6retag","publisher":{"@id":"https:\/\/nyforetagarcentrum.se\/arvika\/#organization"},"potentialAction":[{"@type":"SearchAction","target":{"@type":"EntryPoint","urlTemplate":"https:\/\/nyforetagarcentrum.se\/arvika\/?s={search_term_string}"},"query-input":"required name=search_term_string"}],"inLanguage":"sv-SE"},{"@type":"Organization","@id":"https:\/\/nyforetagarcentrum.se\/arvika\/#organization","name":"Arvika","url":"https:\/\/nyforetagarcentrum.se\/arvika\/","logo":{"@type":"ImageObject","inLanguage":"sv-SE","@id":"https:\/\/nyforetagarcentrum.se\/arvika\/#\/schema\/logo\/image\/","url":"https:\/\/nyforetagarcentrum.se\/arvika\/wp-content\/uploads\/sites\/92\/2024\/04\/cropped-vastra_hemsidan_logohemsida.png","contentUrl":"https:\/\/nyforetagarcentrum.se\/arvika\/wp-content\/uploads\/sites\/92\/2024\/04\/cropped-vastra_hemsidan_logohemsida.png","width":211,"height":100,"caption":"Arvika"},"image":{"@id":"https:\/\/nyforetagarcentrum.se\/arvika\/#\/schema\/logo\/image\/"}}]}},"_links":{"self":[{"href":"https:\/\/nyforetagarcentrum.se\/arvika\/wp-json\/wp\/v2\/pages\/41"}],"collection":[{"href":"https:\/\/nyforetagarcentrum.se\/arvika\/wp-json\/wp\/v2\/pages"}],"about":[{"href":"https:\/\/nyforetagarcentrum.se\/arvika\/wp-json\/wp\/v2\/types\/page"}],"author":[{"embeddable":true,"href":"https:\/\/nyforetagarcentrum.se\/arvika\/wp-json\/wp\/v2\/users\/1"}],"replies":[{"embeddable":true,"href":"https:\/\/nyforetagarcentrum.se\/arvika\/wp-json\/wp\/v2\/comments?post=41"}],"version-history":[{"count":133,"href":"https:\/\/nyforetagarcentrum.se\/arvika\/wp-json\/wp\/v2\/pages\/41\/revisions"}],"predecessor-version":[{"id":2445,"href":"https:\/\/nyforetagarcentrum.se\/arvika\/wp-json\/wp\/v2\/pages\/41\/revisions\/2445"}],"wp:attachment":[{"href":"https:\/\/nyforetagarcentrum.se\/arvika\/wp-json\/wp\/v2\/media?parent=41"}],"curies":[{"name":"wp","href":"https:\/\/api.w.org\/{rel}","templated":true}]}}