{"id":164,"date":"2024-02-27T16:05:17","date_gmt":"2024-02-27T15:05:17","guid":{"rendered":"https:\/\/nyforetagarcentrum.se\/arvika\/?page_id=164"},"modified":"2024-10-03T14:46:53","modified_gmt":"2024-10-03T12:46:53","slug":"var-styrelse","status":"publish","type":"page","link":"https:\/\/nyforetagarcentrum.se\/arvika\/var-styrelse\/","title":{"rendered":"V\u00e5r styrelse"},"content":{"rendered":"<section  class=\"nfc-block-hero alignfull\">\n\n    <img loading=\"lazy\" decoding=\"async\" width=\"1475\" height=\"1080\" src=\"https:\/\/nyforetagarcentrum.se\/arvika\/wp-content\/uploads\/sites\/92\/2024\/02\/Nyforetagare-natverk-grupp-LOW.jpg\" class=\"attachment-landscape size-landscape\" alt=\"\" srcset=\"https:\/\/nyforetagarcentrum.se\/arvika\/wp-content\/uploads\/sites\/92\/2024\/02\/Nyforetagare-natverk-grupp-LOW.jpg 1476w, https:\/\/nyforetagarcentrum.se\/arvika\/wp-content\/uploads\/sites\/92\/2024\/02\/Nyforetagare-natverk-grupp-LOW-300x220.jpg 300w, https:\/\/nyforetagarcentrum.se\/arvika\/wp-content\/uploads\/sites\/92\/2024\/02\/Nyforetagare-natverk-grupp-LOW-1024x750.jpg 1024w, https:\/\/nyforetagarcentrum.se\/arvika\/wp-content\/uploads\/sites\/92\/2024\/02\/Nyforetagare-natverk-grupp-LOW-768x562.jpg 768w\" sizes=\"(max-width: 1475px) 100vw, 1475px\" \/>\n    <div class=\"contained\">\n        <h1 class=\"nfc-block-hero__heading\">V\u00e5r styrelse<\/h1>\n\n            <\/div>\n<\/section>\n\n\n<div style=\"height:50px\" aria-hidden=\"true\" class=\"wp-block-spacer\"><\/div>\n\n\n<section  class=\"nfc-block-breadcrumbs alignwide\">\n    <div class=\"wrapper contained\">\n        <ol class=\"breadcrumbs\" itemscope itemtype=\"https:\/\/schema.org\/BreadcrumbList\">\n            <li itemprop=\"itemListElement\" itemscope itemtype=\"https:\/\/schema.org\/ListItem\">\n            \n\n                            <span class=\"current\" itemprop=\"name\">Hem<\/span>\n            \n            <meta itemprop=\"position\" content=\"1\" \/>\n        <\/li>\n    <\/ol>    <\/div>\n<\/section>\n\n<section  class=\"nfc-block-person_grid alignwide layout-small\">\n    <div class=\"contained\">\n        <div class=\"grid\">\n            <div class=\"person-card\">\n    \n    \n    <div class=\"content-wrapper\">\n        <div class=\"top\">\n                    <\/div>\n        \n        <h3>Johan V\u00e4sts\u00e4ter<\/h3>\n\n        <div class=\"excerpt\">\n                    <\/div>\n\n        <div class=\"links\">\n            \n                    <\/div>\n        \n    <\/div>\n<\/div><div class=\"person-card\">\n    \n    \n    <div class=\"content-wrapper\">\n        <div class=\"top\">\n                    <\/div>\n        \n        <h3>Marcus Wihk<\/h3>\n\n        <div class=\"excerpt\">\n            Vice Ordf\u00f6rande<br \/>\r\nBitr\u00e4dande Kommundirekt\u00f6r Arvika Kommun<br \/>\r\n        <\/div>\n\n        <div class=\"links\">\n            \n                    <\/div>\n        \n    <\/div>\n<\/div><div class=\"person-card\">\n    \n    \n    <div class=\"content-wrapper\">\n        <div class=\"top\">\n                    <\/div>\n        \n        <h3>P\u00e4r Sundman<\/h3>\n\n        <div class=\"excerpt\">\n            Vice Ordf\u00f6rande<br \/>\r\nN\u00e4ringslivsutvecklare Eda Kommun<br \/>\r\n        <\/div>\n\n        <div class=\"links\">\n            \n                    <\/div>\n        \n    <\/div>\n<\/div><div class=\"person-card\">\n    \n    \n    <div class=\"content-wrapper\">\n        <div class=\"top\">\n                    <\/div>\n        \n        <h3>Johan Andersson<\/h3>\n\n        <div class=\"excerpt\">\n            Ledamot<br \/>\r\nVD Arvika Redovisningsbyr\u00e5<br \/>\r\n        <\/div>\n\n        <div class=\"links\">\n            \n                    <\/div>\n        \n    <\/div>\n<\/div><div class=\"person-card\">\n    \n    \n    <div class=\"content-wrapper\">\n        <div class=\"top\">\n                    <\/div>\n        \n        <h3>Jonas Andersson<\/h3>\n\n        <div class=\"excerpt\">\n            Adjungerad<br \/>\r\nN\u00e4ringslivsutvecklare Arvika kommun<br \/>\r\n<br \/>\r\n        <\/div>\n\n        <div class=\"links\">\n            \n                    <\/div>\n        \n    <\/div>\n<\/div><div class=\"person-card\">\n    \n    \n    <div class=\"content-wrapper\">\n        <div class=\"top\">\n                    <\/div>\n        \n        <h3>Thorill Pettersson<\/h3>\n\n        <div class=\"excerpt\">\n            Ledamot<br \/>\r\nN\u00e4ringslivsutvecklare Nordmarkens N\u00e4ringsliv, \u00c5rj\u00e4ngs Kommun<br \/>\r\n        <\/div>\n\n        <div class=\"links\">\n            \n                    <\/div>\n        \n    <\/div>\n<\/div>        <\/div>\n    <\/div>\n<\/section>\n\n\n<div style=\"height:100px\" aria-hidden=\"true\" class=\"wp-block-spacer\"><\/div>\n","protected":false},"excerpt":{"rendered":"","protected":false},"author":1,"featured_media":0,"parent":0,"menu_order":0,"comment_status":"closed","ping_status":"closed","template":"","meta":{"footnotes":""},"acf":[],"yoast_head":"<!-- This site is optimized with the Yoast SEO plugin v22.9 - https:\/\/yoast.com\/wordpress\/plugins\/seo\/ -->\n<title>V\u00e5r styrelse - Arvika<\/title>\n<meta name=\"description\" content=\"L\u00e4s om vilka vi \u00e4r som sitter i styrelsen f\u00f6r Nyf\u00f6retagarcentrum V\u00e4stra V\u00e4rmland samt vad vi har f\u00f6r roller i n\u00e4ringslivet.\" \/>\n<meta name=\"robots\" content=\"index, follow, max-snippet:-1, max-image-preview:large, max-video-preview:-1\" \/>\n<link rel=\"canonical\" href=\"https:\/\/nyforetagarcentrum.se\/arvika\/var-styrelse\/\" \/>\n<meta property=\"og:locale\" content=\"sv_SE\" \/>\n<meta property=\"og:type\" content=\"article\" \/>\n<meta property=\"og:title\" content=\"V\u00e5r styrelse - Arvika\" \/>\n<meta property=\"og:description\" content=\"L\u00e4s om vilka vi \u00e4r som sitter i styrelsen f\u00f6r Nyf\u00f6retagarcentrum V\u00e4stra V\u00e4rmland samt vad vi har f\u00f6r roller i n\u00e4ringslivet.\" \/>\n<meta property=\"og:url\" content=\"https:\/\/nyforetagarcentrum.se\/arvika\/var-styrelse\/\" \/>\n<meta property=\"og:site_name\" content=\"Arvika\" \/>\n<meta property=\"article:modified_time\" content=\"2024-10-03T12:46:53+00:00\" \/>\n<meta name=\"twitter:card\" content=\"summary_large_image\" \/>\n<script type=\"application\/ld+json\" class=\"yoast-schema-graph\">{\"@context\":\"https:\/\/schema.org\",\"@graph\":[{\"@type\":\"WebPage\",\"@id\":\"https:\/\/nyforetagarcentrum.se\/arvika\/var-styrelse\/\",\"url\":\"https:\/\/nyforetagarcentrum.se\/arvika\/var-styrelse\/\",\"name\":\"V\u00e5r styrelse - Arvika\",\"isPartOf\":{\"@id\":\"https:\/\/nyforetagarcentrum.se\/arvika\/#website\"},\"datePublished\":\"2024-02-27T15:05:17+00:00\",\"dateModified\":\"2024-10-03T12:46:53+00:00\",\"description\":\"L\u00e4s om vilka vi \u00e4r som sitter i styrelsen f\u00f6r Nyf\u00f6retagarcentrum V\u00e4stra V\u00e4rmland samt vad vi har f\u00f6r roller i n\u00e4ringslivet.\",\"breadcrumb\":{\"@id\":\"https:\/\/nyforetagarcentrum.se\/arvika\/var-styrelse\/#breadcrumb\"},\"inLanguage\":\"sv-SE\",\"potentialAction\":[{\"@type\":\"ReadAction\",\"target\":[\"https:\/\/nyforetagarcentrum.se\/arvika\/var-styrelse\/\"]}]},{\"@type\":\"BreadcrumbList\",\"@id\":\"https:\/\/nyforetagarcentrum.se\/arvika\/var-styrelse\/#breadcrumb\",\"itemListElement\":[{\"@type\":\"ListItem\",\"position\":1,\"name\":\"Hem\",\"item\":\"https:\/\/nyforetagarcentrum.se\/arvika\/\"},{\"@type\":\"ListItem\",\"position\":2,\"name\":\"V\u00e5r styrelse\"}]},{\"@type\":\"WebSite\",\"@id\":\"https:\/\/nyforetagarcentrum.se\/arvika\/#website\",\"url\":\"https:\/\/nyforetagarcentrum.se\/arvika\/\",\"name\":\"Arvika\",\"description\":\"Sveriges ledande kraft f\u00f6r fler nya livskraftiga f\u00f6retag\",\"publisher\":{\"@id\":\"https:\/\/nyforetagarcentrum.se\/arvika\/#organization\"},\"potentialAction\":[{\"@type\":\"SearchAction\",\"target\":{\"@type\":\"EntryPoint\",\"urlTemplate\":\"https:\/\/nyforetagarcentrum.se\/arvika\/?s={search_term_string}\"},\"query-input\":\"required name=search_term_string\"}],\"inLanguage\":\"sv-SE\"},{\"@type\":\"Organization\",\"@id\":\"https:\/\/nyforetagarcentrum.se\/arvika\/#organization\",\"name\":\"Arvika\",\"url\":\"https:\/\/nyforetagarcentrum.se\/arvika\/\",\"logo\":{\"@type\":\"ImageObject\",\"inLanguage\":\"sv-SE\",\"@id\":\"https:\/\/nyforetagarcentrum.se\/arvika\/#\/schema\/logo\/image\/\",\"url\":\"https:\/\/nyforetagarcentrum.se\/arvika\/wp-content\/uploads\/sites\/92\/2024\/04\/cropped-vastra_hemsidan_logohemsida.png\",\"contentUrl\":\"https:\/\/nyforetagarcentrum.se\/arvika\/wp-content\/uploads\/sites\/92\/2024\/04\/cropped-vastra_hemsidan_logohemsida.png\",\"width\":211,\"height\":100,\"caption\":\"Arvika\"},\"image\":{\"@id\":\"https:\/\/nyforetagarcentrum.se\/arvika\/#\/schema\/logo\/image\/\"}}]}<\/script>\n<!-- \/ Yoast SEO plugin. -->","yoast_head_json":{"title":"V\u00e5r styrelse - Arvika","description":"L\u00e4s om vilka vi \u00e4r som sitter i styrelsen f\u00f6r Nyf\u00f6retagarcentrum V\u00e4stra V\u00e4rmland samt vad vi har f\u00f6r roller i n\u00e4ringslivet.","robots":{"index":"index","follow":"follow","max-snippet":"max-snippet:-1","max-image-preview":"max-image-preview:large","max-video-preview":"max-video-preview:-1"},"canonical":"https:\/\/nyforetagarcentrum.se\/arvika\/var-styrelse\/","og_locale":"sv_SE","og_type":"article","og_title":"V\u00e5r styrelse - Arvika","og_description":"L\u00e4s om vilka vi \u00e4r som sitter i styrelsen f\u00f6r Nyf\u00f6retagarcentrum V\u00e4stra V\u00e4rmland samt vad vi har f\u00f6r roller i n\u00e4ringslivet.","og_url":"https:\/\/nyforetagarcentrum.se\/arvika\/var-styrelse\/","og_site_name":"Arvika","article_modified_time":"2024-10-03T12:46:53+00:00","twitter_card":"summary_large_image","schema":{"@context":"https:\/\/schema.org","@graph":[{"@type":"WebPage","@id":"https:\/\/nyforetagarcentrum.se\/arvika\/var-styrelse\/","url":"https:\/\/nyforetagarcentrum.se\/arvika\/var-styrelse\/","name":"V\u00e5r styrelse - Arvika","isPartOf":{"@id":"https:\/\/nyforetagarcentrum.se\/arvika\/#website"},"datePublished":"2024-02-27T15:05:17+00:00","dateModified":"2024-10-03T12:46:53+00:00","description":"L\u00e4s om vilka vi \u00e4r som sitter i styrelsen f\u00f6r Nyf\u00f6retagarcentrum V\u00e4stra V\u00e4rmland samt vad vi har f\u00f6r roller i n\u00e4ringslivet.","breadcrumb":{"@id":"https:\/\/nyforetagarcentrum.se\/arvika\/var-styrelse\/#breadcrumb"},"inLanguage":"sv-SE","potentialAction":[{"@type":"ReadAction","target":["https:\/\/nyforetagarcentrum.se\/arvika\/var-styrelse\/"]}]},{"@type":"BreadcrumbList","@id":"https:\/\/nyforetagarcentrum.se\/arvika\/var-styrelse\/#breadcrumb","itemListElement":[{"@type":"ListItem","position":1,"name":"Hem","item":"https:\/\/nyforetagarcentrum.se\/arvika\/"},{"@type":"ListItem","position":2,"name":"V\u00e5r styrelse"}]},{"@type":"WebSite","@id":"https:\/\/nyforetagarcentrum.se\/arvika\/#website","url":"https:\/\/nyforetagarcentrum.se\/arvika\/","name":"Arvika","description":"Sveriges ledande kraft f\u00f6r fler nya livskraftiga f\u00f6retag","publisher":{"@id":"https:\/\/nyforetagarcentrum.se\/arvika\/#organization"},"potentialAction":[{"@type":"SearchAction","target":{"@type":"EntryPoint","urlTemplate":"https:\/\/nyforetagarcentrum.se\/arvika\/?s={search_term_string}"},"query-input":"required name=search_term_string"}],"inLanguage":"sv-SE"},{"@type":"Organization","@id":"https:\/\/nyforetagarcentrum.se\/arvika\/#organization","name":"Arvika","url":"https:\/\/nyforetagarcentrum.se\/arvika\/","logo":{"@type":"ImageObject","inLanguage":"sv-SE","@id":"https:\/\/nyforetagarcentrum.se\/arvika\/#\/schema\/logo\/image\/","url":"https:\/\/nyforetagarcentrum.se\/arvika\/wp-content\/uploads\/sites\/92\/2024\/04\/cropped-vastra_hemsidan_logohemsida.png","contentUrl":"https:\/\/nyforetagarcentrum.se\/arvika\/wp-content\/uploads\/sites\/92\/2024\/04\/cropped-vastra_hemsidan_logohemsida.png","width":211,"height":100,"caption":"Arvika"},"image":{"@id":"https:\/\/nyforetagarcentrum.se\/arvika\/#\/schema\/logo\/image\/"}}]}},"_links":{"self":[{"href":"https:\/\/nyforetagarcentrum.se\/arvika\/wp-json\/wp\/v2\/pages\/164"}],"collection":[{"href":"https:\/\/nyforetagarcentrum.se\/arvika\/wp-json\/wp\/v2\/pages"}],"about":[{"href":"https:\/\/nyforetagarcentrum.se\/arvika\/wp-json\/wp\/v2\/types\/page"}],"author":[{"embeddable":true,"href":"https:\/\/nyforetagarcentrum.se\/arvika\/wp-json\/wp\/v2\/users\/1"}],"replies":[{"embeddable":true,"href":"https:\/\/nyforetagarcentrum.se\/arvika\/wp-json\/wp\/v2\/comments?post=164"}],"version-history":[{"count":32,"href":"https:\/\/nyforetagarcentrum.se\/arvika\/wp-json\/wp\/v2\/pages\/164\/revisions"}],"predecessor-version":[{"id":2225,"href":"https:\/\/nyforetagarcentrum.se\/arvika\/wp-json\/wp\/v2\/pages\/164\/revisions\/2225"}],"wp:attachment":[{"href":"https:\/\/nyforetagarcentrum.se\/arvika\/wp-json\/wp\/v2\/media?parent=164"}],"curies":[{"name":"wp","href":"https:\/\/api.w.org\/{rel}","templated":true}]}}