{"id":41,"date":"2024-02-22T10:24:51","date_gmt":"2024-02-22T09:24:51","guid":{"rendered":"https:\/\/nyforetagarcentrum.se\/almhult\/?page_id=41"},"modified":"2025-04-28T11:12:16","modified_gmt":"2025-04-28T09:12:16","slug":"vara-samarbetspartners","status":"publish","type":"page","link":"https:\/\/nyforetagarcentrum.se\/almhult\/vara-samarbetspartners\/","title":{"rendered":"V\u00e5ra samarbetspartners"},"content":{"rendered":"<section  class=\"nfc-block-hero alignfull\">\n\n    <img loading=\"lazy\" decoding=\"async\" width=\"1470\" height=\"980\" src=\"https:\/\/nyforetagarcentrum.se\/almhult\/wp-content\/uploads\/sites\/44\/2024\/02\/Medium_JM.png\" class=\"attachment-landscape size-landscape\" alt=\"\" srcset=\"https:\/\/nyforetagarcentrum.se\/almhult\/wp-content\/uploads\/sites\/44\/2024\/02\/Medium_JM.png 1470w, https:\/\/nyforetagarcentrum.se\/almhult\/wp-content\/uploads\/sites\/44\/2024\/02\/Medium_JM-300x200.png 300w, https:\/\/nyforetagarcentrum.se\/almhult\/wp-content\/uploads\/sites\/44\/2024\/02\/Medium_JM-1024x683.png 1024w, https:\/\/nyforetagarcentrum.se\/almhult\/wp-content\/uploads\/sites\/44\/2024\/02\/Medium_JM-768x512.png 768w\" sizes=\"(max-width: 1470px) 100vw, 1470px\" \/>\n    <div class=\"contained\">\n        <h1 class=\"nfc-block-hero__heading\">V\u00e5ra samarbetspartners<\/h1>\n\n            <\/div>\n<\/section>\n\n<section  class=\"block-our-partners nfc-block-partners\">\n    <div class=\"contained\">\n            <\/div>\n<\/section>\n\n\n<div style=\"height:50px\" aria-hidden=\"true\" class=\"wp-block-spacer\"><\/div>\n\n\n<section  class=\"nfc-block-breadcrumbs\">\n    <div class=\"wrapper contained\">\n        <ol class=\"breadcrumbs\" itemscope itemtype=\"https:\/\/schema.org\/BreadcrumbList\">\n            <li itemprop=\"itemListElement\" itemscope itemtype=\"https:\/\/schema.org\/ListItem\">\n            \n\n                            <span class=\"current\" itemprop=\"name\">Hem<\/span>\n            \n            <meta itemprop=\"position\" content=\"1\" \/>\n        <\/li>\n    <\/ol>    <\/div>\n<\/section>\n\n\n<div style=\"height:51px\" aria-hidden=\"true\" class=\"wp-block-spacer\"><\/div>\n\n\n<section  class=\"block-our-partners nfc-block-partners\">\n    <div class=\"contained\">\n                                    <div class=\"partner-card\">\n                    <div class=\"logo-wrapper\">\n                        <img decoding=\"async\" src=\"https:\/\/nyforetagarcentrum.se\/almhult\/wp-content\/uploads\/sites\/44\/2024\/05\/Almhult-logga.jpg\" alt=\"\">\n                    <\/div>\n                    \n                                            <div class=\"h4\"><b>\u00c4lmhults Kommun<\/b><\/div>\n                                                                                                                            <div class=\"item link\"><b><a href=\"https:\/\/www.almhult.se\/naringslivarbete\/startadrivaochutveckla.611.html\" target=\"_blank\" > Till hemsidan<\/a><\/b><\/div>\n                                    <\/div>\n                            <div class=\"partner-card\">\n                    <div class=\"logo-wrapper\">\n                        <img decoding=\"async\" src=\"https:\/\/nyforetagarcentrum.se\/almhult\/wp-content\/uploads\/sites\/44\/2024\/05\/ATA-Timber.png\" alt=\"\">\n                    <\/div>\n                    \n                                            <div class=\"h4\"><b>  ATA Timber<\/b><\/div>\n                                                                                                                            <div class=\"item link\"><b><a href=\"https:\/\/www.ata.nu\/\" target=\"_blank\" > Till hemsidan<\/a><\/b><\/div>\n                                    <\/div>\n                            <div class=\"partner-card\">\n                    <div class=\"logo-wrapper\">\n                        <img decoding=\"async\" src=\"https:\/\/nyforetagarcentrum.se\/almhult\/wp-content\/uploads\/sites\/44\/2024\/05\/EY.gif\" alt=\"\">\n                    <\/div>\n                    \n                                            <div class=\"h4\"><b>EY<\/b><\/div>\n                                                                                                                            <div class=\"item link\"><b><a href=\"https:\/\/www.ey.com\/sv_se\" target=\"_blank\" > Till hemsidan<\/a><\/b><\/div>\n                                    <\/div>\n                            <div class=\"partner-card\">\n                    <div class=\"logo-wrapper\">\n                        <img decoding=\"async\" src=\"https:\/\/nyforetagarcentrum.se\/almhult\/wp-content\/uploads\/sites\/44\/2024\/05\/Handelsbanken.png\" alt=\"\">\n                    <\/div>\n                    \n                                            <div class=\"h4\"><b>Handelsbanken<\/b><\/div>\n                                                                                                                            <div class=\"item link\"><b><a href=\"https:\/\/www.handelsbanken.se\/sv\/\" target=\"_blank\" > Till hemsidan<\/a><\/b><\/div>\n                                    <\/div>\n                            <div class=\"partner-card\">\n                    <div class=\"logo-wrapper\">\n                        <img decoding=\"async\" src=\"https:\/\/nyforetagarcentrum.se\/almhult\/wp-content\/uploads\/sites\/44\/2024\/05\/ikea.jpeg\" alt=\"\">\n                    <\/div>\n                    \n                                            <div class=\"h4\"><b>IKEA <\/b><\/div>\n                                                                                                                            <div class=\"item link\"><b><a href=\"https:\/\/www.ikea.com\/se\/sv\/\" target=\"_blank\" > Till hemsidan<\/a><\/b><\/div>\n                                    <\/div>\n                            <div class=\"partner-card\">\n                    <div class=\"logo-wrapper\">\n                        <img decoding=\"async\" src=\"https:\/\/nyforetagarcentrum.se\/almhult\/wp-content\/uploads\/sites\/44\/2024\/05\/Hema.jpg\" alt=\"\">\n                    <\/div>\n                    \n                                            <div class=\"h4\"><b>HEMA Rostfritt<\/b><\/div>\n                                                                                                                            <div class=\"item link\"><b><a href=\"https:\/\/hemarostfritt.se\/\" target=\"_blank\" > Till hemsidan<\/a><\/b><\/div>\n                                    <\/div>\n                            <div class=\"partner-card\">\n                    <div class=\"logo-wrapper\">\n                        <img decoding=\"async\" src=\"https:\/\/nyforetagarcentrum.se\/almhult\/wp-content\/uploads\/sites\/44\/2024\/05\/Invacare.jpg\" alt=\"\">\n                    <\/div>\n                    \n                                            <div class=\"h4\"><b>Invacare<\/b><\/div>\n                                                                                                                            <div class=\"item link\"><b><a href=\"https:\/\/www.invacare.se\/sv\" target=\"_blank\" > Till hemsidan<\/a><\/b><\/div>\n                                    <\/div>\n                            <div class=\"partner-card\">\n                    <div class=\"logo-wrapper\">\n                        <img decoding=\"async\" src=\"https:\/\/nyforetagarcentrum.se\/almhult\/wp-content\/uploads\/sites\/44\/2024\/05\/Obik.jpg\" alt=\"\">\n                    <\/div>\n                    \n                                            <div class=\"h4\"><b>OBIK<\/b><\/div>\n                                                                                                                            <div class=\"item link\"><b><a href=\"https:\/\/obik.se\/\" target=\"_blank\" > Till hemsidan<\/a><\/b><\/div>\n                                    <\/div>\n                            <div class=\"partner-card\">\n                    <div class=\"logo-wrapper\">\n                        <img decoding=\"async\" src=\"https:\/\/nyforetagarcentrum.se\/almhult\/wp-content\/uploads\/sites\/44\/2024\/05\/PWC.jpg\" alt=\"\">\n                    <\/div>\n                    \n                                            <div class=\"h4\"><b>PWC<\/b><\/div>\n                                                                                                                            <div class=\"item link\"><b><a href=\"https:\/\/www.pwc.se\/\" target=\"_blank\" > Till hemsidan<\/a><\/b><\/div>\n                                    <\/div>\n                            <div class=\"partner-card\">\n                    <div class=\"logo-wrapper\">\n                        <img decoding=\"async\" src=\"https:\/\/nyforetagarcentrum.se\/almhult\/wp-content\/uploads\/sites\/44\/2024\/05\/SMP.jpg\" alt=\"\">\n                    <\/div>\n                    \n                                            <div class=\"h4\"><b>Sm\u00e5landsposten<\/b><\/div>\n                                                                                                                            <div class=\"item link\"><b><a href=\"https:\/\/www.smp.se\/\" target=\"_blank\" > Till hemsidan<\/a><\/b><\/div>\n                                    <\/div>\n                            <div class=\"partner-card\">\n                    <div class=\"logo-wrapper\">\n                        <img decoding=\"async\" src=\"https:\/\/nyforetagarcentrum.se\/almhult\/wp-content\/uploads\/sites\/44\/2024\/05\/Widings.png\" alt=\"\">\n                    <\/div>\n                    \n                                            <div class=\"h4\"><b>Widings el<\/b><\/div>\n                                                                                                                            <div class=\"item link\"><b><a href=\"https:\/\/widingsel.se\/\" target=\"_blank\" > Till hemsidan<\/a><\/b><\/div>\n                                    <\/div>\n                            <div class=\"partner-card\">\n                    <div class=\"logo-wrapper\">\n                        <img decoding=\"async\" src=\"https:\/\/nyforetagarcentrum.se\/almhult\/wp-content\/uploads\/sites\/44\/2024\/05\/LF-Kronoberg.png\" alt=\"\">\n                    <\/div>\n                    \n                                            <div class=\"h4\"><b>L\u00e4nsf\u00f6rs\u00e4kringar<\/b><\/div>\n                                                                                                                            <div class=\"item link\"><b><a href=\"https:\/\/www.lansforsakringar.se\/stockholm\/privat\/\" target=\"_blank\" > Till hemsidan<\/a><\/b><\/div>\n                                    <\/div>\n                            <div class=\"partner-card\">\n                    <div class=\"logo-wrapper\">\n                        <img decoding=\"async\" src=\"https:\/\/nyforetagarcentrum.se\/almhult\/wp-content\/uploads\/sites\/44\/2024\/05\/Tonnerviks-CH.png\" alt=\"\">\n                    <\/div>\n                    \n                                            <div class=\"h4\"><b>Crowe Horwath<\/b><\/div>\n                                                                                                                            <div class=\"item link\"><b><a href=\"https:\/\/www.crowe.com\/se\" target=\"_blank\" > Till hemsidan<\/a><\/b><\/div>\n                                    <\/div>\n                            <div class=\"partner-card\">\n                    <div class=\"logo-wrapper\">\n                        <img decoding=\"async\" src=\"https:\/\/nyforetagarcentrum.se\/almhult\/wp-content\/uploads\/sites\/44\/2024\/05\/Sparbanken_Eken.png\" alt=\"\">\n                    <\/div>\n                    \n                                            <div class=\"h4\"><b>Sparbanken Eken<\/b><\/div>\n                                                                                                                            <div class=\"item link\"><b><a href=\"https:\/\/www.sparbankeneken.se\/\" target=\"_blank\" > Till hemsidan<\/a><\/b><\/div>\n                                    <\/div>\n                            <div class=\"partner-card\">\n                    <div class=\"logo-wrapper\">\n                        <img decoding=\"async\" src=\"https:\/\/nyforetagarcentrum.se\/almhult\/wp-content\/uploads\/sites\/44\/2024\/05\/Swedbank_logo.png\" alt=\"\">\n                    <\/div>\n                    \n                                            <div class=\"h4\"><b>Swedbank<\/b><\/div>\n                                                                                                                            <div class=\"item link\"><b><a href=\"https:\/\/www.swedbank.se\/\" target=\"_blank\" > Till hemsidan<\/a><\/b><\/div>\n                                    <\/div>\n                            <div class=\"partner-card\">\n                    <div class=\"logo-wrapper\">\n                        <img decoding=\"async\" src=\"https:\/\/nyforetagarcentrum.se\/almhult\/wp-content\/uploads\/sites\/44\/2024\/05\/Ludvig-CO-51.jpg\" alt=\"\">\n                    <\/div>\n                    \n                                            <div class=\"h4\"><b>Ludvig &amp; Co<\/b><\/div>\n                                                                                                                            <div class=\"item link\"><b><a href=\"https:\/\/ludvig.se\/\" target=\"_blank\" > Till hemsidan<\/a><\/b><\/div>\n                                    <\/div>\n                            <div class=\"partner-card\">\n                    <div class=\"logo-wrapper\">\n                        <img decoding=\"async\" src=\"https:\/\/nyforetagarcentrum.se\/almhult\/wp-content\/uploads\/sites\/44\/2024\/05\/ArcQor_logo_grey_wit.png\" alt=\"\">\n                    <\/div>\n                    \n                                            <div class=\"h4\"><b> Arcqor<\/b><\/div>\n                                                                                                                            <div class=\"item link\"><b><a href=\"https:\/\/arcqor.com\/\" target=\"_blank\" > Till hemsidan<\/a><\/b><\/div>\n                                    <\/div>\n                            <div class=\"partner-card\">\n                    <div class=\"logo-wrapper\">\n                        <img decoding=\"async\" src=\"https:\/\/nyforetagarcentrum.se\/almhult\/wp-content\/uploads\/sites\/44\/2024\/05\/Clean4U-logo-web-kopia.png\" alt=\"\">\n                    <\/div>\n                    \n                                            <div class=\"h4\"><b>Service 4U<\/b><\/div>\n                                                                                                                    <\/div>\n                            <div class=\"partner-card\">\n                    <div class=\"logo-wrapper\">\n                        <img decoding=\"async\" src=\"https:\/\/nyforetagarcentrum.se\/almhult\/wp-content\/uploads\/sites\/44\/2024\/05\/mse.jpg\" alt=\"\">\n                    <\/div>\n                    \n                                            <div class=\"h4\"><b>MSE AB<\/b><\/div>\n                                                                                                                            <div class=\"item link\"><b><a href=\"https:\/\/www.mse.se\/\" target=\"_blank\" > Till hemsidan<\/a><\/b><\/div>\n                                    <\/div>\n                            <div class=\"partner-card\">\n                    <div class=\"logo-wrapper\">\n                        <img decoding=\"async\" src=\"https:\/\/nyforetagarcentrum.se\/almhult\/wp-content\/uploads\/sites\/44\/2024\/05\/Foretagarna.jpg\" alt=\"\">\n                    <\/div>\n                    \n                                            <div class=\"h4\"><b>F\u00f6retagarna<\/b><\/div>\n                                                                                                                            <div class=\"item link\"><b><a href=\"https:\/\/www.foretagarna.se\/\" target=\"_blank\" > Till hemsidan<\/a><\/b><\/div>\n                                    <\/div>\n                        <\/div>\n<\/section>\n\n\n<div style=\"height:80px\" aria-hidden=\"true\" class=\"wp-block-spacer\"><\/div>\n","protected":false},"excerpt":{"rendered":"","protected":false},"author":1,"featured_media":0,"parent":0,"menu_order":0,"comment_status":"closed","ping_status":"closed","template":"","meta":{"footnotes":""},"acf":[],"yoast_head":"<!-- This site is optimized with the Yoast SEO plugin v22.9 - https:\/\/yoast.com\/wordpress\/plugins\/seo\/ -->\n<title>V\u00e5ra samarbetspartners - \u00c4lmhult<\/title>\n<meta name=\"robots\" content=\"index, follow, max-snippet:-1, max-image-preview:large, max-video-preview:-1\" \/>\n<link rel=\"canonical\" href=\"https:\/\/nyforetagarcentrum.se\/almhult\/vara-samarbetspartners\/\" \/>\n<meta property=\"og:locale\" content=\"sv_SE\" \/>\n<meta property=\"og:type\" content=\"article\" \/>\n<meta property=\"og:title\" content=\"V\u00e5ra samarbetspartners - \u00c4lmhult\" \/>\n<meta property=\"og:url\" content=\"https:\/\/nyforetagarcentrum.se\/almhult\/vara-samarbetspartners\/\" \/>\n<meta property=\"og:site_name\" content=\"\u00c4lmhult\" \/>\n<meta property=\"article:modified_time\" content=\"2025-04-28T09:12:16+00:00\" \/>\n<meta name=\"twitter:card\" content=\"summary_large_image\" \/>\n<script type=\"application\/ld+json\" class=\"yoast-schema-graph\">{\"@context\":\"https:\/\/schema.org\",\"@graph\":[{\"@type\":\"WebPage\",\"@id\":\"https:\/\/nyforetagarcentrum.se\/almhult\/vara-samarbetspartners\/\",\"url\":\"https:\/\/nyforetagarcentrum.se\/almhult\/vara-samarbetspartners\/\",\"name\":\"V\u00e5ra samarbetspartners - \u00c4lmhult\",\"isPartOf\":{\"@id\":\"https:\/\/nyforetagarcentrum.se\/almhult\/#website\"},\"datePublished\":\"2024-02-22T09:24:51+00:00\",\"dateModified\":\"2025-04-28T09:12:16+00:00\",\"breadcrumb\":{\"@id\":\"https:\/\/nyforetagarcentrum.se\/almhult\/vara-samarbetspartners\/#breadcrumb\"},\"inLanguage\":\"sv-SE\",\"potentialAction\":[{\"@type\":\"ReadAction\",\"target\":[\"https:\/\/nyforetagarcentrum.se\/almhult\/vara-samarbetspartners\/\"]}]},{\"@type\":\"BreadcrumbList\",\"@id\":\"https:\/\/nyforetagarcentrum.se\/almhult\/vara-samarbetspartners\/#breadcrumb\",\"itemListElement\":[{\"@type\":\"ListItem\",\"position\":1,\"name\":\"Hem\",\"item\":\"https:\/\/nyforetagarcentrum.se\/almhult\/\"},{\"@type\":\"ListItem\",\"position\":2,\"name\":\"V\u00e5ra samarbetspartners\"}]},{\"@type\":\"WebSite\",\"@id\":\"https:\/\/nyforetagarcentrum.se\/almhult\/#website\",\"url\":\"https:\/\/nyforetagarcentrum.se\/almhult\/\",\"name\":\"\u00c4lmhult\",\"description\":\"Sveriges ledande kraft f\u00f6r fler nya livskraftiga f\u00f6retag\",\"publisher\":{\"@id\":\"https:\/\/nyforetagarcentrum.se\/almhult\/#organization\"},\"potentialAction\":[{\"@type\":\"SearchAction\",\"target\":{\"@type\":\"EntryPoint\",\"urlTemplate\":\"https:\/\/nyforetagarcentrum.se\/almhult\/?s={search_term_string}\"},\"query-input\":\"required name=search_term_string\"}],\"inLanguage\":\"sv-SE\"},{\"@type\":\"Organization\",\"@id\":\"https:\/\/nyforetagarcentrum.se\/almhult\/#organization\",\"name\":\"\u00c4lmhult\",\"url\":\"https:\/\/nyforetagarcentrum.se\/almhult\/\",\"logo\":{\"@type\":\"ImageObject\",\"inLanguage\":\"sv-SE\",\"@id\":\"https:\/\/nyforetagarcentrum.se\/almhult\/#\/schema\/logo\/image\/\",\"url\":\"https:\/\/nyforetagarcentrum.se\/almhult\/wp-content\/uploads\/sites\/44\/2024\/07\/almhult_bla.png\",\"contentUrl\":\"https:\/\/nyforetagarcentrum.se\/almhult\/wp-content\/uploads\/sites\/44\/2024\/07\/almhult_bla.png\",\"width\":870,\"height\":355,\"caption\":\"\u00c4lmhult\"},\"image\":{\"@id\":\"https:\/\/nyforetagarcentrum.se\/almhult\/#\/schema\/logo\/image\/\"}}]}<\/script>\n<!-- \/ Yoast SEO plugin. -->","yoast_head_json":{"title":"V\u00e5ra samarbetspartners - \u00c4lmhult","robots":{"index":"index","follow":"follow","max-snippet":"max-snippet:-1","max-image-preview":"max-image-preview:large","max-video-preview":"max-video-preview:-1"},"canonical":"https:\/\/nyforetagarcentrum.se\/almhult\/vara-samarbetspartners\/","og_locale":"sv_SE","og_type":"article","og_title":"V\u00e5ra samarbetspartners - \u00c4lmhult","og_url":"https:\/\/nyforetagarcentrum.se\/almhult\/vara-samarbetspartners\/","og_site_name":"\u00c4lmhult","article_modified_time":"2025-04-28T09:12:16+00:00","twitter_card":"summary_large_image","schema":{"@context":"https:\/\/schema.org","@graph":[{"@type":"WebPage","@id":"https:\/\/nyforetagarcentrum.se\/almhult\/vara-samarbetspartners\/","url":"https:\/\/nyforetagarcentrum.se\/almhult\/vara-samarbetspartners\/","name":"V\u00e5ra samarbetspartners - \u00c4lmhult","isPartOf":{"@id":"https:\/\/nyforetagarcentrum.se\/almhult\/#website"},"datePublished":"2024-02-22T09:24:51+00:00","dateModified":"2025-04-28T09:12:16+00:00","breadcrumb":{"@id":"https:\/\/nyforetagarcentrum.se\/almhult\/vara-samarbetspartners\/#breadcrumb"},"inLanguage":"sv-SE","potentialAction":[{"@type":"ReadAction","target":["https:\/\/nyforetagarcentrum.se\/almhult\/vara-samarbetspartners\/"]}]},{"@type":"BreadcrumbList","@id":"https:\/\/nyforetagarcentrum.se\/almhult\/vara-samarbetspartners\/#breadcrumb","itemListElement":[{"@type":"ListItem","position":1,"name":"Hem","item":"https:\/\/nyforetagarcentrum.se\/almhult\/"},{"@type":"ListItem","position":2,"name":"V\u00e5ra samarbetspartners"}]},{"@type":"WebSite","@id":"https:\/\/nyforetagarcentrum.se\/almhult\/#website","url":"https:\/\/nyforetagarcentrum.se\/almhult\/","name":"\u00c4lmhult","description":"Sveriges ledande kraft f\u00f6r fler nya livskraftiga f\u00f6retag","publisher":{"@id":"https:\/\/nyforetagarcentrum.se\/almhult\/#organization"},"potentialAction":[{"@type":"SearchAction","target":{"@type":"EntryPoint","urlTemplate":"https:\/\/nyforetagarcentrum.se\/almhult\/?s={search_term_string}"},"query-input":"required name=search_term_string"}],"inLanguage":"sv-SE"},{"@type":"Organization","@id":"https:\/\/nyforetagarcentrum.se\/almhult\/#organization","name":"\u00c4lmhult","url":"https:\/\/nyforetagarcentrum.se\/almhult\/","logo":{"@type":"ImageObject","inLanguage":"sv-SE","@id":"https:\/\/nyforetagarcentrum.se\/almhult\/#\/schema\/logo\/image\/","url":"https:\/\/nyforetagarcentrum.se\/almhult\/wp-content\/uploads\/sites\/44\/2024\/07\/almhult_bla.png","contentUrl":"https:\/\/nyforetagarcentrum.se\/almhult\/wp-content\/uploads\/sites\/44\/2024\/07\/almhult_bla.png","width":870,"height":355,"caption":"\u00c4lmhult"},"image":{"@id":"https:\/\/nyforetagarcentrum.se\/almhult\/#\/schema\/logo\/image\/"}}]}},"_links":{"self":[{"href":"https:\/\/nyforetagarcentrum.se\/almhult\/wp-json\/wp\/v2\/pages\/41"}],"collection":[{"href":"https:\/\/nyforetagarcentrum.se\/almhult\/wp-json\/wp\/v2\/pages"}],"about":[{"href":"https:\/\/nyforetagarcentrum.se\/almhult\/wp-json\/wp\/v2\/types\/page"}],"author":[{"embeddable":true,"href":"https:\/\/nyforetagarcentrum.se\/almhult\/wp-json\/wp\/v2\/users\/1"}],"replies":[{"embeddable":true,"href":"https:\/\/nyforetagarcentrum.se\/almhult\/wp-json\/wp\/v2\/comments?post=41"}],"version-history":[{"count":86,"href":"https:\/\/nyforetagarcentrum.se\/almhult\/wp-json\/wp\/v2\/pages\/41\/revisions"}],"predecessor-version":[{"id":573,"href":"https:\/\/nyforetagarcentrum.se\/almhult\/wp-json\/wp\/v2\/pages\/41\/revisions\/573"}],"wp:attachment":[{"href":"https:\/\/nyforetagarcentrum.se\/almhult\/wp-json\/wp\/v2\/media?parent=41"}],"curies":[{"name":"wp","href":"https:\/\/api.w.org\/{rel}","templated":true}]}}