{"id":239,"date":"2024-02-29T13:59:39","date_gmt":"2024-02-29T12:59:39","guid":{"rendered":"https:\/\/nyforetagarcentrum.se\/almhult\/?page_id=239"},"modified":"2025-04-28T10:59:54","modified_gmt":"2025-04-28T08:59:54","slug":"vara-radgivare","status":"publish","type":"page","link":"https:\/\/nyforetagarcentrum.se\/almhult\/vara-radgivare\/","title":{"rendered":"V\u00e5ra r\u00e5dgivare"},"content":{"rendered":"<section  class=\"nfc-block-hero alignfull\">\n\n    <img loading=\"lazy\" decoding=\"async\" width=\"1476\" height=\"984\" src=\"https:\/\/nyforetagarcentrum.se\/almhult\/wp-content\/uploads\/sites\/44\/2024\/02\/Nyforetagare-ung-LOW.jpg\" class=\"attachment-landscape size-landscape\" alt=\"\" srcset=\"https:\/\/nyforetagarcentrum.se\/almhult\/wp-content\/uploads\/sites\/44\/2024\/02\/Nyforetagare-ung-LOW.jpg 1476w, https:\/\/nyforetagarcentrum.se\/almhult\/wp-content\/uploads\/sites\/44\/2024\/02\/Nyforetagare-ung-LOW-300x200.jpg 300w, https:\/\/nyforetagarcentrum.se\/almhult\/wp-content\/uploads\/sites\/44\/2024\/02\/Nyforetagare-ung-LOW-1024x683.jpg 1024w, https:\/\/nyforetagarcentrum.se\/almhult\/wp-content\/uploads\/sites\/44\/2024\/02\/Nyforetagare-ung-LOW-768x512.jpg 768w\" sizes=\"(max-width: 1476px) 100vw, 1476px\" \/>\n    <div class=\"contained\">\n        <h1 class=\"nfc-block-hero__heading\">V\u00e5ra r\u00e5dgivare<\/h1>\n\n            <\/div>\n<\/section>\n\n\n<div style=\"height:49px\" aria-hidden=\"true\" class=\"wp-block-spacer\"><\/div>\n\n\n<section  class=\"nfc-block-breadcrumbs\">\n    <div class=\"wrapper contained\">\n        <ol class=\"breadcrumbs\" itemscope itemtype=\"https:\/\/schema.org\/BreadcrumbList\">\n            <li itemprop=\"itemListElement\" itemscope itemtype=\"https:\/\/schema.org\/ListItem\">\n            \n\n                            <span class=\"current\" itemprop=\"name\">Hem<\/span>\n            \n            <meta itemprop=\"position\" content=\"1\" \/>\n        <\/li>\n    <\/ol>    <\/div>\n<\/section>\n\n\n<div style=\"height:100px\" aria-hidden=\"true\" class=\"wp-block-spacer\"><\/div>\n\n\n<section  class=\"nfc-block-person_grid alignwide layout-featured\">\n    <div class=\"contained\">\n        <div class=\"grid\">\n            <div class=\"person-featured-card\">\n    \n    <div class=\"featured_image\">\n                    <img loading=\"lazy\" decoding=\"async\" width=\"1024\" height=\"576\" src=\"https:\/\/nyforetagarcentrum.se\/almhult\/wp-content\/uploads\/sites\/44\/2024\/05\/smalanningen-bild-1024x576.jpeg\" class=\"attachment-large size-large\" alt=\"\" srcset=\"https:\/\/nyforetagarcentrum.se\/almhult\/wp-content\/uploads\/sites\/44\/2024\/05\/smalanningen-bild-1024x576.jpeg 1024w, https:\/\/nyforetagarcentrum.se\/almhult\/wp-content\/uploads\/sites\/44\/2024\/05\/smalanningen-bild-300x169.jpeg 300w, https:\/\/nyforetagarcentrum.se\/almhult\/wp-content\/uploads\/sites\/44\/2024\/05\/smalanningen-bild-768x432.jpeg 768w, https:\/\/nyforetagarcentrum.se\/almhult\/wp-content\/uploads\/sites\/44\/2024\/05\/smalanningen-bild.jpeg 1280w\" sizes=\"(max-width: 1024px) 100vw, 1024px\" \/>            <\/div>\n\n    <div class=\"content-wrapper\">\n        <h3>Tomas Harrysson<\/h3>\n\n        \n                    <div class=\"excerpt\">\n                Tomas \u00e4r v\u00e5r r\u00e5dgivare sen 2019. Han har en bakgrund som egenf\u00f6retagare i catering- och eventbranschen. Han har ocks\u00e5 varit delaktig i att starta tv\u00e5 friskolor. Tomas \u00e4r uppvuxen i familj av sm\u00e5f\u00f6retagare och har en bred erfarenhet av sm\u00e5f\u00f6retagarens villkor, dess utmaninag men ocks\u00e5 dess f\u00f6rdelar.  Hittar du inte en tid som passar dig v\u00e4nligen kontakta Tomas p\u00e5 076-6325540 eller almhult@nyforetagarcentrum.se s\u00e5 f\u00f6rs\u00f6ker vi hitta en tid som passar dig.                 <br\/>\n                            <\/div>\n        \n                    <a href=\"https:\/\/jobsdata-nyforetagarcentrum.se\/ExternBooking?OfficeId=21bff437-5c96-e811-80d7-0050568571f4\" class=\"booking-button button outlined\">Boka r\u00e5dgivning<\/a>\n            <\/div>\n<\/div>        <\/div>\n    <\/div>\n<\/section>\n\n\n<div style=\"height:100px\" aria-hidden=\"true\" class=\"wp-block-spacer\"><\/div>\n","protected":false},"excerpt":{"rendered":"","protected":false},"author":1,"featured_media":0,"parent":0,"menu_order":0,"comment_status":"closed","ping_status":"closed","template":"","meta":{"footnotes":""},"acf":[],"yoast_head":"<!-- This site is optimized with the Yoast SEO plugin v22.9 - https:\/\/yoast.com\/wordpress\/plugins\/seo\/ -->\n<title>V\u00e5ra r\u00e5dgivare - \u00c4lmhult<\/title>\n<meta name=\"robots\" content=\"index, follow, max-snippet:-1, max-image-preview:large, max-video-preview:-1\" \/>\n<link rel=\"canonical\" href=\"https:\/\/nyforetagarcentrum.se\/almhult\/vara-radgivare\/\" \/>\n<meta property=\"og:locale\" content=\"sv_SE\" \/>\n<meta property=\"og:type\" content=\"article\" \/>\n<meta property=\"og:title\" content=\"V\u00e5ra r\u00e5dgivare - \u00c4lmhult\" \/>\n<meta property=\"og:url\" content=\"https:\/\/nyforetagarcentrum.se\/almhult\/vara-radgivare\/\" \/>\n<meta property=\"og:site_name\" content=\"\u00c4lmhult\" \/>\n<meta property=\"article:modified_time\" content=\"2025-04-28T08:59:54+00:00\" \/>\n<meta name=\"twitter:card\" content=\"summary_large_image\" \/>\n<script type=\"application\/ld+json\" class=\"yoast-schema-graph\">{\"@context\":\"https:\/\/schema.org\",\"@graph\":[{\"@type\":\"WebPage\",\"@id\":\"https:\/\/nyforetagarcentrum.se\/almhult\/vara-radgivare\/\",\"url\":\"https:\/\/nyforetagarcentrum.se\/almhult\/vara-radgivare\/\",\"name\":\"V\u00e5ra r\u00e5dgivare - \u00c4lmhult\",\"isPartOf\":{\"@id\":\"https:\/\/nyforetagarcentrum.se\/almhult\/#website\"},\"datePublished\":\"2024-02-29T12:59:39+00:00\",\"dateModified\":\"2025-04-28T08:59:54+00:00\",\"breadcrumb\":{\"@id\":\"https:\/\/nyforetagarcentrum.se\/almhult\/vara-radgivare\/#breadcrumb\"},\"inLanguage\":\"sv-SE\",\"potentialAction\":[{\"@type\":\"ReadAction\",\"target\":[\"https:\/\/nyforetagarcentrum.se\/almhult\/vara-radgivare\/\"]}]},{\"@type\":\"BreadcrumbList\",\"@id\":\"https:\/\/nyforetagarcentrum.se\/almhult\/vara-radgivare\/#breadcrumb\",\"itemListElement\":[{\"@type\":\"ListItem\",\"position\":1,\"name\":\"Hem\",\"item\":\"https:\/\/nyforetagarcentrum.se\/almhult\/\"},{\"@type\":\"ListItem\",\"position\":2,\"name\":\"V\u00e5ra r\u00e5dgivare\"}]},{\"@type\":\"WebSite\",\"@id\":\"https:\/\/nyforetagarcentrum.se\/almhult\/#website\",\"url\":\"https:\/\/nyforetagarcentrum.se\/almhult\/\",\"name\":\"\u00c4lmhult\",\"description\":\"Sveriges ledande kraft f\u00f6r fler nya livskraftiga f\u00f6retag\",\"publisher\":{\"@id\":\"https:\/\/nyforetagarcentrum.se\/almhult\/#organization\"},\"potentialAction\":[{\"@type\":\"SearchAction\",\"target\":{\"@type\":\"EntryPoint\",\"urlTemplate\":\"https:\/\/nyforetagarcentrum.se\/almhult\/?s={search_term_string}\"},\"query-input\":\"required name=search_term_string\"}],\"inLanguage\":\"sv-SE\"},{\"@type\":\"Organization\",\"@id\":\"https:\/\/nyforetagarcentrum.se\/almhult\/#organization\",\"name\":\"\u00c4lmhult\",\"url\":\"https:\/\/nyforetagarcentrum.se\/almhult\/\",\"logo\":{\"@type\":\"ImageObject\",\"inLanguage\":\"sv-SE\",\"@id\":\"https:\/\/nyforetagarcentrum.se\/almhult\/#\/schema\/logo\/image\/\",\"url\":\"https:\/\/nyforetagarcentrum.se\/almhult\/wp-content\/uploads\/sites\/44\/2024\/07\/almhult_bla.png\",\"contentUrl\":\"https:\/\/nyforetagarcentrum.se\/almhult\/wp-content\/uploads\/sites\/44\/2024\/07\/almhult_bla.png\",\"width\":870,\"height\":355,\"caption\":\"\u00c4lmhult\"},\"image\":{\"@id\":\"https:\/\/nyforetagarcentrum.se\/almhult\/#\/schema\/logo\/image\/\"}}]}<\/script>\n<!-- \/ Yoast SEO plugin. -->","yoast_head_json":{"title":"V\u00e5ra r\u00e5dgivare - \u00c4lmhult","robots":{"index":"index","follow":"follow","max-snippet":"max-snippet:-1","max-image-preview":"max-image-preview:large","max-video-preview":"max-video-preview:-1"},"canonical":"https:\/\/nyforetagarcentrum.se\/almhult\/vara-radgivare\/","og_locale":"sv_SE","og_type":"article","og_title":"V\u00e5ra r\u00e5dgivare - \u00c4lmhult","og_url":"https:\/\/nyforetagarcentrum.se\/almhult\/vara-radgivare\/","og_site_name":"\u00c4lmhult","article_modified_time":"2025-04-28T08:59:54+00:00","twitter_card":"summary_large_image","schema":{"@context":"https:\/\/schema.org","@graph":[{"@type":"WebPage","@id":"https:\/\/nyforetagarcentrum.se\/almhult\/vara-radgivare\/","url":"https:\/\/nyforetagarcentrum.se\/almhult\/vara-radgivare\/","name":"V\u00e5ra r\u00e5dgivare - \u00c4lmhult","isPartOf":{"@id":"https:\/\/nyforetagarcentrum.se\/almhult\/#website"},"datePublished":"2024-02-29T12:59:39+00:00","dateModified":"2025-04-28T08:59:54+00:00","breadcrumb":{"@id":"https:\/\/nyforetagarcentrum.se\/almhult\/vara-radgivare\/#breadcrumb"},"inLanguage":"sv-SE","potentialAction":[{"@type":"ReadAction","target":["https:\/\/nyforetagarcentrum.se\/almhult\/vara-radgivare\/"]}]},{"@type":"BreadcrumbList","@id":"https:\/\/nyforetagarcentrum.se\/almhult\/vara-radgivare\/#breadcrumb","itemListElement":[{"@type":"ListItem","position":1,"name":"Hem","item":"https:\/\/nyforetagarcentrum.se\/almhult\/"},{"@type":"ListItem","position":2,"name":"V\u00e5ra r\u00e5dgivare"}]},{"@type":"WebSite","@id":"https:\/\/nyforetagarcentrum.se\/almhult\/#website","url":"https:\/\/nyforetagarcentrum.se\/almhult\/","name":"\u00c4lmhult","description":"Sveriges ledande kraft f\u00f6r fler nya livskraftiga f\u00f6retag","publisher":{"@id":"https:\/\/nyforetagarcentrum.se\/almhult\/#organization"},"potentialAction":[{"@type":"SearchAction","target":{"@type":"EntryPoint","urlTemplate":"https:\/\/nyforetagarcentrum.se\/almhult\/?s={search_term_string}"},"query-input":"required name=search_term_string"}],"inLanguage":"sv-SE"},{"@type":"Organization","@id":"https:\/\/nyforetagarcentrum.se\/almhult\/#organization","name":"\u00c4lmhult","url":"https:\/\/nyforetagarcentrum.se\/almhult\/","logo":{"@type":"ImageObject","inLanguage":"sv-SE","@id":"https:\/\/nyforetagarcentrum.se\/almhult\/#\/schema\/logo\/image\/","url":"https:\/\/nyforetagarcentrum.se\/almhult\/wp-content\/uploads\/sites\/44\/2024\/07\/almhult_bla.png","contentUrl":"https:\/\/nyforetagarcentrum.se\/almhult\/wp-content\/uploads\/sites\/44\/2024\/07\/almhult_bla.png","width":870,"height":355,"caption":"\u00c4lmhult"},"image":{"@id":"https:\/\/nyforetagarcentrum.se\/almhult\/#\/schema\/logo\/image\/"}}]}},"_links":{"self":[{"href":"https:\/\/nyforetagarcentrum.se\/almhult\/wp-json\/wp\/v2\/pages\/239"}],"collection":[{"href":"https:\/\/nyforetagarcentrum.se\/almhult\/wp-json\/wp\/v2\/pages"}],"about":[{"href":"https:\/\/nyforetagarcentrum.se\/almhult\/wp-json\/wp\/v2\/types\/page"}],"author":[{"embeddable":true,"href":"https:\/\/nyforetagarcentrum.se\/almhult\/wp-json\/wp\/v2\/users\/1"}],"replies":[{"embeddable":true,"href":"https:\/\/nyforetagarcentrum.se\/almhult\/wp-json\/wp\/v2\/comments?post=239"}],"version-history":[{"count":5,"href":"https:\/\/nyforetagarcentrum.se\/almhult\/wp-json\/wp\/v2\/pages\/239\/revisions"}],"predecessor-version":[{"id":530,"href":"https:\/\/nyforetagarcentrum.se\/almhult\/wp-json\/wp\/v2\/pages\/239\/revisions\/530"}],"wp:attachment":[{"href":"https:\/\/nyforetagarcentrum.se\/almhult\/wp-json\/wp\/v2\/media?parent=239"}],"curies":[{"name":"wp","href":"https:\/\/api.w.org\/{rel}","templated":true}]}}