{"id":48,"date":"2024-02-22T10:29:05","date_gmt":"2024-02-22T09:29:05","guid":{"rendered":"https:\/\/nyforetagarcentrum.se\/alingsas\/?page_id=48"},"modified":"2025-04-02T11:29:02","modified_gmt":"2025-04-02T09:29:02","slug":"erbjudanden","status":"publish","type":"page","link":"https:\/\/nyforetagarcentrum.se\/alingsas\/erbjudanden\/","title":{"rendered":"Erbjudanden"},"content":{"rendered":"<section  class=\"nfc-block-hero alignfull\">\n\n    <img loading=\"lazy\" decoding=\"async\" width=\"1512\" height=\"745\" src=\"https:\/\/nyforetagarcentrum.se\/alingsas\/wp-content\/uploads\/sites\/80\/2024\/02\/Topp-banner-2.png\" class=\"attachment-landscape size-landscape\" alt=\"\" srcset=\"https:\/\/nyforetagarcentrum.se\/alingsas\/wp-content\/uploads\/sites\/80\/2024\/02\/Topp-banner-2.png 1512w, https:\/\/nyforetagarcentrum.se\/alingsas\/wp-content\/uploads\/sites\/80\/2024\/02\/Topp-banner-2-300x148.png 300w, https:\/\/nyforetagarcentrum.se\/alingsas\/wp-content\/uploads\/sites\/80\/2024\/02\/Topp-banner-2-1024x505.png 1024w, https:\/\/nyforetagarcentrum.se\/alingsas\/wp-content\/uploads\/sites\/80\/2024\/02\/Topp-banner-2-768x378.png 768w\" sizes=\"(max-width: 1512px) 100vw, 1512px\" \/>\n    <div class=\"contained\">\n        <h1 class=\"nfc-block-hero__heading\">V\u00e5ra erbjudanden till dig som \u00e4r f\u00f6retagare<\/h1>\n\n            <\/div>\n<\/section>\n\n\n<div style=\"height:50px\" aria-hidden=\"true\" class=\"wp-block-spacer\"><\/div>\n\n\n<section  class=\"nfc-block-breadcrumbs alignwide\">\n    <div class=\"wrapper contained\">\n        <ol class=\"breadcrumbs\" itemscope itemtype=\"https:\/\/schema.org\/BreadcrumbList\">\n            <li itemprop=\"itemListElement\" itemscope itemtype=\"https:\/\/schema.org\/ListItem\">\n            \n\n                            <span class=\"current\" itemprop=\"name\">Hem<\/span>\n            \n            <meta itemprop=\"position\" content=\"1\" \/>\n        <\/li>\n    <\/ol>    <\/div>\n<\/section>\n\n\n<h2 class=\"wp-block-heading alignwide has-x-large-font-size\">Ta del av exklusiva erbjudanden<\/h2>\n\n\n<section  class=\"nfc-block-offer_grid alignwide layout-small\">\n    <div class=\"contained\">\n\n        <div class=\"filter-row\">\n            \n                            <button id=\"local-offers-button\">\n                    Lokala partners\n                <\/button>\n                <button id=\"national-offers-button\" class=\"outlined\">\n                    Nationella partners\n                <\/button>\n                    <\/div>\n\n        <div class=\"grid\" id=\"offers-grid\">\n            <div class=\"offer-card\">\n\n    <div class=\"gallery-wrapper\">\n                    <div class=\"selected-media\">\n                                    <img loading=\"lazy\" decoding=\"async\" width=\"1024\" height=\"1024\" src=\"https:\/\/nyforetagarcentrum.se\/alingsas\/wp-content\/uploads\/sites\/80\/2024\/07\/Mejlbilaga-1024x1024.png\" class=\"attachment-large size-large\" alt=\"\" srcset=\"https:\/\/nyforetagarcentrum.se\/alingsas\/wp-content\/uploads\/sites\/80\/2024\/07\/Mejlbilaga-1024x1024.png 1024w, https:\/\/nyforetagarcentrum.se\/alingsas\/wp-content\/uploads\/sites\/80\/2024\/07\/Mejlbilaga-300x300.png 300w, https:\/\/nyforetagarcentrum.se\/alingsas\/wp-content\/uploads\/sites\/80\/2024\/07\/Mejlbilaga-150x150.png 150w, https:\/\/nyforetagarcentrum.se\/alingsas\/wp-content\/uploads\/sites\/80\/2024\/07\/Mejlbilaga-768x768.png 768w, https:\/\/nyforetagarcentrum.se\/alingsas\/wp-content\/uploads\/sites\/80\/2024\/07\/Mejlbilaga.png 1080w\" sizes=\"(max-width: 1024px) 100vw, 1024px\" \/>                            <\/div>\n        \n            <\/div>\n\n\n    <div class=\"content-wrapper\">\n        \n        <h3>Medlemskap i Alings\u00e5s handelsf\u00f6rening &#8211; f\u00f6rsta \u00e5ret gratis!<\/h3>\n\n        \n        <div class=\"content\">\n            <p class=\"mobile-undersized-upper\">Alings\u00e5s Handelsf\u00f6rening har idag ca 100 medlemsf\u00f6retag inom handel och service. Vi arbetar hela tiden f\u00f6r att bli fler, f\u00f6r att vi ska kunna f\u00f6rvalta och utveckla v\u00e5ra stolta handelstraditioner och g\u00f6ra Alings\u00e5s till ett givet f\u00f6rstahandsval f\u00f6r alla v\u00e5ra kunder och bes\u00f6kare utifr\u00e5n. Tillsammans med medlemmar och samarbetspartners verkar vi f\u00f6r en levande stad som m\u00e4nniskor ska l\u00e4ngta tillbaka till.<\/p>\n<p>Vi arbetar med att: skapa egna och st\u00e4rka stadens evenemang, samverka med alla som vill utveckla Alings\u00e5s s\u00e5 som kommunen, fastighets\u00e4gare och andra intressenter, kommunicera\u00a0 och informera via sociala medier, nyhetsbrev och n\u00e4tverkstr\u00e4ffar, erbjuda gemensam marknadsf\u00f6ring och ett gemensamt presentkort, samt utbildningar utifr\u00e5n behov.<\/p>\n<p>Nu erbjuder vi gratis medlemsskap f\u00f6r dig som \u00e4r nyf\u00f6retagare under det f\u00f6rsta \u00e5ret &#8211; ange &#8221;Nyf\u00f6retagarCentrum&#8221; n\u00e4r du ans\u00f6ker om medlemskap.<\/p>\n        <\/div>\n\n                    <a href=\"https:\/\/alingsashandel.com\/medlemmar\/medlemsansokan\" class=\"offer-button button outlined\" target=\"_blank\">\n                Ans\u00f6kan om medlemskap                                    <div class=\"icon icon-external\"><\/div>\n                            <\/a>\n            <\/div>\n<\/div><div class=\"offer-card\">\n\n    <div class=\"gallery-wrapper\">\n                    <div class=\"selected-media\">\n                                    <img loading=\"lazy\" decoding=\"async\" width=\"1024\" height=\"768\" src=\"https:\/\/nyforetagarcentrum.se\/alingsas\/wp-content\/uploads\/sites\/80\/2024\/02\/IMG_5449-1024x768.jpg\" class=\"attachment-large size-large\" alt=\"\" srcset=\"https:\/\/nyforetagarcentrum.se\/alingsas\/wp-content\/uploads\/sites\/80\/2024\/02\/IMG_5449-1024x768.jpg 1024w, https:\/\/nyforetagarcentrum.se\/alingsas\/wp-content\/uploads\/sites\/80\/2024\/02\/IMG_5449-300x225.jpg 300w, https:\/\/nyforetagarcentrum.se\/alingsas\/wp-content\/uploads\/sites\/80\/2024\/02\/IMG_5449-768x576.jpg 768w, https:\/\/nyforetagarcentrum.se\/alingsas\/wp-content\/uploads\/sites\/80\/2024\/02\/IMG_5449-1536x1152.jpg 1536w, https:\/\/nyforetagarcentrum.se\/alingsas\/wp-content\/uploads\/sites\/80\/2024\/02\/IMG_5449-1440x1080.jpg 1440w, https:\/\/nyforetagarcentrum.se\/alingsas\/wp-content\/uploads\/sites\/80\/2024\/02\/IMG_5449.jpg 2016w\" sizes=\"(max-width: 1024px) 100vw, 1024px\" \/>                            <\/div>\n        \n            <\/div>\n\n\n    <div class=\"content-wrapper\">\n        \n        <h3>Kontorsplats p\u00e5 BizEstrad<\/h3>\n\n        \n        <div class=\"content\">\n            <p>Vill du hyra en kontorsplats p\u00e5 BizEstrad?<\/p>\n<p>Du hyr en kontorsplats i v\u00e5rt kontorshotell med flera andra akt\u00f6rer f\u00f6r 1900 kr + moms per m\u00e5nad. D\u00e5 ing\u00e5r kontorsplats, m\u00f6tesrum, skrivare, wifi, kaffe och ett g\u00e4ng h\u00e4rliga kollegor.<\/p>\n<p>Stiftelsen Eken och Estrad Alings\u00e5s erbjuder dig en veckas gratis &#8221;prova-p\u00e5&#8221; och d\u00e4refter f\u00f6rsta m\u00e5naden gratis n\u00e4r du v\u00e4ljer att skriva kontrakt.<\/p>\n<p>Kontakta: Angela Randau<\/p>\n<p>Epost: angela.randau@estradalingsas.se<\/p>\n<p>&nbsp;<\/p>\n        <\/div>\n\n                    <a href=\"https:\/\/estradalingsas.se\/coworking\/\" class=\"offer-button button outlined\" target=\"_blank\">\n                L\u00e4s mer h\u00e4r                                    <div class=\"icon icon-external\"><\/div>\n                            <\/a>\n            <\/div>\n<\/div>        <\/div>\n    <\/div>\n<\/section>\n\n\n<div style=\"height:80px\" aria-hidden=\"true\" class=\"wp-block-spacer\"><\/div>\n","protected":false},"excerpt":{"rendered":"<p>Ta del av exklusiva erbjudanden<\/p>\n","protected":false},"author":1,"featured_media":0,"parent":0,"menu_order":0,"comment_status":"closed","ping_status":"closed","template":"","meta":{"footnotes":""},"acf":[],"yoast_head":"<!-- This site is optimized with the Yoast SEO plugin v22.9 - https:\/\/yoast.com\/wordpress\/plugins\/seo\/ -->\n<title>Erbjudanden - Alings\u00e5s<\/title>\n<meta name=\"description\" content=\"Hyr en kontorsplats p\u00e5 BizEstrad! Du f\u00e5r en veckas gratis \u201dprova-p\u00e5\u201d och d\u00e4refter f\u00f6rsta m\u00e5naden gratis n\u00e4r du v\u00e4ljer att skriva kontrakt.\" \/>\n<meta name=\"robots\" content=\"index, follow, max-snippet:-1, max-image-preview:large, max-video-preview:-1\" \/>\n<link rel=\"canonical\" href=\"https:\/\/nyforetagarcentrum.se\/alingsas\/erbjudanden\/\" \/>\n<meta property=\"og:locale\" content=\"sv_SE\" \/>\n<meta property=\"og:type\" content=\"article\" \/>\n<meta property=\"og:title\" content=\"Erbjudanden - Alings\u00e5s\" \/>\n<meta property=\"og:description\" content=\"Hyr en kontorsplats p\u00e5 BizEstrad! Du f\u00e5r en veckas gratis \u201dprova-p\u00e5\u201d och d\u00e4refter f\u00f6rsta m\u00e5naden gratis n\u00e4r du v\u00e4ljer att skriva kontrakt.\" \/>\n<meta property=\"og:url\" content=\"https:\/\/nyforetagarcentrum.se\/alingsas\/erbjudanden\/\" \/>\n<meta property=\"og:site_name\" content=\"Alings\u00e5s\" \/>\n<meta property=\"article:modified_time\" content=\"2025-04-02T09:29:02+00:00\" \/>\n<meta name=\"twitter:card\" content=\"summary_large_image\" \/>\n<meta name=\"twitter:label1\" content=\"Ber\u00e4knad l\u00e4stid\" \/>\n\t<meta name=\"twitter:data1\" content=\"1 minut\" \/>\n<script type=\"application\/ld+json\" class=\"yoast-schema-graph\">{\"@context\":\"https:\/\/schema.org\",\"@graph\":[{\"@type\":\"WebPage\",\"@id\":\"https:\/\/nyforetagarcentrum.se\/alingsas\/erbjudanden\/\",\"url\":\"https:\/\/nyforetagarcentrum.se\/alingsas\/erbjudanden\/\",\"name\":\"Erbjudanden - Alings\u00e5s\",\"isPartOf\":{\"@id\":\"https:\/\/nyforetagarcentrum.se\/alingsas\/#website\"},\"datePublished\":\"2024-02-22T09:29:05+00:00\",\"dateModified\":\"2025-04-02T09:29:02+00:00\",\"description\":\"Hyr en kontorsplats p\u00e5 BizEstrad! Du f\u00e5r en veckas gratis \u201dprova-p\u00e5\u201d och d\u00e4refter f\u00f6rsta m\u00e5naden gratis n\u00e4r du v\u00e4ljer att skriva kontrakt.\",\"breadcrumb\":{\"@id\":\"https:\/\/nyforetagarcentrum.se\/alingsas\/erbjudanden\/#breadcrumb\"},\"inLanguage\":\"sv-SE\",\"potentialAction\":[{\"@type\":\"ReadAction\",\"target\":[\"https:\/\/nyforetagarcentrum.se\/alingsas\/erbjudanden\/\"]}]},{\"@type\":\"BreadcrumbList\",\"@id\":\"https:\/\/nyforetagarcentrum.se\/alingsas\/erbjudanden\/#breadcrumb\",\"itemListElement\":[{\"@type\":\"ListItem\",\"position\":1,\"name\":\"Hem\",\"item\":\"https:\/\/nyforetagarcentrum.se\/alingsas\/\"},{\"@type\":\"ListItem\",\"position\":2,\"name\":\"Erbjudanden\"}]},{\"@type\":\"WebSite\",\"@id\":\"https:\/\/nyforetagarcentrum.se\/alingsas\/#website\",\"url\":\"https:\/\/nyforetagarcentrum.se\/alingsas\/\",\"name\":\"Alings\u00e5s\",\"description\":\"Sveriges ledande kraft f\u00f6r fler nya livskraftiga f\u00f6retag\",\"publisher\":{\"@id\":\"https:\/\/nyforetagarcentrum.se\/alingsas\/#organization\"},\"potentialAction\":[{\"@type\":\"SearchAction\",\"target\":{\"@type\":\"EntryPoint\",\"urlTemplate\":\"https:\/\/nyforetagarcentrum.se\/alingsas\/?s={search_term_string}\"},\"query-input\":\"required name=search_term_string\"}],\"inLanguage\":\"sv-SE\"},{\"@type\":\"Organization\",\"@id\":\"https:\/\/nyforetagarcentrum.se\/alingsas\/#organization\",\"name\":\"Alings\u00e5s\",\"url\":\"https:\/\/nyforetagarcentrum.se\/alingsas\/\",\"logo\":{\"@type\":\"ImageObject\",\"inLanguage\":\"sv-SE\",\"@id\":\"https:\/\/nyforetagarcentrum.se\/alingsas\/#\/schema\/logo\/image\/\",\"url\":\"https:\/\/nyforetagarcentrum.se\/alingsas\/wp-content\/uploads\/sites\/80\/2024\/04\/Alingsas-1.png\",\"contentUrl\":\"https:\/\/nyforetagarcentrum.se\/alingsas\/wp-content\/uploads\/sites\/80\/2024\/04\/Alingsas-1.png\",\"width\":1082,\"height\":542,\"caption\":\"Alings\u00e5s\"},\"image\":{\"@id\":\"https:\/\/nyforetagarcentrum.se\/alingsas\/#\/schema\/logo\/image\/\"}}]}<\/script>\n<!-- \/ Yoast SEO plugin. -->","yoast_head_json":{"title":"Erbjudanden - Alings\u00e5s","description":"Hyr en kontorsplats p\u00e5 BizEstrad! Du f\u00e5r en veckas gratis \u201dprova-p\u00e5\u201d och d\u00e4refter f\u00f6rsta m\u00e5naden gratis n\u00e4r du v\u00e4ljer att skriva kontrakt.","robots":{"index":"index","follow":"follow","max-snippet":"max-snippet:-1","max-image-preview":"max-image-preview:large","max-video-preview":"max-video-preview:-1"},"canonical":"https:\/\/nyforetagarcentrum.se\/alingsas\/erbjudanden\/","og_locale":"sv_SE","og_type":"article","og_title":"Erbjudanden - Alings\u00e5s","og_description":"Hyr en kontorsplats p\u00e5 BizEstrad! Du f\u00e5r en veckas gratis \u201dprova-p\u00e5\u201d och d\u00e4refter f\u00f6rsta m\u00e5naden gratis n\u00e4r du v\u00e4ljer att skriva kontrakt.","og_url":"https:\/\/nyforetagarcentrum.se\/alingsas\/erbjudanden\/","og_site_name":"Alings\u00e5s","article_modified_time":"2025-04-02T09:29:02+00:00","twitter_card":"summary_large_image","twitter_misc":{"Ber\u00e4knad l\u00e4stid":"1 minut"},"schema":{"@context":"https:\/\/schema.org","@graph":[{"@type":"WebPage","@id":"https:\/\/nyforetagarcentrum.se\/alingsas\/erbjudanden\/","url":"https:\/\/nyforetagarcentrum.se\/alingsas\/erbjudanden\/","name":"Erbjudanden - Alings\u00e5s","isPartOf":{"@id":"https:\/\/nyforetagarcentrum.se\/alingsas\/#website"},"datePublished":"2024-02-22T09:29:05+00:00","dateModified":"2025-04-02T09:29:02+00:00","description":"Hyr en kontorsplats p\u00e5 BizEstrad! Du f\u00e5r en veckas gratis \u201dprova-p\u00e5\u201d och d\u00e4refter f\u00f6rsta m\u00e5naden gratis n\u00e4r du v\u00e4ljer att skriva kontrakt.","breadcrumb":{"@id":"https:\/\/nyforetagarcentrum.se\/alingsas\/erbjudanden\/#breadcrumb"},"inLanguage":"sv-SE","potentialAction":[{"@type":"ReadAction","target":["https:\/\/nyforetagarcentrum.se\/alingsas\/erbjudanden\/"]}]},{"@type":"BreadcrumbList","@id":"https:\/\/nyforetagarcentrum.se\/alingsas\/erbjudanden\/#breadcrumb","itemListElement":[{"@type":"ListItem","position":1,"name":"Hem","item":"https:\/\/nyforetagarcentrum.se\/alingsas\/"},{"@type":"ListItem","position":2,"name":"Erbjudanden"}]},{"@type":"WebSite","@id":"https:\/\/nyforetagarcentrum.se\/alingsas\/#website","url":"https:\/\/nyforetagarcentrum.se\/alingsas\/","name":"Alings\u00e5s","description":"Sveriges ledande kraft f\u00f6r fler nya livskraftiga f\u00f6retag","publisher":{"@id":"https:\/\/nyforetagarcentrum.se\/alingsas\/#organization"},"potentialAction":[{"@type":"SearchAction","target":{"@type":"EntryPoint","urlTemplate":"https:\/\/nyforetagarcentrum.se\/alingsas\/?s={search_term_string}"},"query-input":"required name=search_term_string"}],"inLanguage":"sv-SE"},{"@type":"Organization","@id":"https:\/\/nyforetagarcentrum.se\/alingsas\/#organization","name":"Alings\u00e5s","url":"https:\/\/nyforetagarcentrum.se\/alingsas\/","logo":{"@type":"ImageObject","inLanguage":"sv-SE","@id":"https:\/\/nyforetagarcentrum.se\/alingsas\/#\/schema\/logo\/image\/","url":"https:\/\/nyforetagarcentrum.se\/alingsas\/wp-content\/uploads\/sites\/80\/2024\/04\/Alingsas-1.png","contentUrl":"https:\/\/nyforetagarcentrum.se\/alingsas\/wp-content\/uploads\/sites\/80\/2024\/04\/Alingsas-1.png","width":1082,"height":542,"caption":"Alings\u00e5s"},"image":{"@id":"https:\/\/nyforetagarcentrum.se\/alingsas\/#\/schema\/logo\/image\/"}}]}},"_links":{"self":[{"href":"https:\/\/nyforetagarcentrum.se\/alingsas\/wp-json\/wp\/v2\/pages\/48"}],"collection":[{"href":"https:\/\/nyforetagarcentrum.se\/alingsas\/wp-json\/wp\/v2\/pages"}],"about":[{"href":"https:\/\/nyforetagarcentrum.se\/alingsas\/wp-json\/wp\/v2\/types\/page"}],"author":[{"embeddable":true,"href":"https:\/\/nyforetagarcentrum.se\/alingsas\/wp-json\/wp\/v2\/users\/1"}],"replies":[{"embeddable":true,"href":"https:\/\/nyforetagarcentrum.se\/alingsas\/wp-json\/wp\/v2\/comments?post=48"}],"version-history":[{"count":11,"href":"https:\/\/nyforetagarcentrum.se\/alingsas\/wp-json\/wp\/v2\/pages\/48\/revisions"}],"predecessor-version":[{"id":862,"href":"https:\/\/nyforetagarcentrum.se\/alingsas\/wp-json\/wp\/v2\/pages\/48\/revisions\/862"}],"wp:attachment":[{"href":"https:\/\/nyforetagarcentrum.se\/alingsas\/wp-json\/wp\/v2\/media?parent=48"}],"curies":[{"name":"wp","href":"https:\/\/api.w.org\/{rel}","templated":true}]}}