{"id":239,"date":"2024-02-29T13:59:39","date_gmt":"2024-02-29T12:59:39","guid":{"rendered":"https:\/\/nyforetagarcentrum.se\/alingsas\/?page_id=239"},"modified":"2024-09-26T14:17:31","modified_gmt":"2024-09-26T12:17:31","slug":"vara-radgivare","status":"publish","type":"page","link":"https:\/\/nyforetagarcentrum.se\/alingsas\/vara-radgivare\/","title":{"rendered":"V\u00e5ra r\u00e5dgivare"},"content":{"rendered":"<section  class=\"nfc-block-hero alignfull\">\n\n    <img loading=\"lazy\" decoding=\"async\" width=\"1476\" height=\"984\" src=\"https:\/\/nyforetagarcentrum.se\/alingsas\/wp-content\/uploads\/sites\/80\/2024\/02\/Nyforetagare-ung-LOW.jpg\" class=\"attachment-landscape size-landscape\" alt=\"\" srcset=\"https:\/\/nyforetagarcentrum.se\/alingsas\/wp-content\/uploads\/sites\/80\/2024\/02\/Nyforetagare-ung-LOW.jpg 1476w, https:\/\/nyforetagarcentrum.se\/alingsas\/wp-content\/uploads\/sites\/80\/2024\/02\/Nyforetagare-ung-LOW-300x200.jpg 300w, https:\/\/nyforetagarcentrum.se\/alingsas\/wp-content\/uploads\/sites\/80\/2024\/02\/Nyforetagare-ung-LOW-1024x683.jpg 1024w, https:\/\/nyforetagarcentrum.se\/alingsas\/wp-content\/uploads\/sites\/80\/2024\/02\/Nyforetagare-ung-LOW-768x512.jpg 768w\" sizes=\"(max-width: 1476px) 100vw, 1476px\" \/>\n    <div class=\"contained\">\n        <h1 class=\"nfc-block-hero__heading\">V\u00e5ra r\u00e5dgivare<\/h1>\n\n            <\/div>\n<\/section>\n\n\n<div style=\"height:49px\" aria-hidden=\"true\" class=\"wp-block-spacer\"><\/div>\n\n\n<section  class=\"nfc-block-breadcrumbs alignwide\">\n    <div class=\"wrapper contained\">\n        <ol class=\"breadcrumbs\" itemscope itemtype=\"https:\/\/schema.org\/BreadcrumbList\">\n            <li itemprop=\"itemListElement\" itemscope itemtype=\"https:\/\/schema.org\/ListItem\">\n            \n\n                            <span class=\"current\" itemprop=\"name\">Hem<\/span>\n            \n            <meta itemprop=\"position\" content=\"1\" \/>\n        <\/li>\n    <\/ol>    <\/div>\n<\/section>\n\n\n<div style=\"height:100px\" aria-hidden=\"true\" class=\"wp-block-spacer\"><\/div>\n\n\n<section  class=\"nfc-block-person_grid alignwide layout-large\">\n    <div class=\"contained\">\n        <div class=\"grid\">\n            <div class=\"person-large-card\">\n    \n    <div class=\"featured_image\">\n                    <img loading=\"lazy\" decoding=\"async\" width=\"1024\" height=\"1024\" src=\"https:\/\/nyforetagarcentrum.se\/alingsas\/wp-content\/uploads\/sites\/80\/2025\/11\/LH-1024x1024.jpg\" class=\"attachment-large size-large\" alt=\"Bild p\u00e5 Lasse Hammar\" srcset=\"https:\/\/nyforetagarcentrum.se\/alingsas\/wp-content\/uploads\/sites\/80\/2025\/11\/LH-1024x1024.jpg 1024w, https:\/\/nyforetagarcentrum.se\/alingsas\/wp-content\/uploads\/sites\/80\/2025\/11\/LH-300x300.jpg 300w, https:\/\/nyforetagarcentrum.se\/alingsas\/wp-content\/uploads\/sites\/80\/2025\/11\/LH-150x150.jpg 150w, https:\/\/nyforetagarcentrum.se\/alingsas\/wp-content\/uploads\/sites\/80\/2025\/11\/LH-768x768.jpg 768w, https:\/\/nyforetagarcentrum.se\/alingsas\/wp-content\/uploads\/sites\/80\/2025\/11\/LH-1536x1536.jpg 1536w, https:\/\/nyforetagarcentrum.se\/alingsas\/wp-content\/uploads\/sites\/80\/2025\/11\/LH-1080x1080.jpg 1080w, https:\/\/nyforetagarcentrum.se\/alingsas\/wp-content\/uploads\/sites\/80\/2025\/11\/LH.jpg 1715w\" sizes=\"(max-width: 1024px) 100vw, 1024px\" \/>            <\/div>\n\n    <div class=\"content-wrapper\">\n        <h3>Lasse Hammar, r\u00e5dgivare<\/h3>\n\n                    <div class=\"excerpt\">\n                Med en livsl\u00e5ng erfarenhet av f\u00f6rs\u00e4ljning, marknadsf\u00f6ring och f\u00f6retagsutveckling m\u00f6ter Lasse varje nyf\u00f6retagare med b\u00e5de nyfikenhet och trygg hand. Han har drivit egna verksamheter, utbildat i s\u00e4lj- och marknadsfr\u00e5gor och arbetat som konsult inom aff\u00e4rsutveckling \u2013 alltid med fokus p\u00e5 hur man skapar verkligt v\u00e4rde f\u00f6r sina kunder.<br \/>\r\n<br \/>\r\nLasse har f\u00f6rm\u00e5gan att se b\u00e5de helheten och detaljerna, och hans r\u00e5d bottnar i praktisk erfarenhet snarare \u00e4n teorier. Han vet hur det k\u00e4nns att starta, driva och utveckla ett f\u00f6retag \u2013 p\u00e5 riktigt.<br \/>\r\n<br \/>\r\nSom r\u00e5dgivare p\u00e5 Nyf\u00f6retagarcentrum i Alings\u00e5s vill han hj\u00e4lpa nya f\u00f6retagare att hitta sin egen v\u00e4g till framg\u00e5ng \u2013 med sunt f\u00f6rnuft, kreativitet och en gnutta s\u00e4ljarens envishet.            <\/div>\n        \n        <div class=\"links\">\n\n            \n                            <a href=\"mailto:lars.hammar@nyforetagarcentrum.se\">\n                    lars.hammar@nyforetagarcentrum.se                <\/a>\n                    <\/div>\n        \n    <\/div>\n<\/div><div class=\"person-large-card\">\n    \n    <div class=\"featured_image\">\n                    <img loading=\"lazy\" decoding=\"async\" width=\"720\" height=\"1024\" src=\"https:\/\/nyforetagarcentrum.se\/alingsas\/wp-content\/uploads\/sites\/80\/2024\/05\/Jenny-cropped.Martin-720x1024.jpg\" class=\"attachment-large size-large\" alt=\"\" srcset=\"https:\/\/nyforetagarcentrum.se\/alingsas\/wp-content\/uploads\/sites\/80\/2024\/05\/Jenny-cropped.Martin-720x1024.jpg 720w, https:\/\/nyforetagarcentrum.se\/alingsas\/wp-content\/uploads\/sites\/80\/2024\/05\/Jenny-cropped.Martin-211x300.jpg 211w, https:\/\/nyforetagarcentrum.se\/alingsas\/wp-content\/uploads\/sites\/80\/2024\/05\/Jenny-cropped.Martin-768x1093.jpg 768w, https:\/\/nyforetagarcentrum.se\/alingsas\/wp-content\/uploads\/sites\/80\/2024\/05\/Jenny-cropped.Martin-759x1080.jpg 759w, https:\/\/nyforetagarcentrum.se\/alingsas\/wp-content\/uploads\/sites\/80\/2024\/05\/Jenny-cropped.Martin.jpg 923w\" sizes=\"(max-width: 720px) 100vw, 720px\" \/>            <\/div>\n\n    <div class=\"content-wrapper\">\n        <h3>Jenny Alm\u00e9n Linn, verksamhetsledare och r\u00e5dgivare<\/h3>\n\n                    <div class=\"excerpt\">\n                Jenny har ett l\u00e5ngt f\u00f6rflutet som egen f\u00f6retagare inom bes\u00f6ksn\u00e4ringen, d\u00e4r hon har<br \/>\r\narbetat med reseproduktion, evenemang och n\u00e4ringslivsutveckling. Hon har tidigare<br \/>\r\narbetat som turismansvarig i Sk\u00f6vde och som n\u00e4ringslivsutvecklare i b\u00e5de Alings\u00e5s<br \/>\r\noch G\u00f6teborg. Jenny har ett stort engagemang f\u00f6r f\u00f6retagsutveckling och<br \/>\r\nh\u00e5llbarhetsfr\u00e5gor. Hon arbetar idag deltid som utvecklingsstrateg p\u00e5 Kultur- och<br \/>\r\nutbildningsf\u00f6rvaltning i Alings\u00e5s kommun. \u00d6vrig tid finns hon tillg\u00e4nglig f\u00f6r<br \/>\r\nNyf\u00f6retagarcentrum Alings\u00e5s.            <\/div>\n        \n        <div class=\"links\">\n\n                            <a href=\"tel:0708-699502\">\n                    0708-699502                <\/a>\n            \n                            <a href=\"mailto:jenny.linn@nyforetagarcentrum.se\">\n                    jenny.linn@nyforetagarcentrum.se                <\/a>\n                    <\/div>\n        \n    <\/div>\n<\/div><div class=\"person-large-card\">\n    \n    <div class=\"featured_image\">\n                    <img loading=\"lazy\" decoding=\"async\" width=\"531\" height=\"306\" src=\"https:\/\/nyforetagarcentrum.se\/alingsas\/wp-content\/uploads\/sites\/80\/2024\/05\/magdalena-film-start.webp\" class=\"attachment-large size-large\" alt=\"\" srcset=\"https:\/\/nyforetagarcentrum.se\/alingsas\/wp-content\/uploads\/sites\/80\/2024\/05\/magdalena-film-start.webp 531w, https:\/\/nyforetagarcentrum.se\/alingsas\/wp-content\/uploads\/sites\/80\/2024\/05\/magdalena-film-start-300x173.webp 300w\" sizes=\"(max-width: 531px) 100vw, 531px\" \/>            <\/div>\n\n    <div class=\"content-wrapper\">\n        <h3>Magdalena Lagerstr\u00f6m, r\u00e5dgivare<\/h3>\n\n                    <div class=\"excerpt\">\n                Magdalena driver sedan ett 15-tal \u00e5r en yogastudio i Alings\u00e5s, d\u00e4r hon \u00e4ven erbjuder yogaresor och individuell coachning och andningstr\u00e4ning. Innan dess drev Magdalena en barnkl\u00e4desbutik i Alings\u00e5s under m\u00e5nga \u00e5r. Hon har \u00e4ven utbildat ungdomar inom Ung F\u00f6retagsamhet och h\u00e5llit i workshops kring kvinnligt f\u00f6retagande.            <\/div>\n        \n        <div class=\"links\">\n\n            \n                            <a href=\"mailto:magdalena.lagerstrom@nyforetagarcentrum.se\">\n                    magdalena.lagerstrom@nyforetagarcentrum.se                <\/a>\n                    <\/div>\n        \n    <\/div>\n<\/div><div class=\"person-large-card\">\n    \n    <div class=\"featured_image\">\n                    <img loading=\"lazy\" decoding=\"async\" width=\"683\" height=\"1024\" src=\"https:\/\/nyforetagarcentrum.se\/alingsas\/wp-content\/uploads\/sites\/80\/2024\/05\/B2A9586-683x1024.jpg\" class=\"attachment-large size-large\" alt=\"\" srcset=\"https:\/\/nyforetagarcentrum.se\/alingsas\/wp-content\/uploads\/sites\/80\/2024\/05\/B2A9586-683x1024.jpg 683w, https:\/\/nyforetagarcentrum.se\/alingsas\/wp-content\/uploads\/sites\/80\/2024\/05\/B2A9586-200x300.jpg 200w, https:\/\/nyforetagarcentrum.se\/alingsas\/wp-content\/uploads\/sites\/80\/2024\/05\/B2A9586-768x1152.jpg 768w, https:\/\/nyforetagarcentrum.se\/alingsas\/wp-content\/uploads\/sites\/80\/2024\/05\/B2A9586-720x1080.jpg 720w, https:\/\/nyforetagarcentrum.se\/alingsas\/wp-content\/uploads\/sites\/80\/2024\/05\/B2A9586.jpg 1000w\" sizes=\"(max-width: 683px) 100vw, 683px\" \/>            <\/div>\n\n    <div class=\"content-wrapper\">\n        <h3>Martin Lingner, r\u00e5dgivare<\/h3>\n\n                    <div class=\"excerpt\">\n                Martin har har varit med och grundat och \u00e4r fortfarande aktiv<br \/>\r\ni Steamery.se och Solgunga.se. Fr\u00e5gor kring att bygga varum\u00e4rke, internationalisering,<br \/>\r\nk\u00f6pa produktion, e-handel, personal och ekonomi kan Martin st\u00f6tta med, framf\u00f6r allt<br \/>\r\nf\u00f6r konsumentf\u00f6retag.<br \/>\r\nInnan tiden som entrepren\u00f6r har Martin jobbat som konsult p\u00e5 Accenture (Stockholm)<br \/>\r\noch Business Sweden (Shanghai), med talang- och internationaliseringsfr\u00e5gor.<br \/>\r\nMartin l\u00e4gger inte alltid upp bokningsbara tider, men kan f\u00f6r det mesta bokas per mail.            <\/div>\n        \n        <div class=\"links\">\n\n            \n                            <a href=\"mailto:martin.lingner@nyforetagarcentrum.se\">\n                    martin.lingner@nyforetagarcentrum.se                <\/a>\n                    <\/div>\n        \n    <\/div>\n<\/div><div class=\"person-large-card\">\n    \n    <div class=\"featured_image\">\n                    <img loading=\"lazy\" decoding=\"async\" width=\"683\" height=\"1024\" src=\"https:\/\/nyforetagarcentrum.se\/alingsas\/wp-content\/uploads\/sites\/80\/2024\/05\/B2A9524-1-683x1024.jpg\" class=\"attachment-large size-large\" alt=\"\" srcset=\"https:\/\/nyforetagarcentrum.se\/alingsas\/wp-content\/uploads\/sites\/80\/2024\/05\/B2A9524-1-683x1024.jpg 683w, https:\/\/nyforetagarcentrum.se\/alingsas\/wp-content\/uploads\/sites\/80\/2024\/05\/B2A9524-1-200x300.jpg 200w, https:\/\/nyforetagarcentrum.se\/alingsas\/wp-content\/uploads\/sites\/80\/2024\/05\/B2A9524-1-768x1152.jpg 768w, https:\/\/nyforetagarcentrum.se\/alingsas\/wp-content\/uploads\/sites\/80\/2024\/05\/B2A9524-1-720x1080.jpg 720w, https:\/\/nyforetagarcentrum.se\/alingsas\/wp-content\/uploads\/sites\/80\/2024\/05\/B2A9524-1.jpg 1000w\" sizes=\"(max-width: 683px) 100vw, 683px\" \/>            <\/div>\n\n    <div class=\"content-wrapper\">\n        <h3>Leif Johansson, r\u00e5dgivare<\/h3>\n\n                    <div class=\"excerpt\">\n                Leif har l\u00e5ng erfarenhet av s\u00e5v\u00e4l industri som tj\u00e4nsteproduktion och har varit med om<br \/>\r\natt starta flera f\u00f6retag. Han vet vad som kr\u00e4vs f\u00f6r att starta upp ett f\u00f6retag och driva<br \/>\r\ndet med l\u00f6nsamhet. Han har stor k\u00e4nnedom om n\u00e4ringslivet i Alings\u00e5s och<br \/>\r\nV\u00e4stsverige och har d\u00e4rigenom ett brett kontaktn\u00e4t.<br \/>\r\nLeif driver sedan 20 \u00e5r ett eget konsultbolag inriktat p\u00e5 aff\u00e4rs- och<br \/>\r\nverksamhetsutveckling. Han har \u00e4ven varit med om att kommersialisera innovationer<br \/>\r\ninklusive att skriva och s\u00f6ka patent samt varum\u00e4rkesskydd.            <\/div>\n        \n        <div class=\"links\">\n\n            \n                            <a href=\"mailto:leif.johansson@nyforetagarcentrum.se\">\n                    leif.johansson@nyforetagarcentrum.se                <\/a>\n                    <\/div>\n        \n    <\/div>\n<\/div>        <\/div>\n    <\/div>\n<\/section>\n\n\n<div style=\"height:100px\" aria-hidden=\"true\" class=\"wp-block-spacer\"><\/div>\n","protected":false},"excerpt":{"rendered":"","protected":false},"author":1,"featured_media":0,"parent":0,"menu_order":0,"comment_status":"closed","ping_status":"closed","template":"","meta":{"footnotes":""},"acf":[],"yoast_head":"<!-- This site is optimized with the Yoast SEO plugin v22.9 - https:\/\/yoast.com\/wordpress\/plugins\/seo\/ -->\n<title>V\u00e5ra r\u00e5dgivare - Alings\u00e5s<\/title>\n<meta name=\"description\" content=\"M\u00f6t v\u00e5ra engagerade r\u00e5dgivare p\u00e5 Nyf\u00f6retagarCentrum Alings\u00e5s. H\u00e4r hittar du information f\u00f6r att komma i kontakt med en r\u00e5dgivare.\" \/>\n<meta name=\"robots\" content=\"index, follow, max-snippet:-1, max-image-preview:large, max-video-preview:-1\" \/>\n<link rel=\"canonical\" href=\"https:\/\/nyforetagarcentrum.se\/alingsas\/vara-radgivare\/\" \/>\n<meta property=\"og:locale\" content=\"sv_SE\" \/>\n<meta property=\"og:type\" content=\"article\" \/>\n<meta property=\"og:title\" content=\"V\u00e5ra r\u00e5dgivare - Alings\u00e5s\" \/>\n<meta property=\"og:description\" content=\"M\u00f6t v\u00e5ra engagerade r\u00e5dgivare p\u00e5 Nyf\u00f6retagarCentrum Alings\u00e5s. H\u00e4r hittar du information f\u00f6r att komma i kontakt med en r\u00e5dgivare.\" \/>\n<meta property=\"og:url\" content=\"https:\/\/nyforetagarcentrum.se\/alingsas\/vara-radgivare\/\" \/>\n<meta property=\"og:site_name\" content=\"Alings\u00e5s\" \/>\n<meta property=\"article:modified_time\" content=\"2024-09-26T12:17:31+00:00\" \/>\n<meta name=\"twitter:card\" content=\"summary_large_image\" \/>\n<script type=\"application\/ld+json\" class=\"yoast-schema-graph\">{\"@context\":\"https:\/\/schema.org\",\"@graph\":[{\"@type\":\"WebPage\",\"@id\":\"https:\/\/nyforetagarcentrum.se\/alingsas\/vara-radgivare\/\",\"url\":\"https:\/\/nyforetagarcentrum.se\/alingsas\/vara-radgivare\/\",\"name\":\"V\u00e5ra r\u00e5dgivare - Alings\u00e5s\",\"isPartOf\":{\"@id\":\"https:\/\/nyforetagarcentrum.se\/alingsas\/#website\"},\"datePublished\":\"2024-02-29T12:59:39+00:00\",\"dateModified\":\"2024-09-26T12:17:31+00:00\",\"description\":\"M\u00f6t v\u00e5ra engagerade r\u00e5dgivare p\u00e5 Nyf\u00f6retagarCentrum Alings\u00e5s. H\u00e4r hittar du information f\u00f6r att komma i kontakt med en r\u00e5dgivare.\",\"breadcrumb\":{\"@id\":\"https:\/\/nyforetagarcentrum.se\/alingsas\/vara-radgivare\/#breadcrumb\"},\"inLanguage\":\"sv-SE\",\"potentialAction\":[{\"@type\":\"ReadAction\",\"target\":[\"https:\/\/nyforetagarcentrum.se\/alingsas\/vara-radgivare\/\"]}]},{\"@type\":\"BreadcrumbList\",\"@id\":\"https:\/\/nyforetagarcentrum.se\/alingsas\/vara-radgivare\/#breadcrumb\",\"itemListElement\":[{\"@type\":\"ListItem\",\"position\":1,\"name\":\"Hem\",\"item\":\"https:\/\/nyforetagarcentrum.se\/alingsas\/\"},{\"@type\":\"ListItem\",\"position\":2,\"name\":\"V\u00e5ra r\u00e5dgivare\"}]},{\"@type\":\"WebSite\",\"@id\":\"https:\/\/nyforetagarcentrum.se\/alingsas\/#website\",\"url\":\"https:\/\/nyforetagarcentrum.se\/alingsas\/\",\"name\":\"Alings\u00e5s\",\"description\":\"Sveriges ledande kraft f\u00f6r fler nya livskraftiga f\u00f6retag\",\"publisher\":{\"@id\":\"https:\/\/nyforetagarcentrum.se\/alingsas\/#organization\"},\"potentialAction\":[{\"@type\":\"SearchAction\",\"target\":{\"@type\":\"EntryPoint\",\"urlTemplate\":\"https:\/\/nyforetagarcentrum.se\/alingsas\/?s={search_term_string}\"},\"query-input\":\"required name=search_term_string\"}],\"inLanguage\":\"sv-SE\"},{\"@type\":\"Organization\",\"@id\":\"https:\/\/nyforetagarcentrum.se\/alingsas\/#organization\",\"name\":\"Alings\u00e5s\",\"url\":\"https:\/\/nyforetagarcentrum.se\/alingsas\/\",\"logo\":{\"@type\":\"ImageObject\",\"inLanguage\":\"sv-SE\",\"@id\":\"https:\/\/nyforetagarcentrum.se\/alingsas\/#\/schema\/logo\/image\/\",\"url\":\"https:\/\/nyforetagarcentrum.se\/alingsas\/wp-content\/uploads\/sites\/80\/2024\/07\/alingsas_bla.png\",\"contentUrl\":\"https:\/\/nyforetagarcentrum.se\/alingsas\/wp-content\/uploads\/sites\/80\/2024\/07\/alingsas_bla.png\",\"width\":870,\"height\":355,\"caption\":\"Alings\u00e5s\"},\"image\":{\"@id\":\"https:\/\/nyforetagarcentrum.se\/alingsas\/#\/schema\/logo\/image\/\"}}]}<\/script>\n<!-- \/ Yoast SEO plugin. -->","yoast_head_json":{"title":"V\u00e5ra r\u00e5dgivare - Alings\u00e5s","description":"M\u00f6t v\u00e5ra engagerade r\u00e5dgivare p\u00e5 Nyf\u00f6retagarCentrum Alings\u00e5s. H\u00e4r hittar du information f\u00f6r att komma i kontakt med en r\u00e5dgivare.","robots":{"index":"index","follow":"follow","max-snippet":"max-snippet:-1","max-image-preview":"max-image-preview:large","max-video-preview":"max-video-preview:-1"},"canonical":"https:\/\/nyforetagarcentrum.se\/alingsas\/vara-radgivare\/","og_locale":"sv_SE","og_type":"article","og_title":"V\u00e5ra r\u00e5dgivare - Alings\u00e5s","og_description":"M\u00f6t v\u00e5ra engagerade r\u00e5dgivare p\u00e5 Nyf\u00f6retagarCentrum Alings\u00e5s. H\u00e4r hittar du information f\u00f6r att komma i kontakt med en r\u00e5dgivare.","og_url":"https:\/\/nyforetagarcentrum.se\/alingsas\/vara-radgivare\/","og_site_name":"Alings\u00e5s","article_modified_time":"2024-09-26T12:17:31+00:00","twitter_card":"summary_large_image","schema":{"@context":"https:\/\/schema.org","@graph":[{"@type":"WebPage","@id":"https:\/\/nyforetagarcentrum.se\/alingsas\/vara-radgivare\/","url":"https:\/\/nyforetagarcentrum.se\/alingsas\/vara-radgivare\/","name":"V\u00e5ra r\u00e5dgivare - Alings\u00e5s","isPartOf":{"@id":"https:\/\/nyforetagarcentrum.se\/alingsas\/#website"},"datePublished":"2024-02-29T12:59:39+00:00","dateModified":"2024-09-26T12:17:31+00:00","description":"M\u00f6t v\u00e5ra engagerade r\u00e5dgivare p\u00e5 Nyf\u00f6retagarCentrum Alings\u00e5s. H\u00e4r hittar du information f\u00f6r att komma i kontakt med en r\u00e5dgivare.","breadcrumb":{"@id":"https:\/\/nyforetagarcentrum.se\/alingsas\/vara-radgivare\/#breadcrumb"},"inLanguage":"sv-SE","potentialAction":[{"@type":"ReadAction","target":["https:\/\/nyforetagarcentrum.se\/alingsas\/vara-radgivare\/"]}]},{"@type":"BreadcrumbList","@id":"https:\/\/nyforetagarcentrum.se\/alingsas\/vara-radgivare\/#breadcrumb","itemListElement":[{"@type":"ListItem","position":1,"name":"Hem","item":"https:\/\/nyforetagarcentrum.se\/alingsas\/"},{"@type":"ListItem","position":2,"name":"V\u00e5ra r\u00e5dgivare"}]},{"@type":"WebSite","@id":"https:\/\/nyforetagarcentrum.se\/alingsas\/#website","url":"https:\/\/nyforetagarcentrum.se\/alingsas\/","name":"Alings\u00e5s","description":"Sveriges ledande kraft f\u00f6r fler nya livskraftiga f\u00f6retag","publisher":{"@id":"https:\/\/nyforetagarcentrum.se\/alingsas\/#organization"},"potentialAction":[{"@type":"SearchAction","target":{"@type":"EntryPoint","urlTemplate":"https:\/\/nyforetagarcentrum.se\/alingsas\/?s={search_term_string}"},"query-input":"required name=search_term_string"}],"inLanguage":"sv-SE"},{"@type":"Organization","@id":"https:\/\/nyforetagarcentrum.se\/alingsas\/#organization","name":"Alings\u00e5s","url":"https:\/\/nyforetagarcentrum.se\/alingsas\/","logo":{"@type":"ImageObject","inLanguage":"sv-SE","@id":"https:\/\/nyforetagarcentrum.se\/alingsas\/#\/schema\/logo\/image\/","url":"https:\/\/nyforetagarcentrum.se\/alingsas\/wp-content\/uploads\/sites\/80\/2024\/07\/alingsas_bla.png","contentUrl":"https:\/\/nyforetagarcentrum.se\/alingsas\/wp-content\/uploads\/sites\/80\/2024\/07\/alingsas_bla.png","width":870,"height":355,"caption":"Alings\u00e5s"},"image":{"@id":"https:\/\/nyforetagarcentrum.se\/alingsas\/#\/schema\/logo\/image\/"}}]}},"_links":{"self":[{"href":"https:\/\/nyforetagarcentrum.se\/alingsas\/wp-json\/wp\/v2\/pages\/239"}],"collection":[{"href":"https:\/\/nyforetagarcentrum.se\/alingsas\/wp-json\/wp\/v2\/pages"}],"about":[{"href":"https:\/\/nyforetagarcentrum.se\/alingsas\/wp-json\/wp\/v2\/types\/page"}],"author":[{"embeddable":true,"href":"https:\/\/nyforetagarcentrum.se\/alingsas\/wp-json\/wp\/v2\/users\/1"}],"replies":[{"embeddable":true,"href":"https:\/\/nyforetagarcentrum.se\/alingsas\/wp-json\/wp\/v2\/comments?post=239"}],"version-history":[{"count":6,"href":"https:\/\/nyforetagarcentrum.se\/alingsas\/wp-json\/wp\/v2\/pages\/239\/revisions"}],"predecessor-version":[{"id":525,"href":"https:\/\/nyforetagarcentrum.se\/alingsas\/wp-json\/wp\/v2\/pages\/239\/revisions\/525"}],"wp:attachment":[{"href":"https:\/\/nyforetagarcentrum.se\/alingsas\/wp-json\/wp\/v2\/media?parent=239"}],"curies":[{"name":"wp","href":"https:\/\/api.w.org\/{rel}","templated":true}]}}