{"id":164,"date":"2024-02-27T16:05:17","date_gmt":"2024-02-27T15:05:17","guid":{"rendered":"https:\/\/nyforetagarcentrum.se\/alingsas\/?page_id=164"},"modified":"2024-06-09T11:33:34","modified_gmt":"2024-06-09T09:33:34","slug":"var-styrelse","status":"publish","type":"page","link":"https:\/\/nyforetagarcentrum.se\/alingsas\/var-styrelse\/","title":{"rendered":"V\u00e5r styrelse"},"content":{"rendered":"<section  class=\"nfc-block-hero alignfull\">\n\n    <img loading=\"lazy\" decoding=\"async\" width=\"1476\" height=\"984\" src=\"https:\/\/nyforetagarcentrum.se\/alingsas\/wp-content\/uploads\/sites\/80\/2024\/02\/Nyforetagare-kultur-LOW.jpg\" class=\"attachment-landscape size-landscape\" alt=\"\" srcset=\"https:\/\/nyforetagarcentrum.se\/alingsas\/wp-content\/uploads\/sites\/80\/2024\/02\/Nyforetagare-kultur-LOW.jpg 1476w, https:\/\/nyforetagarcentrum.se\/alingsas\/wp-content\/uploads\/sites\/80\/2024\/02\/Nyforetagare-kultur-LOW-300x200.jpg 300w, https:\/\/nyforetagarcentrum.se\/alingsas\/wp-content\/uploads\/sites\/80\/2024\/02\/Nyforetagare-kultur-LOW-1024x683.jpg 1024w, https:\/\/nyforetagarcentrum.se\/alingsas\/wp-content\/uploads\/sites\/80\/2024\/02\/Nyforetagare-kultur-LOW-768x512.jpg 768w\" sizes=\"(max-width: 1476px) 100vw, 1476px\" \/>\n    <div class=\"contained\">\n        <h1 class=\"nfc-block-hero__heading\">V\u00e5r styrelse<\/h1>\n\n            <\/div>\n<\/section>\n\n\n<div style=\"height:50px\" aria-hidden=\"true\" class=\"wp-block-spacer\"><\/div>\n\n\n<section  class=\"nfc-block-breadcrumbs alignwide\">\n    <div class=\"wrapper contained\">\n        <ol class=\"breadcrumbs\" itemscope itemtype=\"https:\/\/schema.org\/BreadcrumbList\">\n            <li itemprop=\"itemListElement\" itemscope itemtype=\"https:\/\/schema.org\/ListItem\">\n            \n\n                            <span class=\"current\" itemprop=\"name\">Hem<\/span>\n            \n            <meta itemprop=\"position\" content=\"1\" \/>\n        <\/li>\n    <\/ol>    <\/div>\n<\/section>\n\n<section  class=\"nfc-block-person_grid alignwide layout-large\">\n    <div class=\"contained\">\n        <div class=\"grid\">\n            <div class=\"person-large-card\">\n    \n    <div class=\"featured_image\">\n                    <img loading=\"lazy\" decoding=\"async\" width=\"500\" height=\"750\" src=\"https:\/\/nyforetagarcentrum.se\/alingsas\/wp-content\/uploads\/sites\/80\/2024\/05\/Johan_Lindahl.jpg\" class=\"attachment-large size-large\" alt=\"\" srcset=\"https:\/\/nyforetagarcentrum.se\/alingsas\/wp-content\/uploads\/sites\/80\/2024\/05\/Johan_Lindahl.jpg 500w, https:\/\/nyforetagarcentrum.se\/alingsas\/wp-content\/uploads\/sites\/80\/2024\/05\/Johan_Lindahl-200x300.jpg 200w\" sizes=\"(max-width: 500px) 100vw, 500px\" \/>            <\/div>\n\n    <div class=\"content-wrapper\">\n        <h3>Johan Lindahl, ordf\u00f6rande<\/h3>\n\n                    <div class=\"excerpt\">\n                F\u00f6retagare            <\/div>\n        \n        <div class=\"links\">\n\n            \n                            <a href=\"mailto:johan@trifoliuminvest.se\">\n                    johan@trifoliuminvest.se                <\/a>\n                    <\/div>\n        \n    <\/div>\n<\/div><div class=\"person-large-card\">\n    \n    <div class=\"featured_image\">\n                    <img loading=\"lazy\" decoding=\"async\" width=\"500\" height=\"750\" src=\"https:\/\/nyforetagarcentrum.se\/alingsas\/wp-content\/uploads\/sites\/80\/2024\/05\/Mikael_Olsson.jpg\" class=\"attachment-large size-large\" alt=\"\" srcset=\"https:\/\/nyforetagarcentrum.se\/alingsas\/wp-content\/uploads\/sites\/80\/2024\/05\/Mikael_Olsson.jpg 500w, https:\/\/nyforetagarcentrum.se\/alingsas\/wp-content\/uploads\/sites\/80\/2024\/05\/Mikael_Olsson-200x300.jpg 200w\" sizes=\"(max-width: 500px) 100vw, 500px\" \/>            <\/div>\n\n    <div class=\"content-wrapper\">\n        <h3>Mikael Olsson, vice ordf\u00f6rande<\/h3>\n\n                    <div class=\"excerpt\">\n                Putsa AB            <\/div>\n        \n        <div class=\"links\">\n\n            \n                            <a href=\"mailto:mikael@putsa.se\">\n                    mikael@putsa.se                <\/a>\n                    <\/div>\n        \n    <\/div>\n<\/div><div class=\"person-large-card\">\n    \n    <div class=\"featured_image\">\n                    <img loading=\"lazy\" decoding=\"async\" width=\"500\" height=\"750\" src=\"https:\/\/nyforetagarcentrum.se\/alingsas\/wp-content\/uploads\/sites\/80\/2024\/05\/Annika_Ahlberg_Andersson.jpg\" class=\"attachment-large size-large\" alt=\"\" srcset=\"https:\/\/nyforetagarcentrum.se\/alingsas\/wp-content\/uploads\/sites\/80\/2024\/05\/Annika_Ahlberg_Andersson.jpg 500w, https:\/\/nyforetagarcentrum.se\/alingsas\/wp-content\/uploads\/sites\/80\/2024\/05\/Annika_Ahlberg_Andersson-200x300.jpg 200w\" sizes=\"(max-width: 500px) 100vw, 500px\" \/>            <\/div>\n\n    <div class=\"content-wrapper\">\n        <h3>Annika Ahlberg Andersson, kass\u00f6r<\/h3>\n\n                    <div class=\"excerpt\">\n                Alings\u00e5s revision            <\/div>\n        \n        <div class=\"links\">\n\n            \n                            <a href=\"mailto:annika@alirev.se\">\n                    annika@alirev.se                <\/a>\n                    <\/div>\n        \n    <\/div>\n<\/div><div class=\"person-large-card\">\n    \n    <div class=\"featured_image\">\n                    <img loading=\"lazy\" decoding=\"async\" width=\"432\" height=\"432\" src=\"https:\/\/nyforetagarcentrum.se\/alingsas\/wp-content\/uploads\/sites\/80\/2024\/05\/Anders-Albertsson.jpeg\" class=\"attachment-large size-large\" alt=\"\" srcset=\"https:\/\/nyforetagarcentrum.se\/alingsas\/wp-content\/uploads\/sites\/80\/2024\/05\/Anders-Albertsson.jpeg 432w, https:\/\/nyforetagarcentrum.se\/alingsas\/wp-content\/uploads\/sites\/80\/2024\/05\/Anders-Albertsson-300x300.jpeg 300w, https:\/\/nyforetagarcentrum.se\/alingsas\/wp-content\/uploads\/sites\/80\/2024\/05\/Anders-Albertsson-150x150.jpeg 150w\" sizes=\"(max-width: 432px) 100vw, 432px\" \/>            <\/div>\n\n    <div class=\"content-wrapper\">\n        <h3>Anders Albertsson<\/h3>\n\n                    <div class=\"excerpt\">\n                Stiftelsen Eken            <\/div>\n        \n        <div class=\"links\">\n\n            \n                            <a href=\"mailto:anders.albertsson@bkhacken.se\">\n                    anders.albertsson@bkhacken.se                <\/a>\n                    <\/div>\n        \n    <\/div>\n<\/div><div class=\"person-large-card\">\n    \n    <div class=\"featured_image\">\n                    <img loading=\"lazy\" decoding=\"async\" width=\"500\" height=\"750\" src=\"https:\/\/nyforetagarcentrum.se\/alingsas\/wp-content\/uploads\/sites\/80\/2024\/05\/Kenneth_Olsson.jpg\" class=\"attachment-large size-large\" alt=\"\" srcset=\"https:\/\/nyforetagarcentrum.se\/alingsas\/wp-content\/uploads\/sites\/80\/2024\/05\/Kenneth_Olsson.jpg 500w, https:\/\/nyforetagarcentrum.se\/alingsas\/wp-content\/uploads\/sites\/80\/2024\/05\/Kenneth_Olsson-200x300.jpg 200w\" sizes=\"(max-width: 500px) 100vw, 500px\" \/>            <\/div>\n\n    <div class=\"content-wrapper\">\n        <h3>Kenneth Olsson<\/h3>\n\n                    <div class=\"excerpt\">\n                Aff\u00e4rsutvecklingskonsult            <\/div>\n        \n        <div class=\"links\">\n\n            \n                            <a href=\"mailto:astrid.kenneth@telia.com\">\n                    astrid.kenneth@telia.com                <\/a>\n                    <\/div>\n        \n    <\/div>\n<\/div><div class=\"person-large-card\">\n    \n    <div class=\"featured_image\">\n                    <img loading=\"lazy\" decoding=\"async\" width=\"845\" height=\"1024\" src=\"https:\/\/nyforetagarcentrum.se\/alingsas\/wp-content\/uploads\/sites\/80\/2024\/03\/5cb437d5e953361000486186-845x1024.jpg\" class=\"attachment-large size-large\" alt=\"\" srcset=\"https:\/\/nyforetagarcentrum.se\/alingsas\/wp-content\/uploads\/sites\/80\/2024\/03\/5cb437d5e953361000486186-845x1024.jpg 845w, https:\/\/nyforetagarcentrum.se\/alingsas\/wp-content\/uploads\/sites\/80\/2024\/03\/5cb437d5e953361000486186-248x300.jpg 248w, https:\/\/nyforetagarcentrum.se\/alingsas\/wp-content\/uploads\/sites\/80\/2024\/03\/5cb437d5e953361000486186-768x931.jpg 768w, https:\/\/nyforetagarcentrum.se\/alingsas\/wp-content\/uploads\/sites\/80\/2024\/03\/5cb437d5e953361000486186-891x1080.jpg 891w, https:\/\/nyforetagarcentrum.se\/alingsas\/wp-content\/uploads\/sites\/80\/2024\/03\/5cb437d5e953361000486186.jpg 1080w\" sizes=\"(max-width: 845px) 100vw, 845px\" \/>            <\/div>\n\n    <div class=\"content-wrapper\">\n        <h3>Malin Hellt\u00e9n<\/h3>\n\n                    <div class=\"excerpt\">\n                Matting AB            <\/div>\n        \n        <div class=\"links\">\n\n            \n                            <a href=\"mailto:malin.hellten@matting.se\">\n                    malin.hellten@matting.se                <\/a>\n                    <\/div>\n        \n    <\/div>\n<\/div>        <\/div>\n    <\/div>\n<\/section>\n\n\n<div style=\"height:100px\" aria-hidden=\"true\" class=\"wp-block-spacer\"><\/div>\n","protected":false},"excerpt":{"rendered":"","protected":false},"author":1,"featured_media":0,"parent":0,"menu_order":0,"comment_status":"closed","ping_status":"closed","template":"","meta":{"footnotes":""},"acf":[],"yoast_head":"<!-- This site is optimized with the Yoast SEO plugin v22.9 - https:\/\/yoast.com\/wordpress\/plugins\/seo\/ -->\n<title>V\u00e5r styrelse - Alings\u00e5s<\/title>\n<meta name=\"description\" content=\"styrelse i nyf\u00f6retagarcentrum Alings\u00e5s\" \/>\n<meta name=\"robots\" content=\"index, follow, max-snippet:-1, max-image-preview:large, max-video-preview:-1\" \/>\n<link rel=\"canonical\" href=\"https:\/\/nyforetagarcentrum.se\/alingsas\/var-styrelse\/\" \/>\n<meta property=\"og:locale\" content=\"sv_SE\" \/>\n<meta property=\"og:type\" content=\"article\" \/>\n<meta property=\"og:title\" content=\"V\u00e5r styrelse - Alings\u00e5s\" \/>\n<meta property=\"og:description\" content=\"styrelse i nyf\u00f6retagarcentrum Alings\u00e5s\" \/>\n<meta property=\"og:url\" content=\"https:\/\/nyforetagarcentrum.se\/alingsas\/var-styrelse\/\" \/>\n<meta property=\"og:site_name\" content=\"Alings\u00e5s\" \/>\n<meta property=\"article:modified_time\" content=\"2024-06-09T09:33:34+00:00\" \/>\n<meta name=\"twitter:card\" content=\"summary_large_image\" \/>\n<script type=\"application\/ld+json\" class=\"yoast-schema-graph\">{\"@context\":\"https:\/\/schema.org\",\"@graph\":[{\"@type\":\"WebPage\",\"@id\":\"https:\/\/nyforetagarcentrum.se\/alingsas\/var-styrelse\/\",\"url\":\"https:\/\/nyforetagarcentrum.se\/alingsas\/var-styrelse\/\",\"name\":\"V\u00e5r styrelse - Alings\u00e5s\",\"isPartOf\":{\"@id\":\"https:\/\/nyforetagarcentrum.se\/alingsas\/#website\"},\"datePublished\":\"2024-02-27T15:05:17+00:00\",\"dateModified\":\"2024-06-09T09:33:34+00:00\",\"description\":\"styrelse i nyf\u00f6retagarcentrum Alings\u00e5s\",\"breadcrumb\":{\"@id\":\"https:\/\/nyforetagarcentrum.se\/alingsas\/var-styrelse\/#breadcrumb\"},\"inLanguage\":\"sv-SE\",\"potentialAction\":[{\"@type\":\"ReadAction\",\"target\":[\"https:\/\/nyforetagarcentrum.se\/alingsas\/var-styrelse\/\"]}]},{\"@type\":\"BreadcrumbList\",\"@id\":\"https:\/\/nyforetagarcentrum.se\/alingsas\/var-styrelse\/#breadcrumb\",\"itemListElement\":[{\"@type\":\"ListItem\",\"position\":1,\"name\":\"Hem\",\"item\":\"https:\/\/nyforetagarcentrum.se\/alingsas\/\"},{\"@type\":\"ListItem\",\"position\":2,\"name\":\"V\u00e5r styrelse\"}]},{\"@type\":\"WebSite\",\"@id\":\"https:\/\/nyforetagarcentrum.se\/alingsas\/#website\",\"url\":\"https:\/\/nyforetagarcentrum.se\/alingsas\/\",\"name\":\"Alings\u00e5s\",\"description\":\"Sveriges ledande kraft f\u00f6r fler nya livskraftiga f\u00f6retag\",\"publisher\":{\"@id\":\"https:\/\/nyforetagarcentrum.se\/alingsas\/#organization\"},\"potentialAction\":[{\"@type\":\"SearchAction\",\"target\":{\"@type\":\"EntryPoint\",\"urlTemplate\":\"https:\/\/nyforetagarcentrum.se\/alingsas\/?s={search_term_string}\"},\"query-input\":\"required name=search_term_string\"}],\"inLanguage\":\"sv-SE\"},{\"@type\":\"Organization\",\"@id\":\"https:\/\/nyforetagarcentrum.se\/alingsas\/#organization\",\"name\":\"Alings\u00e5s\",\"url\":\"https:\/\/nyforetagarcentrum.se\/alingsas\/\",\"logo\":{\"@type\":\"ImageObject\",\"inLanguage\":\"sv-SE\",\"@id\":\"https:\/\/nyforetagarcentrum.se\/alingsas\/#\/schema\/logo\/image\/\",\"url\":\"https:\/\/nyforetagarcentrum.se\/alingsas\/wp-content\/uploads\/sites\/80\/2024\/07\/alingsas_bla.png\",\"contentUrl\":\"https:\/\/nyforetagarcentrum.se\/alingsas\/wp-content\/uploads\/sites\/80\/2024\/07\/alingsas_bla.png\",\"width\":870,\"height\":355,\"caption\":\"Alings\u00e5s\"},\"image\":{\"@id\":\"https:\/\/nyforetagarcentrum.se\/alingsas\/#\/schema\/logo\/image\/\"}}]}<\/script>\n<!-- \/ Yoast SEO plugin. -->","yoast_head_json":{"title":"V\u00e5r styrelse - Alings\u00e5s","description":"styrelse i nyf\u00f6retagarcentrum Alings\u00e5s","robots":{"index":"index","follow":"follow","max-snippet":"max-snippet:-1","max-image-preview":"max-image-preview:large","max-video-preview":"max-video-preview:-1"},"canonical":"https:\/\/nyforetagarcentrum.se\/alingsas\/var-styrelse\/","og_locale":"sv_SE","og_type":"article","og_title":"V\u00e5r styrelse - Alings\u00e5s","og_description":"styrelse i nyf\u00f6retagarcentrum Alings\u00e5s","og_url":"https:\/\/nyforetagarcentrum.se\/alingsas\/var-styrelse\/","og_site_name":"Alings\u00e5s","article_modified_time":"2024-06-09T09:33:34+00:00","twitter_card":"summary_large_image","schema":{"@context":"https:\/\/schema.org","@graph":[{"@type":"WebPage","@id":"https:\/\/nyforetagarcentrum.se\/alingsas\/var-styrelse\/","url":"https:\/\/nyforetagarcentrum.se\/alingsas\/var-styrelse\/","name":"V\u00e5r styrelse - Alings\u00e5s","isPartOf":{"@id":"https:\/\/nyforetagarcentrum.se\/alingsas\/#website"},"datePublished":"2024-02-27T15:05:17+00:00","dateModified":"2024-06-09T09:33:34+00:00","description":"styrelse i nyf\u00f6retagarcentrum Alings\u00e5s","breadcrumb":{"@id":"https:\/\/nyforetagarcentrum.se\/alingsas\/var-styrelse\/#breadcrumb"},"inLanguage":"sv-SE","potentialAction":[{"@type":"ReadAction","target":["https:\/\/nyforetagarcentrum.se\/alingsas\/var-styrelse\/"]}]},{"@type":"BreadcrumbList","@id":"https:\/\/nyforetagarcentrum.se\/alingsas\/var-styrelse\/#breadcrumb","itemListElement":[{"@type":"ListItem","position":1,"name":"Hem","item":"https:\/\/nyforetagarcentrum.se\/alingsas\/"},{"@type":"ListItem","position":2,"name":"V\u00e5r styrelse"}]},{"@type":"WebSite","@id":"https:\/\/nyforetagarcentrum.se\/alingsas\/#website","url":"https:\/\/nyforetagarcentrum.se\/alingsas\/","name":"Alings\u00e5s","description":"Sveriges ledande kraft f\u00f6r fler nya livskraftiga f\u00f6retag","publisher":{"@id":"https:\/\/nyforetagarcentrum.se\/alingsas\/#organization"},"potentialAction":[{"@type":"SearchAction","target":{"@type":"EntryPoint","urlTemplate":"https:\/\/nyforetagarcentrum.se\/alingsas\/?s={search_term_string}"},"query-input":"required name=search_term_string"}],"inLanguage":"sv-SE"},{"@type":"Organization","@id":"https:\/\/nyforetagarcentrum.se\/alingsas\/#organization","name":"Alings\u00e5s","url":"https:\/\/nyforetagarcentrum.se\/alingsas\/","logo":{"@type":"ImageObject","inLanguage":"sv-SE","@id":"https:\/\/nyforetagarcentrum.se\/alingsas\/#\/schema\/logo\/image\/","url":"https:\/\/nyforetagarcentrum.se\/alingsas\/wp-content\/uploads\/sites\/80\/2024\/07\/alingsas_bla.png","contentUrl":"https:\/\/nyforetagarcentrum.se\/alingsas\/wp-content\/uploads\/sites\/80\/2024\/07\/alingsas_bla.png","width":870,"height":355,"caption":"Alings\u00e5s"},"image":{"@id":"https:\/\/nyforetagarcentrum.se\/alingsas\/#\/schema\/logo\/image\/"}}]}},"_links":{"self":[{"href":"https:\/\/nyforetagarcentrum.se\/alingsas\/wp-json\/wp\/v2\/pages\/164"}],"collection":[{"href":"https:\/\/nyforetagarcentrum.se\/alingsas\/wp-json\/wp\/v2\/pages"}],"about":[{"href":"https:\/\/nyforetagarcentrum.se\/alingsas\/wp-json\/wp\/v2\/types\/page"}],"author":[{"embeddable":true,"href":"https:\/\/nyforetagarcentrum.se\/alingsas\/wp-json\/wp\/v2\/users\/1"}],"replies":[{"embeddable":true,"href":"https:\/\/nyforetagarcentrum.se\/alingsas\/wp-json\/wp\/v2\/comments?post=164"}],"version-history":[{"count":21,"href":"https:\/\/nyforetagarcentrum.se\/alingsas\/wp-json\/wp\/v2\/pages\/164\/revisions"}],"predecessor-version":[{"id":630,"href":"https:\/\/nyforetagarcentrum.se\/alingsas\/wp-json\/wp\/v2\/pages\/164\/revisions\/630"}],"wp:attachment":[{"href":"https:\/\/nyforetagarcentrum.se\/alingsas\/wp-json\/wp\/v2\/media?parent=164"}],"curies":[{"name":"wp","href":"https:\/\/api.w.org\/{rel}","templated":true}]}}