{"id":161,"date":"2024-02-27T16:04:37","date_gmt":"2024-02-27T15:04:37","guid":{"rendered":"https:\/\/nyforetagarcentrum.se\/alingsas\/?page_id=161"},"modified":"2025-04-30T10:29:42","modified_gmt":"2025-04-30T08:29:42","slug":"om-oss","status":"publish","type":"page","link":"https:\/\/nyforetagarcentrum.se\/alingsas\/om-oss\/","title":{"rendered":"Om oss"},"content":{"rendered":"<section  class=\"nfc-block-hero alignfull\">\n\n    <img loading=\"lazy\" decoding=\"async\" width=\"714\" height=\"622\" src=\"https:\/\/nyforetagarcentrum.se\/alingsas\/wp-content\/uploads\/sites\/80\/2024\/02\/ySLeov8m_8.png\" class=\"attachment-landscape size-landscape\" alt=\"\" srcset=\"https:\/\/nyforetagarcentrum.se\/alingsas\/wp-content\/uploads\/sites\/80\/2024\/02\/ySLeov8m_8.png 714w, https:\/\/nyforetagarcentrum.se\/alingsas\/wp-content\/uploads\/sites\/80\/2024\/02\/ySLeov8m_8-300x261.png 300w\" sizes=\"(max-width: 714px) 100vw, 714px\" \/>\n    <div class=\"contained\">\n        <h1 class=\"nfc-block-hero__heading\">Om oss<\/h1>\n\n            <\/div>\n<\/section>\n\n\n<div style=\"height:100px\" aria-hidden=\"true\" class=\"wp-block-spacer\"><\/div>\n\n\n<section  class=\"nfc-block-split_screen alignwide image_alignment-left\">\n    <div class=\"wrapper\">\n        <div class=\"nfc-block-split_screen__image-wrapper\">\n            <img loading=\"lazy\" decoding=\"async\" width=\"1469\" height=\"981\" src=\"https:\/\/nyforetagarcentrum.se\/alingsas\/wp-content\/uploads\/sites\/80\/2024\/02\/4083b98ac6a43f162142a286decbc08f.png\" class=\"attachment-landscape size-landscape\" alt=\"\" srcset=\"https:\/\/nyforetagarcentrum.se\/alingsas\/wp-content\/uploads\/sites\/80\/2024\/02\/4083b98ac6a43f162142a286decbc08f.png 1469w, https:\/\/nyforetagarcentrum.se\/alingsas\/wp-content\/uploads\/sites\/80\/2024\/02\/4083b98ac6a43f162142a286decbc08f-300x200.png 300w, https:\/\/nyforetagarcentrum.se\/alingsas\/wp-content\/uploads\/sites\/80\/2024\/02\/4083b98ac6a43f162142a286decbc08f-1024x684.png 1024w, https:\/\/nyforetagarcentrum.se\/alingsas\/wp-content\/uploads\/sites\/80\/2024\/02\/4083b98ac6a43f162142a286decbc08f-768x513.png 768w\" sizes=\"(max-width: 1469px) 100vw, 1469px\" \/>        <\/div>\n\n        <div class=\"nfc-block-split_screen__content-wrapper\">\n            <h2>V\u00e5r verksamhet<\/h2>\n<p>Nyf\u00f6retagarCentrum Alings\u00e5s startades 2019 och ger dig som funderar p\u00e5 att starta f\u00f6retag eller nyligen har startat eget m\u00f6jlighet till kostnadsfri r\u00e5dgivning. Vi har sedan starten till slutet av 2023 gett r\u00e5dgivning till \u00f6ver 200 personer, varav 108 f\u00f6retag har startats.<\/p>\n<p>Vi har erfarna r\u00e5dgivare, som \u00e4r f\u00f6retagare och har kunskap om de lokala f\u00f6ruts\u00e4ttningarna. De hj\u00e4lper dig med fr\u00e5gor kring aff\u00e4rsid\u00e9 och annat som har med f\u00f6retagande att g\u00f6ra. Vi erbjuder allts\u00e5 \u201dr\u00e5dgivning fr\u00e5n f\u00f6retagare till blivande f\u00f6retagare\u201d.<\/p>\n<p>N\u00e4r du har varit p\u00e5 r\u00e5dgivning hos oss, kommer du att vara b\u00e4ttre f\u00f6rberedd f\u00f6r livet som egenf\u00f6retagare. R\u00e5dgivningen \u00e4r kostnadsfri tack vare v\u00e5rt n\u00e4tverk av samarbetspartner, som st\u00f6der oss med pengar, personlig expertis och engagemang.<\/p>\n\n                            <div class=\"nfc-block-split_screen__buttons\">\n                                            <a href=\"vara-samarbetspartners\/\" class=\"button outlined\">V\u00e5ra samarbetspartners<\/a>\n                                    <\/div>\n            \n        <\/div>\n    <\/div>\n<\/section>\n\n\n<div style=\"height:50px\" aria-hidden=\"true\" class=\"wp-block-spacer\"><\/div>\n\n\n\n<div class=\"wp-block-group alignfull has-white-background-color has-background is-layout-constrained wp-block-group-is-layout-constrained\">\n<div style=\"height:51px\" aria-hidden=\"true\" class=\"wp-block-spacer\"><\/div>\n\n\n<section  class=\"nfc-block-quote contained alignfull\">\n    <div class=\"wrapper contained\">\n        <p class=\"quote h2\">Vi har fr\u00e5n starten 2019 till och med 2023 hj\u00e4lpt 108 f\u00f6retag att starta sin verksamhet i Alings\u00e5s<\/p>\n        <div class=\"author\">\n            <div class=\"avatar\">\n                            <\/div>\n            <div class=\"text\">\n                <p class=\"name\"><\/p>\n                <p class=\"subtitle\"><\/p>\n            <\/div>\n        <\/div>\n    <\/div>\n<\/section>\n\n\n<div style=\"height:51px\" aria-hidden=\"true\" class=\"wp-block-spacer\"><\/div>\n\n\n\n<div class=\"wp-block-columns alignwide is-layout-flex wp-container-core-columns-is-layout-1 wp-block-columns-is-layout-flex\">\n<div class=\"wp-block-column is-layout-flow wp-block-column-is-layout-flow\">\n<p class=\"no-margin\" style=\"font-size:100px;font-style:normal;font-weight:700\">50%<\/p>\n\n\n\n<p class=\"has-text-color has-link-color wp-elements-b5bacfb0150c1c46861e746c793b1354\" style=\"color:#4d4d4d\">Av de som kommer p\u00e5 r\u00e5dgivning hos oss \u00e4r kvinnor<\/p>\n<\/div>\n\n\n\n<div class=\"wp-block-column is-layout-flow wp-block-column-is-layout-flow\">\n<p class=\"no-margin\" style=\"font-size:100px;font-style:normal;font-weight:700\">241<\/p>\n\n\n\n<p class=\"has-text-color has-link-color wp-elements-c68b31a6f18f2eeacced07cd95e341ab\" style=\"color:#4d4d4d\">Sedan starten 2019 tom 2024 har vi hj\u00e4lpt 224 nyf\u00f6retagare med personlig r\u00e5dgivning<\/p>\n<\/div>\n\n\n\n<div class=\"wp-block-column is-layout-flow wp-block-column-is-layout-flow\">\n<p class=\"no-margin\" style=\"font-size:100px;font-style:normal;font-weight:700\">127<\/p>\n\n\n\n<p class=\"has-text-color has-link-color wp-elements-b0c68df7c8d9784574f8b933e200d034\" style=\"color:#4d4d4d\">Sedan starten 2019 tom 2024 har 108 f\u00f6retag startas via Nyf\u00f6retagarCentrum Alings\u00e5s<\/p>\n<\/div>\n<\/div>\n\n\n\n<div style=\"height:51px\" aria-hidden=\"true\" class=\"wp-block-spacer\"><\/div>\n\n\n\n<div style=\"height:51px\" aria-hidden=\"true\" class=\"wp-block-spacer\"><\/div>\n<\/div>\n\n\n\n<div style=\"height:50px\" aria-hidden=\"true\" class=\"wp-block-spacer\"><\/div>\n\n\n\n<h2 class=\"wp-block-heading has-text-align-center\">\u00c4r ditt f\u00f6retag eller organisation intresserad av att st\u00f6da Nyf\u00f6retagarCentrum Alings\u00e5s arbete?<\/h2>\n\n\n\n<div class=\"wp-block-group alignfull is-layout-constrained wp-block-group-is-layout-constrained\"><section  class=\"nfc-block-form aligncontent layout-small\">\n    <div class=\"contained\">\n\n        <form data-nfc-form=\"block_8657e963f7cccaa2b6037a7b72798bbc\" data-nfc-page=\"161\">\n            <label class=\"input-wrapper\" for=\"namn\">\n    <span>Namn<\/span>\n    <input type=\"text\" name=\"namn\" id=\"namn\" placeholder=\"\" >\n<\/label><label class=\"input-wrapper\" for=\"foretag-eller-organisation\">\n    <span>F\u00f6retag eller organisation<\/span>\n    <input type=\"text\" name=\"foretag-eller-organisation\" id=\"foretag-eller-organisation\" placeholder=\"\" >\n<\/label><label class=\"input-wrapper\" for=\"e-post\">\n    <span>E-post<\/span>\n    <input type=\"text\" name=\"e-post\" id=\"e-post\" placeholder=\"\" >\n<\/label>\n            <div class=\"input-wrapper\">\n                <button type=\"submit\" class=\"button\">Skicka<\/button>\n            <\/div>\n        <\/form>\n    <\/div>\n<\/section><\/div>\n\n\n\n<div style=\"height:100px\" aria-hidden=\"true\" class=\"wp-block-spacer\"><\/div>\n","protected":false},"excerpt":{"rendered":"<p>50% Av de som kommer p\u00e5 r\u00e5dgivning hos oss \u00e4r kvinnor 241 Sedan starten 2019 tom 2024 har vi hj\u00e4lpt 224 nyf\u00f6retagare med personlig r\u00e5dgivning 127 Sedan starten 2019 tom 2024 har 108 f\u00f6retag startas via Nyf\u00f6retagarCentrum Alings\u00e5s \u00c4r ditt f\u00f6retag eller organisation intresserad av att st\u00f6da Nyf\u00f6retagarCentrum Alings\u00e5s arbete?<\/p>\n","protected":false},"author":1,"featured_media":0,"parent":0,"menu_order":0,"comment_status":"closed","ping_status":"closed","template":"","meta":{"footnotes":""},"acf":[],"yoast_head":"<!-- This site is optimized with the Yoast SEO plugin v22.9 - https:\/\/yoast.com\/wordpress\/plugins\/seo\/ -->\n<title>Om oss - Alings\u00e5s<\/title>\n<meta name=\"description\" content=\"Nyf\u00f6retagarCentrum Alings\u00e5s, startat 2019, erbjuder kostnadsfri r\u00e5dgivning f\u00f6r dig som funderar p\u00e5 starta eller nyligen har startat f\u00f6retag.\" \/>\n<meta name=\"robots\" content=\"index, follow, max-snippet:-1, max-image-preview:large, max-video-preview:-1\" \/>\n<link rel=\"canonical\" href=\"https:\/\/nyforetagarcentrum.se\/alingsas\/om-oss\/\" \/>\n<meta property=\"og:locale\" content=\"sv_SE\" \/>\n<meta property=\"og:type\" content=\"article\" \/>\n<meta property=\"og:title\" content=\"Om oss - Alings\u00e5s\" \/>\n<meta property=\"og:description\" content=\"Nyf\u00f6retagarCentrum Alings\u00e5s, startat 2019, erbjuder kostnadsfri r\u00e5dgivning f\u00f6r dig som funderar p\u00e5 starta eller nyligen har startat f\u00f6retag.\" \/>\n<meta property=\"og:url\" content=\"https:\/\/nyforetagarcentrum.se\/alingsas\/om-oss\/\" \/>\n<meta property=\"og:site_name\" content=\"Alings\u00e5s\" \/>\n<meta property=\"article:modified_time\" content=\"2025-04-30T08:29:42+00:00\" \/>\n<meta name=\"twitter:card\" content=\"summary_large_image\" \/>\n<meta name=\"twitter:label1\" content=\"Ber\u00e4knad l\u00e4stid\" \/>\n\t<meta name=\"twitter:data1\" content=\"1 minut\" \/>\n<script type=\"application\/ld+json\" class=\"yoast-schema-graph\">{\"@context\":\"https:\/\/schema.org\",\"@graph\":[{\"@type\":\"WebPage\",\"@id\":\"https:\/\/nyforetagarcentrum.se\/alingsas\/om-oss\/\",\"url\":\"https:\/\/nyforetagarcentrum.se\/alingsas\/om-oss\/\",\"name\":\"Om oss - Alings\u00e5s\",\"isPartOf\":{\"@id\":\"https:\/\/nyforetagarcentrum.se\/alingsas\/#website\"},\"datePublished\":\"2024-02-27T15:04:37+00:00\",\"dateModified\":\"2025-04-30T08:29:42+00:00\",\"description\":\"Nyf\u00f6retagarCentrum Alings\u00e5s, startat 2019, erbjuder kostnadsfri r\u00e5dgivning f\u00f6r dig som funderar p\u00e5 starta eller nyligen har startat f\u00f6retag.\",\"breadcrumb\":{\"@id\":\"https:\/\/nyforetagarcentrum.se\/alingsas\/om-oss\/#breadcrumb\"},\"inLanguage\":\"sv-SE\",\"potentialAction\":[{\"@type\":\"ReadAction\",\"target\":[\"https:\/\/nyforetagarcentrum.se\/alingsas\/om-oss\/\"]}]},{\"@type\":\"BreadcrumbList\",\"@id\":\"https:\/\/nyforetagarcentrum.se\/alingsas\/om-oss\/#breadcrumb\",\"itemListElement\":[{\"@type\":\"ListItem\",\"position\":1,\"name\":\"Hem\",\"item\":\"https:\/\/nyforetagarcentrum.se\/alingsas\/\"},{\"@type\":\"ListItem\",\"position\":2,\"name\":\"Om oss\"}]},{\"@type\":\"WebSite\",\"@id\":\"https:\/\/nyforetagarcentrum.se\/alingsas\/#website\",\"url\":\"https:\/\/nyforetagarcentrum.se\/alingsas\/\",\"name\":\"Alings\u00e5s\",\"description\":\"Sveriges ledande kraft f\u00f6r fler nya livskraftiga f\u00f6retag\",\"publisher\":{\"@id\":\"https:\/\/nyforetagarcentrum.se\/alingsas\/#organization\"},\"potentialAction\":[{\"@type\":\"SearchAction\",\"target\":{\"@type\":\"EntryPoint\",\"urlTemplate\":\"https:\/\/nyforetagarcentrum.se\/alingsas\/?s={search_term_string}\"},\"query-input\":\"required name=search_term_string\"}],\"inLanguage\":\"sv-SE\"},{\"@type\":\"Organization\",\"@id\":\"https:\/\/nyforetagarcentrum.se\/alingsas\/#organization\",\"name\":\"Alings\u00e5s\",\"url\":\"https:\/\/nyforetagarcentrum.se\/alingsas\/\",\"logo\":{\"@type\":\"ImageObject\",\"inLanguage\":\"sv-SE\",\"@id\":\"https:\/\/nyforetagarcentrum.se\/alingsas\/#\/schema\/logo\/image\/\",\"url\":\"https:\/\/nyforetagarcentrum.se\/alingsas\/wp-content\/uploads\/sites\/80\/2024\/07\/alingsas_bla.png\",\"contentUrl\":\"https:\/\/nyforetagarcentrum.se\/alingsas\/wp-content\/uploads\/sites\/80\/2024\/07\/alingsas_bla.png\",\"width\":870,\"height\":355,\"caption\":\"Alings\u00e5s\"},\"image\":{\"@id\":\"https:\/\/nyforetagarcentrum.se\/alingsas\/#\/schema\/logo\/image\/\"}}]}<\/script>\n<!-- \/ Yoast SEO plugin. -->","yoast_head_json":{"title":"Om oss - Alings\u00e5s","description":"Nyf\u00f6retagarCentrum Alings\u00e5s, startat 2019, erbjuder kostnadsfri r\u00e5dgivning f\u00f6r dig som funderar p\u00e5 starta eller nyligen har startat f\u00f6retag.","robots":{"index":"index","follow":"follow","max-snippet":"max-snippet:-1","max-image-preview":"max-image-preview:large","max-video-preview":"max-video-preview:-1"},"canonical":"https:\/\/nyforetagarcentrum.se\/alingsas\/om-oss\/","og_locale":"sv_SE","og_type":"article","og_title":"Om oss - Alings\u00e5s","og_description":"Nyf\u00f6retagarCentrum Alings\u00e5s, startat 2019, erbjuder kostnadsfri r\u00e5dgivning f\u00f6r dig som funderar p\u00e5 starta eller nyligen har startat f\u00f6retag.","og_url":"https:\/\/nyforetagarcentrum.se\/alingsas\/om-oss\/","og_site_name":"Alings\u00e5s","article_modified_time":"2025-04-30T08:29:42+00:00","twitter_card":"summary_large_image","twitter_misc":{"Ber\u00e4knad l\u00e4stid":"1 minut"},"schema":{"@context":"https:\/\/schema.org","@graph":[{"@type":"WebPage","@id":"https:\/\/nyforetagarcentrum.se\/alingsas\/om-oss\/","url":"https:\/\/nyforetagarcentrum.se\/alingsas\/om-oss\/","name":"Om oss - Alings\u00e5s","isPartOf":{"@id":"https:\/\/nyforetagarcentrum.se\/alingsas\/#website"},"datePublished":"2024-02-27T15:04:37+00:00","dateModified":"2025-04-30T08:29:42+00:00","description":"Nyf\u00f6retagarCentrum Alings\u00e5s, startat 2019, erbjuder kostnadsfri r\u00e5dgivning f\u00f6r dig som funderar p\u00e5 starta eller nyligen har startat f\u00f6retag.","breadcrumb":{"@id":"https:\/\/nyforetagarcentrum.se\/alingsas\/om-oss\/#breadcrumb"},"inLanguage":"sv-SE","potentialAction":[{"@type":"ReadAction","target":["https:\/\/nyforetagarcentrum.se\/alingsas\/om-oss\/"]}]},{"@type":"BreadcrumbList","@id":"https:\/\/nyforetagarcentrum.se\/alingsas\/om-oss\/#breadcrumb","itemListElement":[{"@type":"ListItem","position":1,"name":"Hem","item":"https:\/\/nyforetagarcentrum.se\/alingsas\/"},{"@type":"ListItem","position":2,"name":"Om oss"}]},{"@type":"WebSite","@id":"https:\/\/nyforetagarcentrum.se\/alingsas\/#website","url":"https:\/\/nyforetagarcentrum.se\/alingsas\/","name":"Alings\u00e5s","description":"Sveriges ledande kraft f\u00f6r fler nya livskraftiga f\u00f6retag","publisher":{"@id":"https:\/\/nyforetagarcentrum.se\/alingsas\/#organization"},"potentialAction":[{"@type":"SearchAction","target":{"@type":"EntryPoint","urlTemplate":"https:\/\/nyforetagarcentrum.se\/alingsas\/?s={search_term_string}"},"query-input":"required name=search_term_string"}],"inLanguage":"sv-SE"},{"@type":"Organization","@id":"https:\/\/nyforetagarcentrum.se\/alingsas\/#organization","name":"Alings\u00e5s","url":"https:\/\/nyforetagarcentrum.se\/alingsas\/","logo":{"@type":"ImageObject","inLanguage":"sv-SE","@id":"https:\/\/nyforetagarcentrum.se\/alingsas\/#\/schema\/logo\/image\/","url":"https:\/\/nyforetagarcentrum.se\/alingsas\/wp-content\/uploads\/sites\/80\/2024\/07\/alingsas_bla.png","contentUrl":"https:\/\/nyforetagarcentrum.se\/alingsas\/wp-content\/uploads\/sites\/80\/2024\/07\/alingsas_bla.png","width":870,"height":355,"caption":"Alings\u00e5s"},"image":{"@id":"https:\/\/nyforetagarcentrum.se\/alingsas\/#\/schema\/logo\/image\/"}}]}},"_links":{"self":[{"href":"https:\/\/nyforetagarcentrum.se\/alingsas\/wp-json\/wp\/v2\/pages\/161"}],"collection":[{"href":"https:\/\/nyforetagarcentrum.se\/alingsas\/wp-json\/wp\/v2\/pages"}],"about":[{"href":"https:\/\/nyforetagarcentrum.se\/alingsas\/wp-json\/wp\/v2\/types\/page"}],"author":[{"embeddable":true,"href":"https:\/\/nyforetagarcentrum.se\/alingsas\/wp-json\/wp\/v2\/users\/1"}],"replies":[{"embeddable":true,"href":"https:\/\/nyforetagarcentrum.se\/alingsas\/wp-json\/wp\/v2\/comments?post=161"}],"version-history":[{"count":23,"href":"https:\/\/nyforetagarcentrum.se\/alingsas\/wp-json\/wp\/v2\/pages\/161\/revisions"}],"predecessor-version":[{"id":866,"href":"https:\/\/nyforetagarcentrum.se\/alingsas\/wp-json\/wp\/v2\/pages\/161\/revisions\/866"}],"wp:attachment":[{"href":"https:\/\/nyforetagarcentrum.se\/alingsas\/wp-json\/wp\/v2\/media?parent=161"}],"curies":[{"name":"wp","href":"https:\/\/api.w.org\/{rel}","templated":true}]}}